{"id":2446,"date":"2024-12-16T13:59:00","date_gmt":"2024-12-16T11:59:00","guid":{"rendered":"https:\/\/cosmoflag.com\/?post_type=product&#038;p=2446"},"modified":"2025-08-12T21:20:54","modified_gmt":"2025-08-12T19:20:54","slug":"algerien-fahne","status":"publish","type":"product","link":"https:\/\/cosmoflag.com\/de\/produkt\/algerien-fahne\/","title":{"rendered":"Algerien Flagge"},"content":{"rendered":"<h3>Merkmale der algerischen Flagge<\/h3>\n<p>Unsere Algerien-Flagge ist aus hochwertigem Polyester gefertigt und somit ideal f\u00fcr den dauerhaften Einsatz im Innen- und Au\u00dfenbereich geeignet. Sie ist mit Metall\u00f6sen versehen, die eine einfache Montage und einen sicheren Halt auch bei widrigen Wetterverh\u00e4ltnissen garantieren. Erh\u00e4ltlich in einer Gr\u00f6\u00dfe von 90 x 150 cm f\u00fcr maximale Sichtbarkeit, unsere Flagge erf\u00fcllt eine Vielzahl von Bed\u00fcrfnissen, ob Sie es auf einem Mast oder einer Wand zeigen wollen.<\/p>\n<h3>Ein geschichtstr\u00e4chtiges nationales Symbol<\/h3>\n<p>Die algerische Flagge mit ihren zwei vertikalen H\u00e4lften in Gr\u00fcn und Wei\u00df, einem roten Halbmond und einem f\u00fcnfzackigen Stern in der Mitte ist viel mehr als nur ein nationales Banner. Das Gr\u00fcn, das 1962 nach der Unabh\u00e4ngigkeit von Frankreich eingef\u00fchrt wurde, symbolisiert den Islam, das Wei\u00df steht f\u00fcr Reinheit und das Rot f\u00fcr Freiheit. Der Halbmond und der Stern sind traditionelle Symbole des Islams, aber auch eine Erinnerung an die Revolution und den Kampf um die Unabh\u00e4ngigkeit. Diese Flagge ist nicht nur ein dekoratives Element, sondern sie verk\u00f6rpert die Bestrebungen, den Mut und die Identit\u00e4t der algerischen Nation.<\/p>\n<h3>Vielseitigkeit der Nutzung<\/h3>\n<p>Ob f\u00fcr nationale Feiern, Sportveranstaltungen oder Bildungszwecke, die algerische Flagge eignet sich f\u00fcr alle Anl\u00e4sse. Das robuste Design und die verblassungsresistenten Farben sorgen daf\u00fcr, dass die Fahne ihre Bedeutung und ihre visuelle Wirkung \u00fcber lange Zeit beibeh\u00e4lt.<\/p>","protected":false},"excerpt":{"rendered":"<p>150 x 90 cm gro\u00dfe Flagge mit 2 stabilen Metall\u00f6sen zum sicheren Aufh\u00e4ngen.<\/p>","protected":false},"featured_media":1795,"comment_status":"open","ping_status":"closed","template":"","meta":{"_gspb_post_css":"","iawp_total_views":16},"product_brand":[],"product_cat":[60,58],"product_tag":[],"class_list":{"0":"post-2446","1":"product","2":"type-product","3":"status-publish","4":"has-post-thumbnail","6":"product_cat-africa-flags","7":"product_cat-country-flags","9":"first","10":"instock","11":"sale","12":"shipping-taxable","13":"purchasable","14":"product-type-simple"},"_links":{"self":[{"href":"https:\/\/cosmoflag.com\/de\/wp-json\/wp\/v2\/product\/2446","targetHints":{"allow":["GET"]}}],"collection":[{"href":"https:\/\/cosmoflag.com\/de\/wp-json\/wp\/v2\/product"}],"about":[{"href":"https:\/\/cosmoflag.com\/de\/wp-json\/wp\/v2\/types\/product"}],"replies":[{"embeddable":true,"href":"https:\/\/cosmoflag.com\/de\/wp-json\/wp\/v2\/comments?post=2446"}],"wp:featuredmedia":[{"embeddable":true,"href":"https:\/\/cosmoflag.com\/de\/wp-json\/wp\/v2\/media\/1795"}],"wp:attachment":[{"href":"https:\/\/cosmoflag.com\/de\/wp-json\/wp\/v2\/media?parent=2446"}],"wp:term":[{"taxonomy":"product_brand","embeddable":true,"href":"https:\/\/cosmoflag.com\/de\/wp-json\/wp\/v2\/product_brand?post=2446"},{"taxonomy":"product_cat","embeddable":true,"href":"https:\/\/cosmoflag.com\/de\/wp-json\/wp\/v2\/product_cat?post=2446"},{"taxonomy":"product_tag","embeddable":true,"href":"https:\/\/cosmoflag.com\/de\/wp-json\/wp\/v2\/product_tag?post=2446"}],"curies":[{"name":"wp","href":"https:\/\/api.w.org\/{rel}","templated":true}]}}