{"id":2440,"date":"2024-12-16T13:38:00","date_gmt":"2024-12-16T11:38:00","guid":{"rendered":"https:\/\/cosmoflag.com\/?post_type=product&#038;p=2440"},"modified":"2025-08-12T21:20:56","modified_gmt":"2025-08-12T19:20:56","slug":"usa-fahne","status":"publish","type":"product","link":"https:\/\/cosmoflag.com\/de\/produkt\/usa-fahne\/","title":{"rendered":"USA-Flagge"},"content":{"rendered":"<h3>USA-Flagge Merkmale<\/h3>\n<p>Unsere USA-Flagge besteht aus hochwertigem Polyester und ist daher ideal f\u00fcr den dauerhaften Einsatz im Innen- und Au\u00dfenbereich geeignet. Sie ist mit Metall\u00f6sen versehen, die eine einfache Montage und einen sicheren Halt auch bei widrigen Wetterbedingungen gew\u00e4hrleisten. Erh\u00e4ltlich in einer Gr\u00f6\u00dfe von 90 x 150 cm f\u00fcr maximale Sichtbarkeit, unsere Flagge erf\u00fcllt eine Vielzahl von Bed\u00fcrfnissen, ob Sie es auf einen Mast oder eine Wand zeigen wollen.<\/p>\n<h3>Ein geschichtstr\u00e4chtiges nationales Symbol<\/h3>\n<p>Die US-Flagge, die oft auch als \"Old Glory\" oder \"Stars and Stripes\" bezeichnet wird, besteht aus 13 abwechselnd rot und wei\u00df gestreiften horizontalen Streifen, die die 13 urspr\u00fcnglichen Kolonien, die die Vereinigten Staaten gr\u00fcndeten, darstellen, und 50 wei\u00dfen Sternen auf einem blauen Kanton, die die 50 aktuellen Bundesstaaten der Union repr\u00e4sentieren. Die Flagge wurde erstmals 1777 angenommen und ist ein starkes Symbol f\u00fcr Freiheit, Demokratie und amerikanischen Patriotismus.<\/p>\n<h3>Vielseitigkeit der Nutzung<\/h3>\n<p>Ob f\u00fcr nationale Feierlichkeiten wie den Unabh\u00e4ngigkeitstag, patriotische Gedenkfeiern, Sportveranstaltungen oder den Schulunterricht - die amerikanische Flagge eignet sich f\u00fcr alle Gelegenheiten. Das robuste Design und die verblassungsresistenten Farben sorgen daf\u00fcr, dass die Flagge ihre Bedeutung und ihre visuelle Wirkung \u00fcber lange Zeit beh\u00e4lt.<\/p>","protected":false},"excerpt":{"rendered":"<p>150 x 90 cm gro\u00dfe Flagge mit 2 stabilen Metall\u00f6sen zum sicheren Aufh\u00e4ngen.<\/p>","protected":false},"featured_media":2241,"comment_status":"open","ping_status":"closed","template":"","meta":{"_gspb_post_css":"","iawp_total_views":22},"product_brand":[],"product_cat":[62,58],"product_tag":[],"class_list":{"0":"post-2440","1":"product","2":"type-product","3":"status-publish","4":"has-post-thumbnail","6":"product_cat-north-america-flags","7":"product_cat-country-flags","9":"first","10":"instock","11":"sale","12":"shipping-taxable","13":"purchasable","14":"product-type-simple"},"_links":{"self":[{"href":"https:\/\/cosmoflag.com\/de\/wp-json\/wp\/v2\/product\/2440","targetHints":{"allow":["GET"]}}],"collection":[{"href":"https:\/\/cosmoflag.com\/de\/wp-json\/wp\/v2\/product"}],"about":[{"href":"https:\/\/cosmoflag.com\/de\/wp-json\/wp\/v2\/types\/product"}],"replies":[{"embeddable":true,"href":"https:\/\/cosmoflag.com\/de\/wp-json\/wp\/v2\/comments?post=2440"}],"wp:featuredmedia":[{"embeddable":true,"href":"https:\/\/cosmoflag.com\/de\/wp-json\/wp\/v2\/media\/2241"}],"wp:attachment":[{"href":"https:\/\/cosmoflag.com\/de\/wp-json\/wp\/v2\/media?parent=2440"}],"wp:term":[{"taxonomy":"product_brand","embeddable":true,"href":"https:\/\/cosmoflag.com\/de\/wp-json\/wp\/v2\/product_brand?post=2440"},{"taxonomy":"product_cat","embeddable":true,"href":"https:\/\/cosmoflag.com\/de\/wp-json\/wp\/v2\/product_cat?post=2440"},{"taxonomy":"product_tag","embeddable":true,"href":"https:\/\/cosmoflag.com\/de\/wp-json\/wp\/v2\/product_tag?post=2440"}],"curies":[{"name":"wp","href":"https:\/\/api.w.org\/{rel}","templated":true}]}}