{"id":2435,"date":"2024-12-15T22:31:00","date_gmt":"2024-12-15T20:31:00","guid":{"rendered":"https:\/\/cosmoflag.com\/?post_type=product&#038;p=2435"},"modified":"2025-08-12T21:20:57","modified_gmt":"2025-08-12T19:20:57","slug":"kasachstan-fahne","status":"publish","type":"product","link":"https:\/\/cosmoflag.com\/de\/produkt\/kasachstan-fahne\/","title":{"rendered":"Kasachstan Flagge"},"content":{"rendered":"<h3>Kasachstan Flagge Merkmale<\/h3>\n<p>Unsere Kasachstan-Flagge ist aus hochwertigem Polyester gefertigt und eignet sich daher f\u00fcr den dauerhaften Einsatz im Innen- und Au\u00dfenbereich. Sie ist mit Metall\u00f6sen versehen, die eine einfache Montage und einen sicheren Halt auch bei widrigen Wetterverh\u00e4ltnissen garantieren. Erh\u00e4ltlich in 90 x 150 cm f\u00fcr maximale Sichtbarkeit, unsere Flagge erf\u00fcllt eine Vielzahl von Bed\u00fcrfnissen, ob Sie es auf einen Mast oder eine Wand zeigen wollen.<\/p>\n<h3>Ein geschichtstr\u00e4chtiges nationales Symbol<\/h3>\n<p>Die Flagge Kasachstans, die 1992 nach der Unabh\u00e4ngigkeit des Landes von der Sowjetunion angenommen wurde, zeigt einen himmelblauen Hintergrund mit einer Sonne und einem fliegenden Adler in der Mitte und einem vertikalen Ornament am Mast. Das Himmelblau symbolisiert Frieden und Ruhe sowie die kulturelle und ethnische Einheit Kasachstans. Die Sonne steht f\u00fcr die Quelle des Lebens und der Energie, der Adler ist ein Symbol f\u00fcr Freiheit und hohes Streben, und das ornamentale Motiv erinnert an die traditionelle nomadische Kunst und Kultur.<\/p>\n<h3>Vielseitigkeit der Nutzung<\/h3>\n<p>Ob f\u00fcr nationale Feiern, kulturelle Veranstaltungen, Sport oder Bildungszwecke, die kasachische Flagge eignet sich f\u00fcr alle Anl\u00e4sse. Das robuste Design und die verblassungsresistenten Farben sorgen daf\u00fcr, dass die Fahne ihre Bedeutung und ihre visuelle Wirkung \u00fcber lange Zeit beibeh\u00e4lt.<\/p>","protected":false},"excerpt":{"rendered":"<p>150 x 90 cm gro\u00dfe Flagge mit 2 stabilen Metall\u00f6sen zum sicheren Aufh\u00e4ngen.<\/p>","protected":false},"featured_media":2019,"comment_status":"open","ping_status":"closed","template":"","meta":{"_gspb_post_css":"","iawp_total_views":5},"product_brand":[],"product_cat":[64,58],"product_tag":[],"class_list":{"0":"post-2435","1":"product","2":"type-product","3":"status-publish","4":"has-post-thumbnail","6":"product_cat-asia-flags","7":"product_cat-country-flags","9":"first","10":"instock","11":"sale","12":"shipping-taxable","13":"purchasable","14":"product-type-simple"},"_links":{"self":[{"href":"https:\/\/cosmoflag.com\/de\/wp-json\/wp\/v2\/product\/2435","targetHints":{"allow":["GET"]}}],"collection":[{"href":"https:\/\/cosmoflag.com\/de\/wp-json\/wp\/v2\/product"}],"about":[{"href":"https:\/\/cosmoflag.com\/de\/wp-json\/wp\/v2\/types\/product"}],"replies":[{"embeddable":true,"href":"https:\/\/cosmoflag.com\/de\/wp-json\/wp\/v2\/comments?post=2435"}],"wp:featuredmedia":[{"embeddable":true,"href":"https:\/\/cosmoflag.com\/de\/wp-json\/wp\/v2\/media\/2019"}],"wp:attachment":[{"href":"https:\/\/cosmoflag.com\/de\/wp-json\/wp\/v2\/media?parent=2435"}],"wp:term":[{"taxonomy":"product_brand","embeddable":true,"href":"https:\/\/cosmoflag.com\/de\/wp-json\/wp\/v2\/product_brand?post=2435"},{"taxonomy":"product_cat","embeddable":true,"href":"https:\/\/cosmoflag.com\/de\/wp-json\/wp\/v2\/product_cat?post=2435"},{"taxonomy":"product_tag","embeddable":true,"href":"https:\/\/cosmoflag.com\/de\/wp-json\/wp\/v2\/product_tag?post=2435"}],"curies":[{"name":"wp","href":"https:\/\/api.w.org\/{rel}","templated":true}]}}