{"id":2423,"date":"2024-12-15T21:52:00","date_gmt":"2024-12-15T19:52:00","guid":{"rendered":"https:\/\/cosmoflag.com\/?post_type=product&#038;p=2423"},"modified":"2025-08-12T21:23:02","modified_gmt":"2025-08-12T19:23:02","slug":"griechenland-flagge","status":"publish","type":"product","link":"https:\/\/cosmoflag.com\/de\/produkt\/griechenland-flagge\/","title":{"rendered":"Griechenland Flagge"},"content":{"rendered":"<h3>Merkmale der griechischen Flagge<\/h3>\n<p>Unsere Griechenland-Flagge ist aus hochwertigem Polyester gefertigt und somit ideal f\u00fcr den dauerhaften Einsatz im Innen- und Au\u00dfenbereich geeignet. Sie ist mit Metall\u00f6sen versehen, die eine einfache Montage und einen sicheren Halt auch bei widrigen Wetterverh\u00e4ltnissen garantieren. Erh\u00e4ltlich in 90 x 150 cm f\u00fcr maximale Sichtbarkeit, unsere Flagge erf\u00fcllt eine Vielzahl von Bed\u00fcrfnissen, ob Sie es auf einen Mast oder eine Wand zeigen wollen.<\/p>\n<h3>Ein geschichtstr\u00e4chtiges nationales Symbol<\/h3>\n<p>Die Flagge Griechenlands, die 1822 w\u00e4hrend des Unabh\u00e4ngigkeitskrieges gegen das Osmanische Reich angenommen wurde, besteht aus neun abwechselnd blauen und wei\u00dfen horizontalen Streifen, die die neun Silben der Parole des Unabh\u00e4ngigkeitskrieges \"\u0395\u03bb\u03b5\u03c5\u03b8\u03b5\u03c1\u03af\u03b1 \u03ae \u0398\u03ac\u03bd\u03b1\u03c4\u03bf\u03c2\" (Freiheit oder Tod) symbolisieren. Der blaue Kanton oben links zeigt ein wei\u00dfes Kreuz, das f\u00fcr den griechisch-orthodoxen Glauben steht.<\/p>\n<h3>Vielseitigkeit der Nutzung<\/h3>\n<p>Ob f\u00fcr nationale Feiern, Sportveranstaltungen, kulturelle Ereignisse oder als Lehrmittel, die griechische Flagge eignet sich f\u00fcr alle Gelegenheiten. Das robuste Design und die verblassungsresistenten Farben sorgen daf\u00fcr, dass die Fahne ihre Bedeutung und visuelle Wirkung \u00fcber lange Zeit beh\u00e4lt.<\/p>","protected":false},"excerpt":{"rendered":"<p>150 x 90 cm gro\u00dfe Flagge mit 2 stabilen Metall\u00f6sen zum sicheren Aufh\u00e4ngen.<\/p>","protected":false},"featured_media":1142,"comment_status":"open","ping_status":"closed","template":"","meta":{"_gspb_post_css":"","iawp_total_views":51},"product_brand":[],"product_cat":[65,58],"product_tag":[],"class_list":{"0":"post-2423","1":"product","2":"type-product","3":"status-publish","4":"has-post-thumbnail","6":"product_cat-europe-flags","7":"product_cat-country-flags","9":"first","10":"instock","11":"sale","12":"shipping-taxable","13":"purchasable","14":"product-type-simple"},"_links":{"self":[{"href":"https:\/\/cosmoflag.com\/de\/wp-json\/wp\/v2\/product\/2423","targetHints":{"allow":["GET"]}}],"collection":[{"href":"https:\/\/cosmoflag.com\/de\/wp-json\/wp\/v2\/product"}],"about":[{"href":"https:\/\/cosmoflag.com\/de\/wp-json\/wp\/v2\/types\/product"}],"replies":[{"embeddable":true,"href":"https:\/\/cosmoflag.com\/de\/wp-json\/wp\/v2\/comments?post=2423"}],"wp:featuredmedia":[{"embeddable":true,"href":"https:\/\/cosmoflag.com\/de\/wp-json\/wp\/v2\/media\/1142"}],"wp:attachment":[{"href":"https:\/\/cosmoflag.com\/de\/wp-json\/wp\/v2\/media?parent=2423"}],"wp:term":[{"taxonomy":"product_brand","embeddable":true,"href":"https:\/\/cosmoflag.com\/de\/wp-json\/wp\/v2\/product_brand?post=2423"},{"taxonomy":"product_cat","embeddable":true,"href":"https:\/\/cosmoflag.com\/de\/wp-json\/wp\/v2\/product_cat?post=2423"},{"taxonomy":"product_tag","embeddable":true,"href":"https:\/\/cosmoflag.com\/de\/wp-json\/wp\/v2\/product_tag?post=2423"}],"curies":[{"name":"wp","href":"https:\/\/api.w.org\/{rel}","templated":true}]}}