{"id":2395,"date":"2024-12-15T20:09:00","date_gmt":"2024-12-15T18:09:00","guid":{"rendered":"https:\/\/cosmoflag.com\/?post_type=product&#038;p=2395"},"modified":"2025-11-30T23:47:05","modified_gmt":"2025-11-30T21:47:05","slug":"serbien-flagge","status":"publish","type":"product","link":"https:\/\/cosmoflag.com\/de\/produkt\/serbien-flagge\/","title":{"rendered":"Serbien Flagge"},"content":{"rendered":"<h3>Merkmale der serbischen Flagge mit dem doppelk\u00f6pfigen Adler<\/h3>\n<p>Unsere Serbien-Flagge mit dem Nemanji\u0107-Doppeladler ist aus hochwertigem Polyester gefertigt und somit ideal f\u00fcr den dauerhaften Einsatz im Innen- und Au\u00dfenbereich. Sie ist mit Metall\u00f6sen versehen, die das Anbringen erleichtern und daf\u00fcr sorgen, dass die Fahne auch bei schlechtem Wetter an Ort und Stelle bleibt. Die Fahne ist in einer Gr\u00f6\u00dfe von 90 x 150 cm f\u00fcr maximale Sichtbarkeit erh\u00e4ltlich und eignet sich f\u00fcr eine Vielzahl von Anwendungen, egal ob Sie sie an einem Mast oder an einer Wand aufh\u00e4ngen m\u00f6chten.<\/p>\n<h3>Ein nationales Symbol voller Geschichte und Bedeutung<\/h3>\n<p>Die Flagge Serbiens besteht aus drei horizontalen Streifen in den Farben Rot, Blau und Wei\u00df mit einem schwarzen Doppeladler in der Mitte. Dieser Adler, ein von der mittelalterlichen serbischen Dynastie der Nemanji\u0107 geerbtes Symbol, steht f\u00fcr die Souver\u00e4nit\u00e4t und Macht des serbischen Staates. Die Farben der Flagge - Rot, Blau und Wei\u00df - sind traditionelle slawische Farben, wobei Rot das f\u00fcr die Freiheit vergossene Blut symbolisiert, Blau den serbischen Himmel und Wei\u00df Reinheit und Frieden. Der doppelk\u00f6pfige Adler verleiht der Flagge eine Dimension der historischen Kontinuit\u00e4t und der Achtung der Tradition.<\/p>\n<h3>Vielseitigkeit der Nutzung<\/h3>\n<p>Ob f\u00fcr nationale Feiern, Sportveranstaltungen, kulturelle Ereignisse oder Bildungszwecke, die serbische Flagge mit dem Doppeladler eignet sich f\u00fcr alle Anl\u00e4sse. Das robuste Design und die verblassungsresistenten Farben sorgen daf\u00fcr, dass die Fahne ihre Bedeutung und visuelle Wirkung \u00fcber lange Zeit beibeh\u00e4lt.<\/p>","protected":false},"excerpt":{"rendered":"<p>150 x 90 cm gro\u00dfe Flagge mit 2 stabilen Metall\u00f6sen zum sicheren Aufh\u00e4ngen.<\/p>","protected":false},"featured_media":1381,"comment_status":"open","ping_status":"closed","template":"","meta":{"_gspb_post_css":"","iawp_total_views":10},"product_brand":[],"product_cat":[65,58],"product_tag":[],"class_list":{"0":"post-2395","1":"product","2":"type-product","3":"status-publish","4":"has-post-thumbnail","6":"product_cat-europe-flags","7":"product_cat-country-flags","9":"first","10":"instock","11":"sale","12":"shipping-taxable","13":"purchasable","14":"product-type-simple"},"_links":{"self":[{"href":"https:\/\/cosmoflag.com\/de\/wp-json\/wp\/v2\/product\/2395","targetHints":{"allow":["GET"]}}],"collection":[{"href":"https:\/\/cosmoflag.com\/de\/wp-json\/wp\/v2\/product"}],"about":[{"href":"https:\/\/cosmoflag.com\/de\/wp-json\/wp\/v2\/types\/product"}],"replies":[{"embeddable":true,"href":"https:\/\/cosmoflag.com\/de\/wp-json\/wp\/v2\/comments?post=2395"}],"wp:featuredmedia":[{"embeddable":true,"href":"https:\/\/cosmoflag.com\/de\/wp-json\/wp\/v2\/media\/1381"}],"wp:attachment":[{"href":"https:\/\/cosmoflag.com\/de\/wp-json\/wp\/v2\/media?parent=2395"}],"wp:term":[{"taxonomy":"product_brand","embeddable":true,"href":"https:\/\/cosmoflag.com\/de\/wp-json\/wp\/v2\/product_brand?post=2395"},{"taxonomy":"product_cat","embeddable":true,"href":"https:\/\/cosmoflag.com\/de\/wp-json\/wp\/v2\/product_cat?post=2395"},{"taxonomy":"product_tag","embeddable":true,"href":"https:\/\/cosmoflag.com\/de\/wp-json\/wp\/v2\/product_tag?post=2395"}],"curies":[{"name":"wp","href":"https:\/\/api.w.org\/{rel}","templated":true}]}}