{"id":2393,"date":"2024-12-15T19:58:00","date_gmt":"2024-12-15T17:58:00","guid":{"rendered":"https:\/\/cosmoflag.com\/?post_type=product&#038;p=2393"},"modified":"2025-11-30T23:47:06","modified_gmt":"2025-11-30T21:47:06","slug":"malediven-flagge","status":"publish","type":"product","link":"https:\/\/cosmoflag.com\/de\/produkt\/malediven-flagge\/","title":{"rendered":"Flagge der Malediven"},"content":{"rendered":"<h3>Merkmale der Flagge der Malediven<\/h3>\n<p>Unsere Malediven-Flagge ist aus hochwertigem Polyester gefertigt und eignet sich daher f\u00fcr den dauerhaften Einsatz im Innen- und Au\u00dfenbereich. Sie ist mit Metall\u00f6sen versehen, die eine einfache Montage und einen sicheren Halt, auch bei widrigen Wetterbedingungen, gew\u00e4hrleisten. Erh\u00e4ltlich in 90 x 150 cm\/35 x 59 Inch f\u00fcr maximale Sichtbarkeit, unsere Flagge erf\u00fcllt eine Vielzahl von Bed\u00fcrfnissen, ob Sie es auf einen Mast oder eine Wand zeigen wollen.<\/p>\n<h3>Ein geschichtstr\u00e4chtiges nationales Symbol<\/h3>\n<p>Die Flagge der Malediven, die 1965 angenommen wurde, zeigt einen roten Hintergrund mit einem gr\u00fcnen Rechteck in der Mitte und einer wei\u00dfen Mondsichel. Das Rot symbolisiert das f\u00fcr die Unabh\u00e4ngigkeit vergossene Blut, das Gr\u00fcn steht f\u00fcr Frieden und Wohlstand, und die Mondsichel symbolisiert den Islam, die Staatsreligion der Malediven. Die Flagge symbolisiert die nationale Identit\u00e4t und die religi\u00f6sen Werte des Landes.<\/p>\n<h3>Vielseitigkeit der Nutzung<\/h3>\n<p>Ob f\u00fcr nationale Feiern, Sportveranstaltungen, kulturelle Ereignisse oder Bildungszwecke, die maledivische Flagge eignet sich f\u00fcr alle Anl\u00e4sse. Das robuste Design und die verblassungsresistenten Farben sorgen daf\u00fcr, dass die Flagge ihre Bedeutung und ihre visuelle Wirkung \u00fcber lange Zeit beh\u00e4lt.<\/p>","protected":false},"excerpt":{"rendered":"<p>150 x 90 cm gro\u00dfe Flagge mit 2 stabilen Metall\u00f6sen zum sicheren Aufh\u00e4ngen.<\/p>","protected":false},"featured_media":1243,"comment_status":"open","ping_status":"closed","template":"","meta":{"_gspb_post_css":"","iawp_total_views":6},"product_brand":[],"product_cat":[64,58],"product_tag":[],"class_list":{"0":"post-2393","1":"product","2":"type-product","3":"status-publish","4":"has-post-thumbnail","6":"product_cat-asia-flags","7":"product_cat-country-flags","9":"first","10":"instock","11":"sale","12":"shipping-taxable","13":"purchasable","14":"product-type-simple"},"_links":{"self":[{"href":"https:\/\/cosmoflag.com\/de\/wp-json\/wp\/v2\/product\/2393","targetHints":{"allow":["GET"]}}],"collection":[{"href":"https:\/\/cosmoflag.com\/de\/wp-json\/wp\/v2\/product"}],"about":[{"href":"https:\/\/cosmoflag.com\/de\/wp-json\/wp\/v2\/types\/product"}],"replies":[{"embeddable":true,"href":"https:\/\/cosmoflag.com\/de\/wp-json\/wp\/v2\/comments?post=2393"}],"wp:featuredmedia":[{"embeddable":true,"href":"https:\/\/cosmoflag.com\/de\/wp-json\/wp\/v2\/media\/1243"}],"wp:attachment":[{"href":"https:\/\/cosmoflag.com\/de\/wp-json\/wp\/v2\/media?parent=2393"}],"wp:term":[{"taxonomy":"product_brand","embeddable":true,"href":"https:\/\/cosmoflag.com\/de\/wp-json\/wp\/v2\/product_brand?post=2393"},{"taxonomy":"product_cat","embeddable":true,"href":"https:\/\/cosmoflag.com\/de\/wp-json\/wp\/v2\/product_cat?post=2393"},{"taxonomy":"product_tag","embeddable":true,"href":"https:\/\/cosmoflag.com\/de\/wp-json\/wp\/v2\/product_tag?post=2393"}],"curies":[{"name":"wp","href":"https:\/\/api.w.org\/{rel}","templated":true}]}}