{"id":2390,"date":"2024-12-15T19:50:00","date_gmt":"2024-12-15T17:50:00","guid":{"rendered":"https:\/\/cosmoflag.com\/?post_type=product&#038;p=2390"},"modified":"2025-08-12T21:23:16","modified_gmt":"2025-08-12T19:23:16","slug":"senegalische-fahne","status":"publish","type":"product","link":"https:\/\/cosmoflag.com\/de\/produkt\/senegalische-fahne\/","title":{"rendered":"Senegal Flagge"},"content":{"rendered":"<h3>Merkmale der senegalesischen Flagge<\/h3>\n<p>Unsere Senegal-Flagge ist aus hochwertigem Polyester gefertigt und eignet sich daher f\u00fcr den dauerhaften Einsatz im Innen- und Au\u00dfenbereich. Sie ist mit Metall\u00f6sen versehen, die eine einfache Montage und einen sicheren Halt auch bei schlechtem Wetter garantieren. Erh\u00e4ltlich in den Gr\u00f6\u00dfen 90 x 150 cm\/35 x 59 Inch f\u00fcr maximale Sichtbarkeit, unsere Flagge erf\u00fcllt eine Vielzahl von Bed\u00fcrfnissen, ob Sie es auf einen Mast oder eine Wand zeigen wollen.<\/p>\n<h3>Ein geschichtstr\u00e4chtiges nationales Symbol<\/h3>\n<p>Die 1960 angenommene senegalesische Flagge besteht aus drei vertikalen Streifen in Gr\u00fcn, Gelb und Rot, mit einem gr\u00fcnen f\u00fcnfzackigen Stern in der Mitte des gelben Streifens. Dies sind die panafrikanischen Farben, die f\u00fcr Hoffnung (gr\u00fcn), Reichtum (gelb) und das f\u00fcr die Unabh\u00e4ngigkeit vergossene Blut (rot) stehen. Der gr\u00fcne Stern symbolisiert auch die afrikanische Einheit und die Hoffnung auf eine bl\u00fchende Zukunft. Diese Flagge spiegelt das Streben des senegalesischen Volkes nach Freiheit und Fortschritt wider.<\/p>\n<h3>Vielseitigkeit der Nutzung<\/h3>\n<p>Ob f\u00fcr nationale Feiern, Sportveranstaltungen, politische Demonstrationen oder Bildungszwecke, die senegalesische Flagge eignet sich f\u00fcr alle Anl\u00e4sse. Das robuste Design und die verblassungsresistenten Farben sorgen daf\u00fcr, dass die Flagge ihre Bedeutung und ihre visuelle Wirkung \u00fcber lange Zeit beh\u00e4lt.<\/p>","protected":false},"excerpt":{"rendered":"<p>150 x 90 cm gro\u00dfe Flagge mit 2 stabilen Metall\u00f6sen zum sicheren Aufh\u00e4ngen.<\/p>","protected":false},"featured_media":1374,"comment_status":"open","ping_status":"closed","template":"","meta":{"_gspb_post_css":"","iawp_total_views":24},"product_brand":[],"product_cat":[60,58],"product_tag":[],"class_list":{"0":"post-2390","1":"product","2":"type-product","3":"status-publish","4":"has-post-thumbnail","6":"product_cat-africa-flags","7":"product_cat-country-flags","9":"first","10":"instock","11":"sale","12":"shipping-taxable","13":"purchasable","14":"product-type-simple"},"_links":{"self":[{"href":"https:\/\/cosmoflag.com\/de\/wp-json\/wp\/v2\/product\/2390","targetHints":{"allow":["GET"]}}],"collection":[{"href":"https:\/\/cosmoflag.com\/de\/wp-json\/wp\/v2\/product"}],"about":[{"href":"https:\/\/cosmoflag.com\/de\/wp-json\/wp\/v2\/types\/product"}],"replies":[{"embeddable":true,"href":"https:\/\/cosmoflag.com\/de\/wp-json\/wp\/v2\/comments?post=2390"}],"wp:featuredmedia":[{"embeddable":true,"href":"https:\/\/cosmoflag.com\/de\/wp-json\/wp\/v2\/media\/1374"}],"wp:attachment":[{"href":"https:\/\/cosmoflag.com\/de\/wp-json\/wp\/v2\/media?parent=2390"}],"wp:term":[{"taxonomy":"product_brand","embeddable":true,"href":"https:\/\/cosmoflag.com\/de\/wp-json\/wp\/v2\/product_brand?post=2390"},{"taxonomy":"product_cat","embeddable":true,"href":"https:\/\/cosmoflag.com\/de\/wp-json\/wp\/v2\/product_cat?post=2390"},{"taxonomy":"product_tag","embeddable":true,"href":"https:\/\/cosmoflag.com\/de\/wp-json\/wp\/v2\/product_tag?post=2390"}],"curies":[{"name":"wp","href":"https:\/\/api.w.org\/{rel}","templated":true}]}}