{"id":2382,"date":"2024-12-15T15:19:00","date_gmt":"2024-12-15T13:19:00","guid":{"rendered":"https:\/\/cosmoflag.com\/?post_type=product&#038;p=2382"},"modified":"2025-08-12T21:23:18","modified_gmt":"2025-08-12T19:23:18","slug":"grenada-flagge","status":"publish","type":"product","link":"https:\/\/cosmoflag.com\/de\/produkt\/grenada-flagge\/","title":{"rendered":"Grenada Flagge"},"content":{"rendered":"<h3>Merkmale der grenadischen Flagge<\/h3>\n<p>Unsere Grenada-Flagge ist aus hochwertigem Polyester gefertigt und eignet sich daher f\u00fcr den dauerhaften Einsatz im Innen- und Au\u00dfenbereich. Sie ist mit Metall\u00f6sen versehen, die eine einfache Montage und einen sicheren Halt auch bei widrigen Wetterverh\u00e4ltnissen garantieren. Erh\u00e4ltlich in 90 x 150 cm f\u00fcr maximale Sichtbarkeit, unsere Flagge erf\u00fcllt eine Vielzahl von Bed\u00fcrfnissen, ob Sie es auf einen Mast oder eine Wand zeigen wollen.<\/p>\n<h3>Ein geschichtstr\u00e4chtiges nationales Symbol<\/h3>\n<p>Die 1974 angenommene Flagge von Grenada weist ein einzigartiges Design auf, das aus einem Rechteck besteht, das in vier rote und gelbe Dreiecke unterteilt ist, die durch ein wei\u00dfes Kreuz getrennt sind, in dessen Mitte sich eine rote Scheibe mit einem f\u00fcnfzackigen gelben Stern befindet. Jede Ecke der Flagge tr\u00e4gt ebenfalls einen gelben Stern. Rot symbolisiert den Mut des Volkes, Gelb die W\u00e4rme der Sonne und den Reichtum der Erde und Gr\u00fcn die F\u00fclle der Vegetation. Der Stern in der Mitte steht f\u00fcr die Einheit Grenadas und seiner Gemeinden.<\/p>\n<h3>Vielseitigkeit der Nutzung<\/h3>\n<p>Ob f\u00fcr nationale Feiern, Sportveranstaltungen, kulturelle Anl\u00e4sse oder Bildungszwecke, die Flagge von Grenada eignet sich f\u00fcr alle Anl\u00e4sse. Das robuste Design und die verblassungsresistenten Farben sorgen daf\u00fcr, dass die Flagge ihre Bedeutung und ihre visuelle Wirkung \u00fcber lange Zeit beh\u00e4lt.<\/p>","protected":false},"excerpt":{"rendered":"<p>150 x 90 cm gro\u00dfe Flagge mit 2 stabilen Metall\u00f6sen zum sicheren Aufh\u00e4ngen.<\/p>","protected":false},"featured_media":1943,"comment_status":"open","ping_status":"closed","template":"","meta":{"_gspb_post_css":"","iawp_total_views":2},"product_brand":[],"product_cat":[63,58],"product_tag":[],"class_list":{"0":"post-2382","1":"product","2":"type-product","3":"status-publish","4":"has-post-thumbnail","6":"product_cat-south-america-flag","7":"product_cat-country-flags","9":"first","10":"instock","11":"sale","12":"shipping-taxable","13":"purchasable","14":"product-type-simple"},"_links":{"self":[{"href":"https:\/\/cosmoflag.com\/de\/wp-json\/wp\/v2\/product\/2382","targetHints":{"allow":["GET"]}}],"collection":[{"href":"https:\/\/cosmoflag.com\/de\/wp-json\/wp\/v2\/product"}],"about":[{"href":"https:\/\/cosmoflag.com\/de\/wp-json\/wp\/v2\/types\/product"}],"replies":[{"embeddable":true,"href":"https:\/\/cosmoflag.com\/de\/wp-json\/wp\/v2\/comments?post=2382"}],"wp:featuredmedia":[{"embeddable":true,"href":"https:\/\/cosmoflag.com\/de\/wp-json\/wp\/v2\/media\/1943"}],"wp:attachment":[{"href":"https:\/\/cosmoflag.com\/de\/wp-json\/wp\/v2\/media?parent=2382"}],"wp:term":[{"taxonomy":"product_brand","embeddable":true,"href":"https:\/\/cosmoflag.com\/de\/wp-json\/wp\/v2\/product_brand?post=2382"},{"taxonomy":"product_cat","embeddable":true,"href":"https:\/\/cosmoflag.com\/de\/wp-json\/wp\/v2\/product_cat?post=2382"},{"taxonomy":"product_tag","embeddable":true,"href":"https:\/\/cosmoflag.com\/de\/wp-json\/wp\/v2\/product_tag?post=2382"}],"curies":[{"name":"wp","href":"https:\/\/api.w.org\/{rel}","templated":true}]}}