{"id":2369,"date":"2024-12-15T14:27:00","date_gmt":"2024-12-15T12:27:00","guid":{"rendered":"https:\/\/cosmoflag.com\/?post_type=product&#038;p=2369"},"modified":"2025-08-12T21:23:24","modified_gmt":"2025-08-12T19:23:24","slug":"bolivien-fahne","status":"publish","type":"product","link":"https:\/\/cosmoflag.com\/de\/produkt\/bolivien-fahne\/","title":{"rendered":"Bolivien Flagge"},"content":{"rendered":"<h3>Merkmale der bolivianischen Flagge<\/h3>\n<p>Unsere Bolivien-Flagge ist aus hochwertigem Polyester gefertigt und eignet sich daher f\u00fcr den dauerhaften Einsatz im Innen- und Au\u00dfenbereich. Sie ist mit Metall\u00f6sen versehen, die eine einfache Montage und einen sicheren Halt auch bei widrigen Wetterverh\u00e4ltnissen garantieren. Erh\u00e4ltlich in 90 x 150 cm\/35 x 59 Zoll f\u00fcr maximale Sichtbarkeit, unsere Flagge erf\u00fcllt eine Vielzahl von Bed\u00fcrfnissen, ob Sie es auf einen Mast oder eine Wand zeigen wollen.<\/p>\n<h3>Ein geschichtstr\u00e4chtiges nationales Symbol<\/h3>\n<p>Die Flagge Boliviens, die 1851 angenommen wurde, besteht aus drei gleich gro\u00dfen horizontalen Streifen mit den Farben Rot, Gelb und Gr\u00fcn. Der rote Streifen steht f\u00fcr das Blut, das die Helden f\u00fcr die Unabh\u00e4ngigkeit vergossen haben, der gelbe Streifen symbolisiert den Reichtum des Landes an Bodensch\u00e4tzen, und der gr\u00fcne Streifen steht f\u00fcr die Fruchtbarkeit des Landes. In der Mitte des gelben Streifens befindet sich das bolivianische Wappen, das symbolische Elemente wie Berge, die aufgehende Sonne, ein Alpaka, ein Weizenb\u00fcndel und die Werkzeuge der Bergleute enth\u00e4lt und die nat\u00fcrlichen Ressourcen und die Wirtschaft Boliviens widerspiegelt.<\/p>\n<h3>Vielseitigkeit der Nutzung<\/h3>\n<p>Ob f\u00fcr nationale Feiern, Sportveranstaltungen, politische Demonstrationen oder Bildungszwecke, die bolivianische Flagge eignet sich f\u00fcr alle Anl\u00e4sse. Das robuste Design und die verblassungsresistenten Farben sorgen daf\u00fcr, dass die Fahne ihre Bedeutung und ihre visuelle Wirkung \u00fcber lange Zeit beibeh\u00e4lt.<\/p>","protected":false},"excerpt":{"rendered":"<p>150 x 90 cm gro\u00dfe Flagge mit 2 stabilen Metall\u00f6sen zum sicheren Aufh\u00e4ngen.<\/p>","protected":false},"featured_media":1015,"comment_status":"open","ping_status":"closed","template":"","meta":{"_gspb_post_css":"","iawp_total_views":10},"product_brand":[],"product_cat":[63,58],"product_tag":[],"class_list":{"0":"post-2369","1":"product","2":"type-product","3":"status-publish","4":"has-post-thumbnail","6":"product_cat-south-america-flag","7":"product_cat-country-flags","9":"first","10":"instock","11":"sale","12":"shipping-taxable","13":"purchasable","14":"product-type-simple"},"_links":{"self":[{"href":"https:\/\/cosmoflag.com\/de\/wp-json\/wp\/v2\/product\/2369","targetHints":{"allow":["GET"]}}],"collection":[{"href":"https:\/\/cosmoflag.com\/de\/wp-json\/wp\/v2\/product"}],"about":[{"href":"https:\/\/cosmoflag.com\/de\/wp-json\/wp\/v2\/types\/product"}],"replies":[{"embeddable":true,"href":"https:\/\/cosmoflag.com\/de\/wp-json\/wp\/v2\/comments?post=2369"}],"wp:featuredmedia":[{"embeddable":true,"href":"https:\/\/cosmoflag.com\/de\/wp-json\/wp\/v2\/media\/1015"}],"wp:attachment":[{"href":"https:\/\/cosmoflag.com\/de\/wp-json\/wp\/v2\/media?parent=2369"}],"wp:term":[{"taxonomy":"product_brand","embeddable":true,"href":"https:\/\/cosmoflag.com\/de\/wp-json\/wp\/v2\/product_brand?post=2369"},{"taxonomy":"product_cat","embeddable":true,"href":"https:\/\/cosmoflag.com\/de\/wp-json\/wp\/v2\/product_cat?post=2369"},{"taxonomy":"product_tag","embeddable":true,"href":"https:\/\/cosmoflag.com\/de\/wp-json\/wp\/v2\/product_tag?post=2369"}],"curies":[{"name":"wp","href":"https:\/\/api.w.org\/{rel}","templated":true}]}}