{"id":2368,"date":"2024-12-15T14:18:00","date_gmt":"2024-12-15T12:18:00","guid":{"rendered":"https:\/\/cosmoflag.com\/?post_type=product&#038;p=2368"},"modified":"2025-08-12T21:23:25","modified_gmt":"2025-08-12T19:23:25","slug":"texas-flagge","status":"publish","type":"product","link":"https:\/\/cosmoflag.com\/de\/produkt\/texas-flagge\/","title":{"rendered":"Texas-Flagge"},"content":{"rendered":"<h3>Texanische Flagge Merkmale<\/h3>\n<p>Unsere Texas-Flagge, die auch als \"Lone Star Flag\" bekannt ist, besteht aus hochwertigem Polyester und ist somit ideal f\u00fcr den dauerhaften Einsatz im Innen- und Au\u00dfenbereich. Sie verf\u00fcgt \u00fcber Metall\u00f6sen f\u00fcr eine einfache Montage und einen sicheren Halt, auch bei ung\u00fcnstigen Wetterbedingungen. Mit einer Gr\u00f6\u00dfe von 90 x 150 cm\/35 x 59 Inch f\u00fcr maximale Sichtbarkeit erf\u00fcllt unsere Flagge eine Vielzahl von Anforderungen, egal ob Sie sie an einem Mast oder an einer Wand aufh\u00e4ngen m\u00f6chten.<\/p>\n<h3>Ein geschichtstr\u00e4chtiges nationales Symbol<\/h3>\n<p>Die 1839 angenommene texanische Flagge besteht aus einem vertikalen blauen Streifen an der Spitze, in dem ein einzelner wei\u00dfer Stern zu sehen ist, und zwei horizontalen Streifen, einem wei\u00dfen und einem roten. Die blaue Farbe symbolisiert Loyalit\u00e4t, der wei\u00dfe Stern steht f\u00fcr die Einheit von Gott, dem Staat und allen Texanern, w\u00e4hrend Wei\u00df und Rot f\u00fcr Reinheit bzw. Mut stehen. Diese Flagge ist ein starkes Symbol f\u00fcr die texanische Identit\u00e4t und Geschichte als unabh\u00e4ngige Nation, bevor sie ein Bundesstaat der Vereinigten Staaten wurde.<\/p>\n<h3>Vielseitigkeit der Nutzung<\/h3>\n<p>Ob f\u00fcr Staatsfeiern, Sportveranstaltungen, Gemeindeversammlungen oder als Lehrmittel, die Texas-Flagge eignet sich f\u00fcr alle Gelegenheiten. Das robuste Design und die verblassungsresistenten Farben sorgen daf\u00fcr, dass die Fahne ihre Bedeutung und visuelle Wirkung \u00fcber lange Zeit beibeh\u00e4lt.<\/p>","protected":false},"excerpt":{"rendered":"<p>150 x 90 cm gro\u00dfe Flagge mit 2 stabilen Metall\u00f6sen zum sicheren Aufh\u00e4ngen.<\/p>","protected":false},"featured_media":1714,"comment_status":"open","ping_status":"closed","template":"","meta":{"_gspb_post_css":"","iawp_total_views":6},"product_brand":[],"product_cat":[72,70],"product_tag":[],"class_list":{"0":"post-2368","1":"product","2":"type-product","3":"status-publish","4":"has-post-thumbnail","6":"product_cat-american-state-flags","7":"product_cat-regional-flags","9":"first","10":"instock","11":"sale","12":"shipping-taxable","13":"purchasable","14":"product-type-simple"},"_links":{"self":[{"href":"https:\/\/cosmoflag.com\/de\/wp-json\/wp\/v2\/product\/2368","targetHints":{"allow":["GET"]}}],"collection":[{"href":"https:\/\/cosmoflag.com\/de\/wp-json\/wp\/v2\/product"}],"about":[{"href":"https:\/\/cosmoflag.com\/de\/wp-json\/wp\/v2\/types\/product"}],"replies":[{"embeddable":true,"href":"https:\/\/cosmoflag.com\/de\/wp-json\/wp\/v2\/comments?post=2368"}],"wp:featuredmedia":[{"embeddable":true,"href":"https:\/\/cosmoflag.com\/de\/wp-json\/wp\/v2\/media\/1714"}],"wp:attachment":[{"href":"https:\/\/cosmoflag.com\/de\/wp-json\/wp\/v2\/media?parent=2368"}],"wp:term":[{"taxonomy":"product_brand","embeddable":true,"href":"https:\/\/cosmoflag.com\/de\/wp-json\/wp\/v2\/product_brand?post=2368"},{"taxonomy":"product_cat","embeddable":true,"href":"https:\/\/cosmoflag.com\/de\/wp-json\/wp\/v2\/product_cat?post=2368"},{"taxonomy":"product_tag","embeddable":true,"href":"https:\/\/cosmoflag.com\/de\/wp-json\/wp\/v2\/product_tag?post=2368"}],"curies":[{"name":"wp","href":"https:\/\/api.w.org\/{rel}","templated":true}]}}