{"id":2353,"date":"2024-12-14T22:55:00","date_gmt":"2024-12-14T20:55:00","guid":{"rendered":"https:\/\/cosmoflag.com\/?post_type=product&#038;p=2353"},"modified":"2025-11-30T23:47:12","modified_gmt":"2025-11-30T21:47:12","slug":"nordmazedonien-flagge","status":"publish","type":"product","link":"https:\/\/cosmoflag.com\/de\/produkt\/nordmazedonien-flagge\/","title":{"rendered":"Nordmazedonien Flagge"},"content":{"rendered":"<h3>Merkmale der mazedonischen Flagge<\/h3>\n<p>Unsere Nord-Mazedonien-Flagge ist aus hochwertigem Polyester gefertigt und eignet sich daher f\u00fcr den dauerhaften Einsatz im Innen- und Au\u00dfenbereich. Sie ist mit Metall\u00f6sen versehen, die eine einfache Montage und einen sicheren Halt, auch bei widrigen Wetterbedingungen, gew\u00e4hrleisten. Erh\u00e4ltlich in 90 x 150 cm f\u00fcr maximale Sichtbarkeit, unsere Flagge erf\u00fcllt eine Vielzahl von Bed\u00fcrfnissen, ob Sie es auf einen Mast oder eine Wand zeigen wollen.<\/p>\n<h3>Ein geschichtstr\u00e4chtiges nationales Symbol<\/h3>\n<p>Die 1995 angenommene Flagge Nordmazedoniens zeigt eine leuchtend rote Sonne mit acht Strahlen in der Mitte auf rotem Hintergrund. Das Design ist von der Vergina-Sonne inspiriert, die in den K\u00f6nigsgr\u00e4bern des antiken K\u00f6nigreichs Mazedonien gefunden wurde und auch ein wichtiges Symbol f\u00fcr Griechenland ist. Die Flagge wurde gew\u00e4hlt, um das Streben der Nation nach einer eigenen Identit\u00e4t und einer neuen Ausrichtung nach ihrer Unabh\u00e4ngigkeit von Jugoslawien im Jahr 1991 zu repr\u00e4sentieren.<\/p>\n<h3>Vielseitigkeit der Nutzung<\/h3>\n<p>Ob f\u00fcr nationale Feiern, Sportveranstaltungen, politische Demonstrationen oder Bildungszwecke, die mazedonische Flagge eignet sich f\u00fcr alle Anl\u00e4sse. Das robuste Design und die verblassungsresistenten Farben sorgen daf\u00fcr, dass die Fahne ihre Bedeutung und visuelle Wirkung \u00fcber lange Zeit beibeh\u00e4lt.<\/p>","protected":false},"excerpt":{"rendered":"<p>150 x 90 cm gro\u00dfe Flagge mit 2 stabilen Metall\u00f6sen zum sicheren Aufh\u00e4ngen.<\/p>","protected":false},"featured_media":1238,"comment_status":"open","ping_status":"closed","template":"","meta":{"_gspb_post_css":"","iawp_total_views":10},"product_brand":[],"product_cat":[65,58],"product_tag":[],"class_list":{"0":"post-2353","1":"product","2":"type-product","3":"status-publish","4":"has-post-thumbnail","6":"product_cat-europe-flags","7":"product_cat-country-flags","9":"first","10":"instock","11":"sale","12":"shipping-taxable","13":"purchasable","14":"product-type-simple"},"_links":{"self":[{"href":"https:\/\/cosmoflag.com\/de\/wp-json\/wp\/v2\/product\/2353","targetHints":{"allow":["GET"]}}],"collection":[{"href":"https:\/\/cosmoflag.com\/de\/wp-json\/wp\/v2\/product"}],"about":[{"href":"https:\/\/cosmoflag.com\/de\/wp-json\/wp\/v2\/types\/product"}],"replies":[{"embeddable":true,"href":"https:\/\/cosmoflag.com\/de\/wp-json\/wp\/v2\/comments?post=2353"}],"wp:featuredmedia":[{"embeddable":true,"href":"https:\/\/cosmoflag.com\/de\/wp-json\/wp\/v2\/media\/1238"}],"wp:attachment":[{"href":"https:\/\/cosmoflag.com\/de\/wp-json\/wp\/v2\/media?parent=2353"}],"wp:term":[{"taxonomy":"product_brand","embeddable":true,"href":"https:\/\/cosmoflag.com\/de\/wp-json\/wp\/v2\/product_brand?post=2353"},{"taxonomy":"product_cat","embeddable":true,"href":"https:\/\/cosmoflag.com\/de\/wp-json\/wp\/v2\/product_cat?post=2353"},{"taxonomy":"product_tag","embeddable":true,"href":"https:\/\/cosmoflag.com\/de\/wp-json\/wp\/v2\/product_tag?post=2353"}],"curies":[{"name":"wp","href":"https:\/\/api.w.org\/{rel}","templated":true}]}}