{"id":2345,"date":"2024-12-13T14:07:00","date_gmt":"2024-12-13T12:07:00","guid":{"rendered":"https:\/\/cosmoflag.com\/?post_type=product&#038;p=2345"},"modified":"2025-08-12T21:23:35","modified_gmt":"2025-08-12T19:23:35","slug":"flagge-des-vereinigten-konigreichs","status":"publish","type":"product","link":"https:\/\/cosmoflag.com\/de\/produkt\/flagge-des-vereinigten-konigreichs\/","title":{"rendered":"Flagge des Vereinigten K\u00f6nigreichs"},"content":{"rendered":"<h3>Merkmale der britischen Flagge<\/h3>\n<p>Unsere Flagge des Vereinigten K\u00f6nigreichs, auch bekannt als Union Jack, ist aus hochwertigem Polyester gefertigt und eignet sich daher f\u00fcr den dauerhaften Einsatz im Innen- und Au\u00dfenbereich. Sie ist mit Metall\u00f6sen versehen, die eine einfache Montage und einen sicheren Halt auch bei widrigen Wetterverh\u00e4ltnissen gew\u00e4hrleisten. Erh\u00e4ltlich in 90 x 150 cm\/35 x 59 Inch f\u00fcr maximale Sichtbarkeit, unsere Flagge erf\u00fcllt eine Vielzahl von Bed\u00fcrfnissen, ob Sie es auf einem Mast oder einer Wand zeigen wollen.<\/p>\n<h3>Ein geschichtstr\u00e4chtiges nationales Symbol<\/h3>\n<p>Die Flagge des Vereinigten K\u00f6nigreichs ist eine Kombination aus den Kreuzen dreier Schutzheiliger: das rote Kreuz des Heiligen Georg f\u00fcr England auf wei\u00dfem Grund, das wei\u00dfe Diagonalkreuz des Heiligen Andreas f\u00fcr Schottland auf blauem Grund und das rote Diagonalkreuz des Heiligen Patrick f\u00fcr Irland auf wei\u00dfem Grund. Das Design der 1801 angenommenen Flagge symbolisiert die Vereinigung der konstituierenden Nationen des Vereinigten K\u00f6nigreichs und seine weltweite maritime Geschichte.<\/p>\n<h3>Vielseitigkeit der Nutzung<\/h3>\n<p>Ob f\u00fcr nationale Feiern, Sportveranstaltungen, politische Demonstrationen oder Bildungszwecke, die britische Flagge eignet sich f\u00fcr alle Gelegenheiten. Das robuste Design und die verblassungsresistenten Farben sorgen daf\u00fcr, dass die Flagge ihre Bedeutung und ihre visuelle Wirkung \u00fcber lange Zeit beh\u00e4lt.<\/p>","protected":false},"excerpt":{"rendered":"<p>150 x 90 cm gro\u00dfe Flagge mit 2 stabilen Metall\u00f6sen zum sicheren Aufh\u00e4ngen.<\/p>","protected":false},"featured_media":2234,"comment_status":"open","ping_status":"closed","template":"","meta":{"_gspb_post_css":"","iawp_total_views":117},"product_brand":[],"product_cat":[65,58],"product_tag":[],"class_list":{"0":"post-2345","1":"product","2":"type-product","3":"status-publish","4":"has-post-thumbnail","6":"product_cat-europe-flags","7":"product_cat-country-flags","9":"first","10":"instock","11":"sale","12":"shipping-taxable","13":"purchasable","14":"product-type-simple"},"_links":{"self":[{"href":"https:\/\/cosmoflag.com\/de\/wp-json\/wp\/v2\/product\/2345","targetHints":{"allow":["GET"]}}],"collection":[{"href":"https:\/\/cosmoflag.com\/de\/wp-json\/wp\/v2\/product"}],"about":[{"href":"https:\/\/cosmoflag.com\/de\/wp-json\/wp\/v2\/types\/product"}],"replies":[{"embeddable":true,"href":"https:\/\/cosmoflag.com\/de\/wp-json\/wp\/v2\/comments?post=2345"}],"wp:featuredmedia":[{"embeddable":true,"href":"https:\/\/cosmoflag.com\/de\/wp-json\/wp\/v2\/media\/2234"}],"wp:attachment":[{"href":"https:\/\/cosmoflag.com\/de\/wp-json\/wp\/v2\/media?parent=2345"}],"wp:term":[{"taxonomy":"product_brand","embeddable":true,"href":"https:\/\/cosmoflag.com\/de\/wp-json\/wp\/v2\/product_brand?post=2345"},{"taxonomy":"product_cat","embeddable":true,"href":"https:\/\/cosmoflag.com\/de\/wp-json\/wp\/v2\/product_cat?post=2345"},{"taxonomy":"product_tag","embeddable":true,"href":"https:\/\/cosmoflag.com\/de\/wp-json\/wp\/v2\/product_tag?post=2345"}],"curies":[{"name":"wp","href":"https:\/\/api.w.org\/{rel}","templated":true}]}}