{"id":2328,"date":"2024-12-12T22:59:00","date_gmt":"2024-12-12T20:59:00","guid":{"rendered":"https:\/\/cosmoflag.com\/?post_type=product&#038;p=2328"},"modified":"2025-08-12T21:23:42","modified_gmt":"2025-08-12T19:23:42","slug":"nicht-binar-kennzeichen","status":"publish","type":"product","link":"https:\/\/cosmoflag.com\/de\/produkt\/nicht-binar-kennzeichen\/","title":{"rendered":"Nicht bin\u00e4re Flagge"},"content":{"rendered":"<h3>Nicht bin\u00e4re Flaggenmerkmale<\/h3>\n<p>Unsere nicht-bin\u00e4re Flagge ist aus hochwertigem Polyester gefertigt und eignet sich daher f\u00fcr den dauerhaften Einsatz im Innen- und Au\u00dfenbereich. Sie verf\u00fcgt \u00fcber Metall\u00f6sen f\u00fcr eine einfache Montage und garantierten Halt, auch bei ung\u00fcnstigen Wetterbedingungen. Erh\u00e4ltlich in 90 x 150 cm f\u00fcr maximale Sichtbarkeit, erf\u00fcllt unsere Flagge eine Vielzahl von Bed\u00fcrfnissen, egal ob Sie sie an einem Mast oder an einer Wand aufh\u00e4ngen m\u00f6chten.<\/p>\n<h3>Ein geschichtstr\u00e4chtiges nationales Symbol<\/h3>\n<p>Die nicht-bin\u00e4re Flagge besteht aus vier horizontalen Streifen in Gelb, Wei\u00df, Lila und Schwarz. Gelb steht f\u00fcr Menschen, deren Geschlecht au\u00dferhalb der m\u00e4nnlich-weiblichen Binarit\u00e4t liegt, Wei\u00df f\u00fcr Menschen mit mehreren Identit\u00e4ten, Lila f\u00fcr gemischte Identit\u00e4ten und Schwarz f\u00fcr geschlechtslose Menschen.<\/p>\n<h3>Vielseitigkeit der Nutzung<\/h3>\n<p>Ob f\u00fcr Pride-Events, Gemeindeversammlungen, kulturelle Veranstaltungen oder als Mittel zur Aufkl\u00e4rung \u00fcber Geschlechtervielfalt, die nicht-bin\u00e4re Flagge ist f\u00fcr alle Gelegenheiten geeignet. Durch ihre Robustheit und die verblassungsresistenten Farben beh\u00e4lt die Fahne auch im Laufe der Zeit ihre optische Wirkung.<\/p>","protected":false},"excerpt":{"rendered":"<p>150 x 90 cm gro\u00dfe Flagge mit 2 stabilen Metall\u00f6sen zum sicheren Aufh\u00e4ngen.<\/p>","protected":false},"featured_media":1294,"comment_status":"open","ping_status":"closed","template":"","meta":{"_gspb_post_css":"","iawp_total_views":25},"product_brand":[],"product_cat":[57],"product_tag":[],"class_list":{"0":"post-2328","1":"product","2":"type-product","3":"status-publish","4":"has-post-thumbnail","6":"product_cat-lgbt-flags","8":"first","9":"instock","10":"sale","11":"shipping-taxable","12":"purchasable","13":"product-type-simple"},"_links":{"self":[{"href":"https:\/\/cosmoflag.com\/de\/wp-json\/wp\/v2\/product\/2328","targetHints":{"allow":["GET"]}}],"collection":[{"href":"https:\/\/cosmoflag.com\/de\/wp-json\/wp\/v2\/product"}],"about":[{"href":"https:\/\/cosmoflag.com\/de\/wp-json\/wp\/v2\/types\/product"}],"replies":[{"embeddable":true,"href":"https:\/\/cosmoflag.com\/de\/wp-json\/wp\/v2\/comments?post=2328"}],"wp:featuredmedia":[{"embeddable":true,"href":"https:\/\/cosmoflag.com\/de\/wp-json\/wp\/v2\/media\/1294"}],"wp:attachment":[{"href":"https:\/\/cosmoflag.com\/de\/wp-json\/wp\/v2\/media?parent=2328"}],"wp:term":[{"taxonomy":"product_brand","embeddable":true,"href":"https:\/\/cosmoflag.com\/de\/wp-json\/wp\/v2\/product_brand?post=2328"},{"taxonomy":"product_cat","embeddable":true,"href":"https:\/\/cosmoflag.com\/de\/wp-json\/wp\/v2\/product_cat?post=2328"},{"taxonomy":"product_tag","embeddable":true,"href":"https:\/\/cosmoflag.com\/de\/wp-json\/wp\/v2\/product_tag?post=2328"}],"curies":[{"name":"wp","href":"https:\/\/api.w.org\/{rel}","templated":true}]}}