{"id":2322,"date":"2024-12-12T14:27:00","date_gmt":"2024-12-12T12:27:00","guid":{"rendered":"https:\/\/cosmoflag.com\/?post_type=product&#038;p=2322"},"modified":"2025-09-04T10:22:20","modified_gmt":"2025-09-04T08:22:20","slug":"lesbische-flagge","status":"publish","type":"product","link":"https:\/\/cosmoflag.com\/de\/produkt\/lesbische-flagge\/","title":{"rendered":"Lesbische Flagge"},"content":{"rendered":"<h3>Merkmale der lesbischen Flagge<\/h3>\n<p>Unsere lesbische Flagge ist aus hochwertigem Polyester gefertigt und eignet sich daher f\u00fcr den dauerhaften Einsatz im Innen- und Au\u00dfenbereich. Sie verf\u00fcgt \u00fcber Metall\u00f6sen f\u00fcr eine einfache Montage und garantierten Halt, auch bei widrigen Wetterbedingungen. Erh\u00e4ltlich in 90\u00d7150 cm\/35\u00d759 Zoll f\u00fcr maximale Sichtbarkeit, unsere Flagge erf\u00fcllt eine Vielzahl von Bed\u00fcrfnissen, ob Sie es auf einem Mast oder einer Wand zeigen wollen.<\/p>\n<h3>Ein geschichtstr\u00e4chtiges nationales Symbol<\/h3>\n<p>Die lesbische Flagge zeigt Streifen in den Farben von Orange bis Violett, die die Vielfalt und Einheit der lesbischen Gemeinschaft darstellen. Jede Farbe tr\u00e4gt eine Bedeutung, die die Identit\u00e4t und Solidarit\u00e4t der Gemeinschaft feiert und den Reichtum der lesbischen Vielfalt widerspiegelt.<\/p>\n<h3>Vielseitiger Einsatz<\/h3>\n<p>Diese Fahne ist ideal f\u00fcr Feiern zum lesbischen Stolz, f\u00fcr Gemeindeveranstaltungen, kulturelle Veranstaltungen oder als Lehrmittel geeignet. Das robuste Design und die lichtechten Farben sorgen f\u00fcr eine stolze und lebendige Darstellung der lesbischen Gemeinschaft.<\/p>","protected":false},"excerpt":{"rendered":"<p>150 x 90 cm gro\u00dfe Flagge mit 2 stabilen Metall\u00f6sen zum sicheren Aufh\u00e4ngen.<\/p>","protected":false},"featured_media":1204,"comment_status":"open","ping_status":"closed","template":"","meta":{"_gspb_post_css":"","iawp_total_views":29},"product_brand":[],"product_cat":[57],"product_tag":[],"class_list":{"0":"post-2322","1":"product","2":"type-product","3":"status-publish","4":"has-post-thumbnail","6":"product_cat-lgbt-flags","8":"first","9":"instock","10":"sale","11":"shipping-taxable","12":"purchasable","13":"product-type-simple"},"_links":{"self":[{"href":"https:\/\/cosmoflag.com\/de\/wp-json\/wp\/v2\/product\/2322","targetHints":{"allow":["GET"]}}],"collection":[{"href":"https:\/\/cosmoflag.com\/de\/wp-json\/wp\/v2\/product"}],"about":[{"href":"https:\/\/cosmoflag.com\/de\/wp-json\/wp\/v2\/types\/product"}],"replies":[{"embeddable":true,"href":"https:\/\/cosmoflag.com\/de\/wp-json\/wp\/v2\/comments?post=2322"}],"wp:featuredmedia":[{"embeddable":true,"href":"https:\/\/cosmoflag.com\/de\/wp-json\/wp\/v2\/media\/1204"}],"wp:attachment":[{"href":"https:\/\/cosmoflag.com\/de\/wp-json\/wp\/v2\/media?parent=2322"}],"wp:term":[{"taxonomy":"product_brand","embeddable":true,"href":"https:\/\/cosmoflag.com\/de\/wp-json\/wp\/v2\/product_brand?post=2322"},{"taxonomy":"product_cat","embeddable":true,"href":"https:\/\/cosmoflag.com\/de\/wp-json\/wp\/v2\/product_cat?post=2322"},{"taxonomy":"product_tag","embeddable":true,"href":"https:\/\/cosmoflag.com\/de\/wp-json\/wp\/v2\/product_tag?post=2322"}],"curies":[{"name":"wp","href":"https:\/\/api.w.org\/{rel}","templated":true}]}}