{"id":2318,"date":"2024-12-12T14:12:00","date_gmt":"2024-12-12T12:12:00","guid":{"rendered":"https:\/\/cosmoflag.com\/?post_type=product&#038;p=2318"},"modified":"2025-08-12T21:23:45","modified_gmt":"2025-08-12T19:23:45","slug":"lgbt-philadelphia-pride-flag","status":"publish","type":"product","link":"https:\/\/cosmoflag.com\/de\/produkt\/lgbt-philadelphia-pride-flag\/","title":{"rendered":"LGBT Philadelphia Pride-Flagge"},"content":{"rendered":"<h3>LGBT Philadelphia Pride Flagge Merkmale<\/h3>\n<p>Unsere LGBT Philadelphia Pride-Flagge ist aus hochwertigem Polyester gefertigt und eignet sich daher f\u00fcr den dauerhaften Einsatz im Innen- und Au\u00dfenbereich. Sie verf\u00fcgt \u00fcber Metall\u00f6sen f\u00fcr eine einfache Montage und garantierten Halt, auch bei ung\u00fcnstigen Wetterbedingungen. Erh\u00e4ltlich in 90\u00d7150 cm\/35\u00d759 Inch f\u00fcr maximale Sichtbarkeit, unsere Flagge erf\u00fcllt eine Vielzahl von Bed\u00fcrfnissen, ob Sie es auf einen Mast oder eine Wand zeigen wollen.<\/p>\n<p><strong>Ein geschichtstr\u00e4chtiges nationales Symbol<\/strong><\/p>\n<p>Die LGBT Philadelphia Pride Flagge f\u00fcgt zwei Streifen, einen schwarzen und einen braunen, zu den traditionellen sechs Farben des Regenbogens der LGBTQ+ Pride Flagge hinzu. Diese Erg\u00e4nzungen wurden vorgenommen, um Vielfalt und Inklusion zu betonen, insbesondere in Bezug auf People of Color innerhalb der LGBTQ+-Community. Diese Version der Flagge wurde 2017 eingef\u00fchrt, um die Sichtbarkeit von schwarzen und braunen LGBTQ+ Menschen zu verst\u00e4rken und das Engagement f\u00fcr alle Stimmen innerhalb der Gemeinschaft zu bekr\u00e4ftigen.<\/p>\n<p><strong>Vielseitigkeit der Nutzung<\/strong><\/p>\n<p>Die Philadelphia Pride-Flagge ist ein starkes Symbol der Inklusion und eignet sich ideal f\u00fcr Paraden, Demonstrationen, kulturelle Veranstaltungen oder als Bildungsinstrument. Das robuste Design und die verblassungsresistenten Farben sorgen daf\u00fcr, dass die Fahne ihre visuelle Wirkung und Bedeutung \u00fcber lange Zeit beibeh\u00e4lt.<\/p>","protected":false},"excerpt":{"rendered":"<p>150 x 90 cm gro\u00dfe Flagge mit 2 stabilen Metall\u00f6sen zum sicheren Aufh\u00e4ngen.<\/p>","protected":false},"featured_media":1206,"comment_status":"open","ping_status":"closed","template":"","meta":{"_gspb_post_css":"","iawp_total_views":12},"product_brand":[],"product_cat":[57],"product_tag":[],"class_list":{"0":"post-2318","1":"product","2":"type-product","3":"status-publish","4":"has-post-thumbnail","6":"product_cat-lgbt-flags","8":"first","9":"instock","10":"sale","11":"shipping-taxable","12":"purchasable","13":"product-type-simple"},"_links":{"self":[{"href":"https:\/\/cosmoflag.com\/de\/wp-json\/wp\/v2\/product\/2318","targetHints":{"allow":["GET"]}}],"collection":[{"href":"https:\/\/cosmoflag.com\/de\/wp-json\/wp\/v2\/product"}],"about":[{"href":"https:\/\/cosmoflag.com\/de\/wp-json\/wp\/v2\/types\/product"}],"replies":[{"embeddable":true,"href":"https:\/\/cosmoflag.com\/de\/wp-json\/wp\/v2\/comments?post=2318"}],"wp:featuredmedia":[{"embeddable":true,"href":"https:\/\/cosmoflag.com\/de\/wp-json\/wp\/v2\/media\/1206"}],"wp:attachment":[{"href":"https:\/\/cosmoflag.com\/de\/wp-json\/wp\/v2\/media?parent=2318"}],"wp:term":[{"taxonomy":"product_brand","embeddable":true,"href":"https:\/\/cosmoflag.com\/de\/wp-json\/wp\/v2\/product_brand?post=2318"},{"taxonomy":"product_cat","embeddable":true,"href":"https:\/\/cosmoflag.com\/de\/wp-json\/wp\/v2\/product_cat?post=2318"},{"taxonomy":"product_tag","embeddable":true,"href":"https:\/\/cosmoflag.com\/de\/wp-json\/wp\/v2\/product_tag?post=2318"}],"curies":[{"name":"wp","href":"https:\/\/api.w.org\/{rel}","templated":true}]}}