{"id":2312,"date":"2024-12-12T13:43:00","date_gmt":"2024-12-12T11:43:00","guid":{"rendered":"https:\/\/cosmoflag.com\/?post_type=product&#038;p=2312"},"modified":"2026-04-04T13:27:14","modified_gmt":"2026-04-04T11:27:14","slug":"intersex-fortschritt-stolz-fahne","status":"publish","type":"product","link":"https:\/\/cosmoflag.com\/de\/produkt\/intersex-fortschritt-stolz-fahne\/","title":{"rendered":"Intersex Progress Pride Flagge"},"content":{"rendered":"<h3>Merkmale der Intersex Progress Pride Flagge<\/h3>\n<p>Unsere Intersex Progress Pride-Flagge ist aus hochwertigem Polyester gefertigt und daher ideal f\u00fcr den dauerhaften Einsatz im Innen- und Au\u00dfenbereich. Sie ist mit Metall\u00f6sen ausgestattet, die eine einfache Montage und einen garantierten Halt auch bei widrigen Wetterverh\u00e4ltnissen gew\u00e4hrleisten. Mit einer Gr\u00f6\u00dfe von 90 x 150 cm f\u00fcr maximale Sichtbarkeit erf\u00fcllt unsere Flagge eine Vielzahl von Anforderungen, egal ob Sie sie an einem Mast oder einer Wand aufh\u00e4ngen m\u00f6chten.<\/p>\n<h3>Ein geschichtstr\u00e4chtiges nationales Symbol<\/h3>\n<p>Die Intersex Progress Pride-Flagge enth\u00e4lt das Design der traditionellen Progress Pride-Flagge mit einem zus\u00e4tzlichen violetten Kreis auf gelbem Hintergrund im nach rechts zeigenden Pfeilstreifen, der die intersexuelle Gemeinschaft symbolisiert. Dieses innovative Design unterstreicht die Bedeutung der Integration und Sichtbarkeit von Intersexuellen innerhalb der LGBTQ+ Gemeinschaft. Die Flagge w\u00fcrdigt auch die Beitr\u00e4ge und die Widerstandsf\u00e4higkeit von Transgender, People of Color und intersexuellen Menschen.<\/p>\n<h3>Vielseitigkeit der Nutzung<\/h3>\n<p>Diese Fahne eignet sich perfekt f\u00fcr Paraden, Gemeindeveranstaltungen, kulturelle Demonstrationen oder als Lehrmittel und ist ein starkes Symbol der Inklusion. Das robuste Design und die verblassungsresistenten Farben sorgen daf\u00fcr, dass die Fahne ihre visuelle Wirkung und Bedeutung \u00fcber lange Zeit beibeh\u00e4lt.<\/p>","protected":false},"excerpt":{"rendered":"<p>150 x 90 cm gro\u00dfe Flagge mit 2 stabilen Metall\u00f6sen zum sicheren Aufh\u00e4ngen.<\/p>","protected":false},"featured_media":1151,"comment_status":"open","ping_status":"closed","template":"","meta":{"_gspb_post_css":"","iawp_total_views":42},"product_brand":[],"product_cat":[57],"product_tag":[],"class_list":{"0":"post-2312","1":"product","2":"type-product","3":"status-publish","4":"has-post-thumbnail","6":"product_cat-lgbt-flags","8":"first","9":"instock","10":"sale","11":"shipping-taxable","12":"purchasable","13":"product-type-simple"},"_links":{"self":[{"href":"https:\/\/cosmoflag.com\/de\/wp-json\/wp\/v2\/product\/2312","targetHints":{"allow":["GET"]}}],"collection":[{"href":"https:\/\/cosmoflag.com\/de\/wp-json\/wp\/v2\/product"}],"about":[{"href":"https:\/\/cosmoflag.com\/de\/wp-json\/wp\/v2\/types\/product"}],"replies":[{"embeddable":true,"href":"https:\/\/cosmoflag.com\/de\/wp-json\/wp\/v2\/comments?post=2312"}],"wp:featuredmedia":[{"embeddable":true,"href":"https:\/\/cosmoflag.com\/de\/wp-json\/wp\/v2\/media\/1151"}],"wp:attachment":[{"href":"https:\/\/cosmoflag.com\/de\/wp-json\/wp\/v2\/media?parent=2312"}],"wp:term":[{"taxonomy":"product_brand","embeddable":true,"href":"https:\/\/cosmoflag.com\/de\/wp-json\/wp\/v2\/product_brand?post=2312"},{"taxonomy":"product_cat","embeddable":true,"href":"https:\/\/cosmoflag.com\/de\/wp-json\/wp\/v2\/product_cat?post=2312"},{"taxonomy":"product_tag","embeddable":true,"href":"https:\/\/cosmoflag.com\/de\/wp-json\/wp\/v2\/product_tag?post=2312"}],"curies":[{"name":"wp","href":"https:\/\/api.w.org\/{rel}","templated":true}]}}