{"id":2559,"date":"2025-01-01T18:44:57","date_gmt":"2025-01-01T18:44:57","guid":{"rendered":"https:\/\/cosmoflag.com\/?page_id=2559"},"modified":"2025-01-05T14:19:20","modified_gmt":"2025-01-05T14:19:20","slug":"datenschutzbestimmungen","status":"publish","type":"page","link":"https:\/\/cosmoflag.com\/de\/datenschutzbestimmungen\/","title":{"rendered":"Datenschutzbestimmungen"},"content":{"rendered":"<h3 class=\"wp-block-heading\" id=\"introduction-to-cosmoflag-s-privacy-statement\">Einf\u00fchrung in die Datenschutzerkl\u00e4rung von Cosmoflag<\/h3>\n\n\n\n<p>Unter <strong>Kosmopolitische Flagge<\/strong>Wir sind uns bewusst, dass der Schutz Ihrer Privatsph\u00e4re von entscheidender Bedeutung ist, und wir verpflichten uns, diese zu respektieren. Als Online-Shop, der sich dem Verkauf hochwertiger Flaggen widmet, sammeln wir bestimmte Informationen, um Ihr Einkaufserlebnis zu verbessern und gleichzeitig die Sicherheit und Vertraulichkeit Ihrer pers\u00f6nlichen Daten zu gew\u00e4hrleisten.<\/p>\n\n\n\n<p>In unserer Datenschutzerkl\u00e4rung wird erl\u00e4utert, wie und warum wir Ihre personenbezogenen Daten erfassen, wie sie verwendet werden und wie wir sie sch\u00fctzen. Ihr Vertrauen ist uns wichtig. Deshalb ergreifen wir alle erforderlichen Ma\u00dfnahmen, um Ihre Daten zu sch\u00fctzen und Ihnen die Kontrolle \u00fcber deren Verwendung zu erm\u00f6glichen.<\/p>\n\n\n\n<p>Wir m\u00f6chten Sie bitten, diese Erkl\u00e4rung sorgf\u00e4ltig zu lesen, um zu verstehen, wie wir mit Ihren pers\u00f6nlichen Daten umgehen und wie sie behandelt werden. Sollten Sie Fragen oder Bedenken haben, k\u00f6nnen Sie sich gerne an uns wenden. Der Schutz Ihrer Privatsph\u00e4re ist f\u00fcr uns von zentraler Bedeutung, und wir verpflichten uns, sie streng zu sch\u00fctzen.<\/p>\n\n\n\n<hr class=\"wp-block-separator has-alpha-channel-opacity\"\/>\n\n\n\n<h3 class=\"wp-block-heading\" id=\"article-1-personal-information-collected\">Artikel 1 - Erfasste personenbezogene Daten<\/h3>\n\n\n\n<p><strong>Bei K\u00e4ufen gesammelte Informationen<\/strong><br>Wenn Sie einen Kauf in unserem Cosmoflag-Shop t\u00e4tigen, erfassen wir die von Ihnen angegebenen pers\u00f6nlichen Daten. Dazu geh\u00f6ren Ihr Name, Ihre Postanschrift und Ihre E-Mail-Adresse - Informationen, die f\u00fcr den Abschluss Ihrer Transaktion erforderlich sind. Diese Angaben erm\u00f6glichen es uns, Ihre Bestellungen zu bearbeiten, die Produktlieferung zu verwalten und Sie bei Bedarf bez\u00fcglich Ihres Einkaufs zu kontaktieren.<\/p>\n\n\n\n<p><strong>W\u00e4hrend des Browsens gesammelte Informationen<\/strong><br>Zus\u00e4tzlich zu den ausdr\u00fccklich angegebenen Informationen erfassen wir automatisch bestimmte Details, wenn Sie unsere Website besuchen. Dazu geh\u00f6rt die Internet-Protokoll-Adresse (IP-Adresse) Ihres Computers, die uns hilft, Server-Probleme zu diagnostizieren, unsere Website zu verwalten und Verbesserungen zu ermitteln, die darauf basieren, wie Besucher auf unserer Website navigieren. Wir erfassen auch Details \u00fcber Ihren Browsertyp und Ihr Betriebssystem, die uns helfen, die Website f\u00fcr alle Benutzer zu optimieren.<\/p>\n\n\n\n<p><strong>E-Mail-Marketing<\/strong><br>Mit Ihrer Erlaubnis k\u00f6nnen wir Ihnen E-Mails \u00fcber unser Gesch\u00e4ft, neue Produkte und Aktualisierungen senden, von denen wir glauben, dass sie f\u00fcr Sie von Interesse sind. Diese Mitteilungen sollen Ihr Einkaufserlebnis verbessern, indem sie Sie \u00fcber die neuesten Nachrichten und Angebote von Cosmoflag informieren. Sie k\u00f6nnen sich jederzeit abmelden, wenn Sie diese Informationen nicht mehr erhalten m\u00f6chten.<\/p>\n\n\n\n<p>Der Schutz Ihrer pers\u00f6nlichen Daten hat f\u00fcr uns oberste Priorit\u00e4t, und wir verpflichten uns, sie mit Sorgfalt und Verantwortung zu verwalten. Alle Informationen werden in \u00dcbereinstimmung mit den geltenden Datenschutzgesetzen und unseren internen Datenschutzrichtlinien behandelt.<\/p>\n\n\n\n<hr class=\"wp-block-separator has-alpha-channel-opacity\"\/>\n\n\n\n<h3 class=\"wp-block-heading\" id=\"article-2-consent\">Artikel 2 - Zustimmung<\/h3>\n\n\n\n<p><strong>Einholung Ihrer Zustimmung<\/strong><br>Wenn Sie uns Ihre pers\u00f6nlichen Daten zur Verf\u00fcgung stellen, um eine Transaktion abzuschlie\u00dfen, Ihre Kreditkarte zu \u00fcberpr\u00fcfen, eine Bestellung aufzugeben, eine Lieferung zu vereinbaren oder einen Kauf zur\u00fcckzugeben, gehen wir davon aus, dass Sie damit einverstanden sind, dass wir Ihre Daten nur f\u00fcr diese speziellen Zwecke sammeln und verwenden.<\/p>\n\n\n\n<p>F\u00fcr jede andere Verwendung Ihrer pers\u00f6nlichen Daten, wie z. B. f\u00fcr Direktmarketing-Kampagnen, werden wir Sie ausdr\u00fccklich um Ihre Zustimmung bitten oder Ihnen die M\u00f6glichkeit geben, sich dagegen zu entscheiden.<\/p>\n\n\n\n<p><strong>Wie Sie Ihre Zustimmung zur\u00fcckziehen k\u00f6nnen<\/strong><br>Wenn Sie nach Erteilung Ihrer Zustimmung Ihre Meinung \u00e4ndern, haben Sie jederzeit das Recht, Ihre Zustimmung zur Kontaktaufnahme mit Ihnen, zur Erfassung, Verwendung oder Weitergabe Ihrer Daten zu widerrufen. Um Ihre Zustimmung zu widerrufen, k\u00f6nnen Sie uns kontaktieren unter <strong><a>info@cosmoflag.com<\/a><\/strong> oder senden Sie einen Brief an unsere Postanschrift, in dem Sie die notwendigen Angaben machen oder best\u00e4tigen, damit wir Ihre Anfrage identifizieren und beantworten k\u00f6nnen.<\/p>\n\n\n\n<p><strong>Verwaltung Ihrer Zustimmung<\/strong><br>Wir verpflichten uns, die Entscheidungen zu respektieren, die Sie bez\u00fcglich Ihrer personenbezogenen Daten treffen. Dazu geh\u00f6rt nicht nur das Recht, Ihre Einwilligung jederzeit zu widerrufen, sondern auch die M\u00f6glichkeit, Zugang zu den personenbezogenen Daten zu verlangen, die wir \u00fcber Sie gespeichert haben, und Korrekturen zu verlangen, wenn die Daten unrichtig oder unvollst\u00e4ndig sind.<\/p>\n\n\n\n<p>Ihr Vertrauen ist der Kern unseres Engagements f\u00fcr den Datenschutz. Indem wir Ihnen klare Zustimmungsoptionen anbieten und Ihre Entscheidungen respektieren, stellen wir sicher, dass Ihre Daten transparent und respektvoll behandelt werden.<\/p>\n\n\n\n<hr class=\"wp-block-separator has-alpha-channel-opacity\"\/>\n\n\n\n<h3 class=\"wp-block-heading\" id=\"article-3-disclosure\">Artikel 3 - Offenlegung<\/h3>\n\n\n\n<p><strong>Bedingungen f\u00fcr die Offenlegung Ihrer pers\u00f6nlichen Daten<\/strong><br>Wir verpflichten uns, Ihre pers\u00f6nlichen Daten nicht zu verkaufen, zu handeln oder sie ohne Ihre Zustimmung an Dritte weiterzugeben, au\u00dfer unter den folgenden Umst\u00e4nden:<\/p>\n\n\n\n<ul class=\"wp-block-list\">\n<li><strong>Rechtliche Anforderungen<\/strong>: Wir k\u00f6nnen Ihre pers\u00f6nlichen Daten offenlegen, wenn dies gesetzlich vorgeschrieben ist oder wenn Sie gegen unsere Allgemeinen Gesch\u00e4ftsbedingungen versto\u00dfen. Dazu geh\u00f6rt auch die Zusammenarbeit mit Rechts- und Aufsichtsbeh\u00f6rden, um Ermittlungen durchzuf\u00fchren oder rechtlichen Verpflichtungen nachzukommen.<\/li>\n\n\n\n<li><strong>Anbieter von Dienstleistungen<\/strong>: Ihre pers\u00f6nlichen Daten k\u00f6nnen an Dritte weitergegeben werden, die in unserem Auftrag Dienstleistungen erbringen, wie z.B. Zahlungsabwicklung, Versandmanagement oder Datenanalyse. Diese Dienstleister werden sorgf\u00e4ltig ausgew\u00e4hlt und sind nur befugt, Ihre Daten zu verwenden, um die von uns angeforderten Dienstleistungen in \u00dcbereinstimmung mit unserer Datenschutzrichtlinie zu erbringen.<\/li>\n\n\n\n<li><strong>Gesch\u00e4ftsvorf\u00e4lle<\/strong>: Im Falle einer Fusion, einer \u00dcbernahme oder eines Verkaufs aller oder eines Teils unserer Verm\u00f6genswerte k\u00f6nnen Ihre pers\u00f6nlichen Daten \u00fcbertragen werden. Wir werden Sie per E-Mail und\/oder durch einen auff\u00e4lligen Hinweis auf unserer Website \u00fcber \u00c4nderungen der Eigentumsverh\u00e4ltnisse oder der Nutzung Ihrer personenbezogenen Daten sowie \u00fcber Ihre Optionen in Bezug auf diese Daten informieren.<\/li>\n\n\n\n<li><strong>Schutz von Cosmoflag und anderen<\/strong>: Wir behalten uns das Recht vor, Ihre pers\u00f6nlichen Daten weiterzugeben, um unsere Rechte, unsere Sicherheit, die unserer Kunden oder die Dritter zu sch\u00fctzen, z. B. zur Betrugsbek\u00e4mpfung und zur Verringerung des Kreditrisikos.<\/li>\n<\/ul>\n\n\n\n<p><strong>Sicherheit und Vertraulichkeit<\/strong><br>In jedem Fall der Weitergabe ergreifen wir Ma\u00dfnahmen, um sicherzustellen, dass Ihre personenbezogenen Daten in \u00dcbereinstimmung mit dieser Datenschutzrichtlinie und den geltenden Rechtsvorschriften gesch\u00fctzt bleiben. Vereinbarungen mit Dritten enthalten Klauseln, die den Schutz Ihrer personenbezogenen Daten verlangen und sicherstellen, dass diese Parteien die Vertraulichkeit und Sicherheit der Daten wahren.<\/p>\n\n\n\n<p>Wir verpflichten uns zu einem verantwortungsvollen und sicheren Umgang mit Ihren pers\u00f6nlichen Daten und zur Transparenz \u00fcber die F\u00e4lle, in denen diese Daten weitergegeben werden k\u00f6nnen. Wenn Sie Fragen oder Bedenken hinsichtlich des Umgangs mit Ihren personenbezogenen Daten haben, wenden Sie sich bitte an uns.<\/p>\n\n\n\n<hr class=\"wp-block-separator has-alpha-channel-opacity\"\/>\n\n\n\n<h3 class=\"wp-block-heading\" id=\"article-4-wordpress-and-data-security\">Artikel 4 - WordPress und Datensicherheit<\/h3>\n\n\n\n<p><strong>Hosting und Datenverwaltung<\/strong><br>Unser Shop ist auf WordPress gehostet und verwendet die WooCommerce E-Commerce-Plattform. WooCommerce stellt die Online-Plattform zur Verf\u00fcgung, die es uns erm\u00f6glicht, unsere Produkte und Dienstleistungen zu verkaufen. Ihre Daten werden in den Datenspeichersystemen von WooCommerce, in Datenbanken und in der allgemeinen WordPress-Anwendung gespeichert. Ihre Daten werden auf sicheren Servern hinter einer Firewall aufbewahrt.<\/p>\n\n\n\n<p><strong>Zahlung<\/strong><br>Die Transaktionen auf unserer Website werden \u00fcber externe Zahlungs-Gateways abgewickelt, die Sicherheitsprotokolle zur Verschl\u00fcsselung sensibler Daten, wie z. B. Kreditkarteninformationen, verwenden. W\u00e4hrend WooCommerce diese Transaktionen erleichtert, speichert es Ihre Kreditkartendaten nicht, sobald die Transaktion abgeschlossen ist.<\/p>\n\n\n\n<p>Alle auf unserer Website verwendeten Zahlungsgateways halten sich an die <strong>PCI-DSS-Standards<\/strong> wie sie von der <strong>PCI Rat f\u00fcr Sicherheitsstandards<\/strong>die eine gemeinsame Anstrengung von Marken wie Visa, MasterCard, American Express und Discover ist. Diese Standards tragen dazu bei, die sichere Verarbeitung von Kreditkarteninformationen durch unser Gesch\u00e4ft und unsere Dienstleister zu gew\u00e4hrleisten.<\/p>\n\n\n\n<p><strong>Zugang zu und Verwaltung von personenbezogenen Daten<\/strong><br>\u00dcber WordPress und WooCommerce k\u00f6nnen Sie ein Benutzerkonto anlegen, um Ihre pers\u00f6nlichen Daten zu verwalten, Bestellungen zu verfolgen und Zahlungsvorg\u00e4nge einzusehen. Sie k\u00f6nnen jederzeit auf diese Informationen zugreifen, indem Sie sich in Ihr Konto auf unserer Website einloggen.<\/p>\n\n\n\n<p><strong>Datensicherheit<\/strong><br>Wir nehmen die Datensicherheit sehr ernst und verpflichten uns, Ihre pers\u00f6nlichen Daten zu sch\u00fctzen. Technische Sicherheitsma\u00dfnahmen, wie z. B. SSL\/TLS-Verschl\u00fcsselung, werden eingesetzt, um Ihre \u00fcber unsere Website \u00fcbermittelten personenbezogenen Daten zu sch\u00fctzen. Dar\u00fcber hinaus beschr\u00e4nken interne Sicherheitspraktiken den Zugriff auf Ihre Daten auf autorisiertes Personal, das diese zur Erf\u00fcllung seiner Aufgaben ben\u00f6tigt.<\/p>\n\n\n\n<p>Sollte WooCommerce oder WordPress unseren Sicherheits- oder Betriebsanforderungen nicht mehr gen\u00fcgen, behalten wir uns das Recht vor, die Plattform zu wechseln. Die Kontinuit\u00e4t und Sicherheit Ihrer Daten bleibt unsere Priorit\u00e4t, und Sie werden \u00fcber alle wesentlichen \u00c4nderungen informiert, die sich auf die Verwaltung Ihrer personenbezogenen Daten auswirken.<\/p>\n\n\n\n<p>Wenn Sie Fragen zur Sicherheit Ihrer pers\u00f6nlichen Daten haben, wenden Sie sich bitte an uns.<\/p>\n\n\n\n<h3 class=\"wp-block-heading\" id=\"article-6-security\">Artikel 6 - Sicherheit<\/h3>\n\n\n\n<p><strong>Sicherheitsma\u00dfnahmen<\/strong><br>Unter <strong>Kosmopolitische Flagge<\/strong>Die Sicherheit Ihrer pers\u00f6nlichen Daten hat f\u00fcr uns h\u00f6chste Priorit\u00e4t. Wir ergreifen strenge Sicherheitsma\u00dfnahmen, um Ihre Daten vor unbefugtem Zugriff, Ver\u00e4nderung, Offenlegung oder Zerst\u00f6rung zu sch\u00fctzen. Zu diesen Ma\u00dfnahmen geh\u00f6ren fortschrittliche technische Protokolle wie die SSL-Verschl\u00fcsselung (Secure Socket Layer) f\u00fcr die sichere Daten\u00fcbertragung auf unserer Website und die sichere Speicherung sensibler Daten.<\/p>\n\n\n\n<p><strong>Datenverschl\u00fcsselung<\/strong><br>Wenn Sie Ihre Kreditkartendaten angeben, werden diese mit Hilfe einer Verschl\u00fcsselungstechnologie sicher an unsere Server \u00fcbertragen. Die Daten werden dann in unserer Datenbank verschl\u00fcsselt und sind nur f\u00fcr befugte Personen mit besonderen Zugriffsrechten zug\u00e4nglich, die verpflichtet sind, diese Informationen vertraulich zu behandeln. Neben SSL verwenden wir eine AES-256-Verschl\u00fcsselung, um die gespeicherten Daten zu sch\u00fctzen.<\/p>\n\n\n\n<p><strong>Industrie-Normen<\/strong><br>Wir halten uns an die Branchenstandards f\u00fcr den Schutz personenbezogener Daten, einschlie\u00dflich der Standards des Payment Card Industry Data Security Standard (PCI-DSS). Unsere Sicherheitspraktiken werden regelm\u00e4\u00dfig \u00fcberpr\u00fcft und aktualisiert, um den technologischen Fortschritten und den besten betrieblichen Praktiken Rechnung zu tragen.<\/p>\n\n\n\n<p><strong>\u00dcberwachung und Bewertung<\/strong><br>Wir \u00fcberwachen unsere Systeme st\u00e4ndig, um Sicherheitsl\u00fccken und potenzielle Angriffe zu erkennen. Allerdings ist kein elektronisches \u00dcbertragungs- oder Speichersystem 100% sicher. Obwohl wir uns bem\u00fchen, Ihre personenbezogenen Daten zu sch\u00fctzen, k\u00f6nnen wir ihre absolute Sicherheit nicht garantieren.<\/p>\n\n\n\n<p><strong>Umgang mit Sicherheitsverst\u00f6\u00dfen<\/strong><br>Im Falle eines Sicherheitsversto\u00dfes, der Ihre pers\u00f6nlichen Daten betrifft, werden wir unverz\u00fcglich handeln, um die Ursache zu ermitteln, Korrekturma\u00dfnahmen zu ergreifen und Sie gem\u00e4\u00df den geltenden Gesetzen zu benachrichtigen. Wir verpflichten uns, mit den zust\u00e4ndigen Beh\u00f6rden zusammenzuarbeiten und Sie \u00fcber alle Schritte zu informieren, die Sie unternehmen k\u00f6nnen, um die Auswirkungen zu minimieren.<\/p>\n\n\n\n<p><strong>Verantwortlichkeiten der Benutzer<\/strong><br>Wir raten Ihnen, Ma\u00dfnahmen zu ergreifen, um Ihre pers\u00f6nlichen Daten online zu sch\u00fctzen. Dazu geh\u00f6ren die Verwendung sicherer Passw\u00f6rter, die regelm\u00e4\u00dfige Aktualisierung Ihrer Software und die Vermeidung von unsicheren Wi-Fi-Netzen f\u00fcr Transaktionen. Die Sicherheit Ihrer Daten h\u00e4ngt auch von Ihren proaktiven Ma\u00dfnahmen ab.<\/p>\n\n\n\n<p>Bei Fragen zur Sicherheit Ihrer pers\u00f6nlichen Daten oder bei speziellen Anliegen k\u00f6nnen Sie sich gerne an unser Kundensupport-Team wenden. Wir sind hier, um Ihnen zu helfen, die Datensicherheit bei Cosmoflag zu verstehen und zu handhaben.<\/p>\n\n\n\n<hr class=\"wp-block-separator has-alpha-channel-opacity\"\/>\n\n\n\n<h3 class=\"wp-block-heading\" id=\"article-7-cookies\">Artikel 7 - Cookies<\/h3>\n\n\n\n<p><strong>Verwendung von Cookies<\/strong><br>Unter <strong>Kosmopolitische Flagge<\/strong>Wir verwenden Cookies, um die Nutzererfahrung auf unserer Website zu verbessern. Cookies sind kleine Datendateien, die auf Ihrem Computer oder Mobilger\u00e4t gespeichert werden, wenn Sie unsere Website besuchen. Sie erm\u00f6glichen es uns, Ihr Ger\u00e4t zu erkennen und bestimmte Einstellungen oder Aktionen von fr\u00fcheren Besuchen zu speichern.<\/p>\n\n\n\n<p><strong>Art der verwendeten Cookies<\/strong><\/p>\n\n\n\n<ul class=\"wp-block-list\">\n<li><strong>Sitzungs-Cookies<\/strong>: Diese Cookies speichern Informationen \u00fcber Ihre Sitzung (Referrer, Landing Page, etc.) und verfallen, wenn Sie Ihren Browser schlie\u00dfen.<\/li>\n\n\n\n<li><strong>Dauerhafte Cookies<\/strong>: Diese Cookies verbleiben auf Ihrem Ger\u00e4t f\u00fcr einen bestimmten Zeitraum oder bis Sie sie l\u00f6schen. Sie werden verwendet, um sich an Ihre Pr\u00e4ferenzen zu erinnern (z. B. Anmeldedaten) und Ihr Ger\u00e4t bei Ihrer R\u00fcckkehr zu erkennen.<\/li>\n\n\n\n<li><strong>Leistungs- und Analyse-Cookies<\/strong>: Diese Cookies helfen uns zu verstehen, wie Besucher mit unserer Website interagieren, indem sie Einblicke in besuchte Bereiche, die auf der Website verbrachte Zeit und aufgetretene Probleme, wie Fehlermeldungen, liefern.<\/li>\n<\/ul>\n\n\n\n<p><strong>Verwaltung von Cookies<\/strong><br>Sie k\u00f6nnen Cookies auf verschiedene Weise kontrollieren und verwalten. Beachten Sie, dass das L\u00f6schen oder Blockieren von Cookies Ihre Benutzerfreundlichkeit beeintr\u00e4chtigen kann und dass einige Funktionen m\u00f6glicherweise nicht mehr verf\u00fcgbar sind. Die meisten Browser akzeptieren Cookies standardm\u00e4\u00dfig, aber Sie k\u00f6nnen Ihre Browsereinstellungen \u00e4ndern, um Cookies abzulehnen. Weitere Informationen zur Verwaltung und L\u00f6schung von Cookies finden Sie unter <a href=\"https:\/\/aboutcookies.org\" target=\"_blank\" rel=\"noopener\">\u00fcbercookies.org<\/a>.<\/p>\n\n\n\n<p><strong>Zustimmung zu Cookies<\/strong><br>Durch die Nutzung unserer Website erkl\u00e4ren Sie sich mit der Verwendung von Cookies einverstanden. Bei Ihrem ersten Besuch informiert Sie ein Banner \u00fcber die Verwendung von Cookies, und Sie haben die M\u00f6glichkeit, diese zu akzeptieren oder abzulehnen. Wenn Sie unsere Website nach dieser Benachrichtigung weiter nutzen, erkl\u00e4ren Sie sich damit einverstanden.<\/p>\n\n\n\n<p><strong>Sicherheit und Datenschutz<\/strong><br>Cookies enthalten im Allgemeinen keine pers\u00f6nlich identifizierbaren Informationen. Die Informationen, die wir \u00fcber Sie speichern, k\u00f6nnen jedoch mit den aus Cookies gewonnenen Daten verkn\u00fcpft werden. Wir ergreifen Sicherheitsma\u00dfnahmen, um den unbefugten Zugriff auf Ihre gespeicherten Daten oder deren Missbrauch zu verhindern.<\/p>\n\n\n\n<p>Wenn Sie Fragen zu unserer Verwendung von Cookies oder weitere Einzelheiten zu unserer Cookie-Politik haben, wenden Sie sich bitte an uns. Wir verpflichten uns zu Transparenz im Umgang mit Ihren Daten und respektieren Ihre Privatsph\u00e4re.<\/p>\n\n\n\n<hr class=\"wp-block-separator has-alpha-channel-opacity\"\/>\n\n\n\n<h3 class=\"wp-block-heading\" id=\"article-8-age-of-consent\">Artikel 8 - M\u00fcndigkeitsalter<\/h3>\n\n\n\n<p><strong>Altersanforderungen f\u00fcr die Zustimmung<\/strong><br>Durch die Nutzung dieser Website best\u00e4tigen Sie, dass Sie in dem Staat oder der Provinz, in dem\/der Sie wohnen, vollj\u00e4hrig sind und dass Sie Ihr Einverst\u00e4ndnis gegeben haben, dass minderj\u00e4hrige Angeh\u00f6rige diese Website nutzen d\u00fcrfen. Das gesetzliche Mindestalter wird durch die \u00f6rtliche Gesetzgebung festgelegt und betr\u00e4gt in der Regel 18 oder 21 Jahre, abh\u00e4ngig von der jeweiligen Gerichtsbarkeit.<\/p>\n\n\n\n<p><strong>Nutzung der Website durch Minderj\u00e4hrige<\/strong><br>Wenn Sie ein Elternteil oder Erziehungsberechtigter sind und feststellen, dass Ihr Kind ohne Ihre Zustimmung personenbezogene Daten zur Verf\u00fcgung gestellt hat, wenden Sie sich bitte an uns. Wenn wir feststellen, dass ein Minderj\u00e4hriger ohne elterliche Zustimmung personenbezogene Daten \u00fcbermittelt hat, werden wir Ma\u00dfnahmen ergreifen, um die Daten von unseren Servern zu l\u00f6schen.<\/p>\n\n\n\n<p><strong>Elterliche Verantwortlichkeiten<\/strong><br>Wir ermutigen Eltern und Erziehungsberechtigte, die Online-Aktivit\u00e4ten ihrer Kinder zu \u00fcberwachen und sie beim sicheren Navigieren im Internet anzuleiten. Cosmoflag sammelt nicht wissentlich pers\u00f6nliche Daten von Minderj\u00e4hrigen ohne die Zustimmung der Eltern oder Erziehungsberechtigten. Wenn Sie den Verdacht haben, dass Ihr Kind pers\u00f6nliche Daten mit uns geteilt hat, kontaktieren Sie uns bitte sofort.<\/p>\n\n\n\n<p><strong>Zustimmung der Eltern zu Online-Diensten<\/strong><br>In \u00dcbereinstimmung mit den geltenden Gesetzen kann die Zustimmung der Eltern oder Erziehungsberechtigten erforderlich sein, um Minderj\u00e4hrigen den Zugang zu bestimmten Online-Diensten zu erm\u00f6glichen. Cosmoflag wird Verfahren einf\u00fchren, um das Alter der Nutzer zu \u00fcberpr\u00fcfen und die Zustimmung der Eltern einzuholen, bevor personenbezogene Daten in \u00dcbereinstimmung mit den lokalen und internationalen Gesetzen zum Schutz der Privatsph\u00e4re von Kindern erhoben werden.<\/p>\n\n\n\n<p><strong>Cosmoflag's Selbstverpflichtung<\/strong><br>Cosmoflag setzt sich f\u00fcr den Schutz der Privatsph\u00e4re und die Sicherheit aller Nutzer ein, insbesondere f\u00fcr Kinder. Wir ergreifen strenge Ma\u00dfnahmen, um sicherzustellen, dass der Zugang zu unserer Website und die von uns gesammelten Informationen f\u00fcr das Alter des Nutzers geeignet sind und den geltenden Gesetzen entsprechen.<\/p>\n\n\n\n<p>Wenn Sie weitere Informationen oder Fragen zum Umgang mit den Daten von Minderj\u00e4hrigen und deren Einwilligung haben, kontaktieren Sie uns bitte. Wir sind bestrebt, mit den Eltern zusammenzuarbeiten, um ein sicheres Umfeld f\u00fcr junge Nutzer unserer Website zu schaffen.<\/p>\n\n\n\n<hr class=\"wp-block-separator has-alpha-channel-opacity\"\/>\n\n\n\n<h3 class=\"wp-block-heading\" id=\"article-9-changes-to-this-privacy-policy\">Artikel 9 - \u00c4nderungen an dieser Datenschutzrichtlinie<\/h3>\n\n\n\n<p><strong>\u00c4nderungen und Aktualisierungen<\/strong><br>Cosmoflag beh\u00e4lt sich das Recht vor, diese Datenschutzrichtlinie jederzeit und ohne vorherige Ank\u00fcndigung zu aktualisieren oder zu \u00e4ndern. Die \u00c4nderungen treten unmittelbar nach der Ver\u00f6ffentlichung auf unserer Website in Kraft. Wir empfehlen Ihnen, diese Seite regelm\u00e4\u00dfig zu besuchen, um \u00fcber Aktualisierungen informiert zu bleiben.<\/p>\n\n\n\n<p><strong>Benachrichtigung \u00fcber \u00c4nderungen<\/strong><br>Bei wesentlichen \u00c4nderungen dieser Datenschutzrichtlinie werden wir uns bem\u00fchen, Sie durch einen auff\u00e4lligen Hinweis auf unserer Website oder per E-Mail zu informieren, wenn Sie unseren Newsletter abonniert haben. Auf diese Weise ist sichergestellt, dass Sie immer wissen, welche Daten wir sammeln, wie sie verwendet werden und unter welchen Umst\u00e4nden (falls \u00fcberhaupt) wir sie weitergeben.<\/p>\n\n\n\n<p><strong>Auswirkungen der \u00c4nderungen<\/strong><br>\u00c4nderungen unserer Datenschutzbestimmungen k\u00f6nnen sich darauf auswirken, wie wir mit personenbezogenen Daten umgehen, die vor dem \u00c4nderungsdatum bereitgestellt wurden. Bei wesentlichen \u00c4nderungen k\u00f6nnen wir, je nach Art der \u00c4nderungen, eine erneute Zustimmung zu den aktualisierten Bedingungen verlangen.<\/p>\n\n\n\n<p><strong>Rechte und Pflichten<\/strong><br>Unser Recht, die Datenschutzerkl\u00e4rung zu \u00e4ndern, ist an unsere Verpflichtung zur Einhaltung von Gesetzen und ethischen Standards im Bereich Datenschutz und Privatsph\u00e4re gebunden. \u00c4nderungen werden immer mit den geltenden Gesetzen in Einklang gebracht und schr\u00e4nken Ihre Rechte nicht ohne ausdr\u00fcckliche Zustimmung ein.<\/p>\n\n\n\n<p><strong>Geschichte \u00e4ndern<\/strong><br>Um die Transparenz zu erh\u00f6hen, k\u00f6nnen wir einen \u00c4nderungsverlauf f\u00fcr diese Datenschutzrichtlinie bereitstellen, damit Sie die Aktualisierungen im Laufe der Zeit verfolgen k\u00f6nnen. So k\u00f6nnen Sie besser nachvollziehen, wie wir personenbezogene Daten verarbeiten und wie wir unsere Datenschutzpraktiken kontinuierlich verbessern.<\/p>\n\n\n\n<p><strong>Kontakt<\/strong><br>Wenn Sie Fragen oder Bedenken bez\u00fcglich dieser Datenschutzrichtlinie oder ihrer \u00c4nderungen haben, wenden Sie sich an uns unter <strong><a>info@cosmoflag.com<\/a><\/strong>. Wir bem\u00fchen uns, Ihre Anfragen zu beantworten und Sie \u00fcber Ihre Rechte und die von uns verwalteten personenbezogenen Daten aufzukl\u00e4ren.<\/p>\n\n\n\n<hr class=\"wp-block-separator has-alpha-channel-opacity\"\/>\n\n\n\n<h3 class=\"wp-block-heading\" id=\"contact-information\">Kontaktinformationen<\/h3>\n\n\n\n<p>Wenn Sie Fragen haben, weitere Informationen \u00fcber unsere Datenschutzpraktiken ben\u00f6tigen oder Hilfe in Bezug auf Ihre pers\u00f6nlichen Daten w\u00fcnschen, wenden Sie sich bitte an unser Kundendienstteam:<\/p>\n\n\n\n<ul class=\"wp-block-list\">\n<li><strong>E-Mail<\/strong>: Kontaktieren Sie uns jederzeit unter <strong><a>info@cosmoflag.com<\/a><\/strong> mit allen Fragen und Anliegen.<\/li>\n\n\n\n<li><strong>Postanschrift<\/strong>: Sie k\u00f6nnen uns auch unter der im Abschnitt \"Kontakt\" unserer Website angegebenen Adresse anschreiben.<\/li>\n\n\n\n<li><strong>Kontakt-Formular<\/strong>: Besuchen Sie unsere Website und nutzen Sie das Kontaktformular, um Ihre Fragen direkt an unser Team zu stellen.<\/li>\n<\/ul>\n\n\n\n<p>Wir verpflichten uns, alle Anfragen umgehend zu bearbeiten und die notwendige Unterst\u00fctzung zu leisten, um Ihre Zufriedenheit und den Schutz Ihrer pers\u00f6nlichen Daten zu gew\u00e4hrleisten.<\/p>","protected":false},"excerpt":{"rendered":"<p>Introduction to Cosmoflag&#8217;s Privacy Statement At Cosmoflag, we understand that protecting your privacy is essential, and we are committed to respecting it. As an online store dedicated to selling high-quality flags, we collect certain information to enhance your shopping experience while ensuring the security and confidentiality of your personal data. Our Privacy Statement explains how [&hellip;]<\/p>\n","protected":false},"author":1,"featured_media":0,"parent":0,"menu_order":0,"comment_status":"closed","ping_status":"closed","template":"","meta":{"_gspb_post_css":"","iawp_total_views":5,"footnotes":""},"class_list":["post-2559","page","type-page","status-publish","hentry"],"blocksy_meta":[],"_links":{"self":[{"href":"https:\/\/cosmoflag.com\/de\/wp-json\/wp\/v2\/pages\/2559","targetHints":{"allow":["GET"]}}],"collection":[{"href":"https:\/\/cosmoflag.com\/de\/wp-json\/wp\/v2\/pages"}],"about":[{"href":"https:\/\/cosmoflag.com\/de\/wp-json\/wp\/v2\/types\/page"}],"author":[{"embeddable":true,"href":"https:\/\/cosmoflag.com\/de\/wp-json\/wp\/v2\/users\/1"}],"replies":[{"embeddable":true,"href":"https:\/\/cosmoflag.com\/de\/wp-json\/wp\/v2\/comments?post=2559"}],"version-history":[{"count":0,"href":"https:\/\/cosmoflag.com\/de\/wp-json\/wp\/v2\/pages\/2559\/revisions"}],"wp:attachment":[{"href":"https:\/\/cosmoflag.com\/de\/wp-json\/wp\/v2\/media?parent=2559"}],"curies":[{"name":"wp","href":"https:\/\/api.w.org\/{rel}","templated":true}]}}