{"id":2557,"date":"2025-01-01T18:37:03","date_gmt":"2025-01-01T18:37:03","guid":{"rendered":"https:\/\/cosmoflag.com\/?page_id=2557"},"modified":"2025-01-01T20:53:53","modified_gmt":"2025-01-01T20:53:53","slug":"rechtshinweis","status":"publish","type":"page","link":"https:\/\/cosmoflag.com\/de\/rechtshinweis\/","title":{"rendered":"Rechtlicher Hinweis"},"content":{"rendered":"<h3 class=\"wp-block-heading\" id=\"identification\">Identifizierung<\/h3>\n\n\n\n<p>Diese Website wird betrieben von <strong>Kosmopolitische Flagge<\/strong>.<\/p>\n\n\n\n<p><strong>Adresse<\/strong>:<br>2 rue des Jardins de Cl\u00e9op\u00e2tre, 34170 Castelnau-le-Lez, Frankreich.<\/p>\n\n\n\n<p><strong>Verlagsleiter<\/strong>:<br>Herr Koessler, Cosmoflag.<\/p>\n\n\n\n<p>Bei Fragen zum Betrieb der Website wenden Sie sich bitte an: <strong><a>info@cosmoflag.com<\/a><\/strong>.<\/p>\n\n\n\n<hr class=\"wp-block-separator has-alpha-channel-opacity\"\/>\n\n\n\n<h3 class=\"wp-block-heading\" id=\"terms-of-use\">Nutzungsbedingungen<\/h3>\n\n\n\n<p>Durch die Nutzung dieser Website best\u00e4tigt der Besucher, dass er die M\u00f6glichkeit hatte, diese Nutzungsbedingungen sowie die Allgemeinen Gesch\u00e4ftsbedingungen (AGB) zu lesen. Cosmoflag bem\u00fcht sich nach besten Kr\u00e4ften, die Richtigkeit und rechtzeitige Aktualisierung der auf dieser Website bereitgestellten Informationen zu gew\u00e4hrleisten, und beh\u00e4lt sich das Recht vor, den Inhalt jederzeit ohne vorherige Ank\u00fcndigung zu \u00e4ndern. Cosmoflag kann jedoch keine Garantie f\u00fcr die Richtigkeit, Genauigkeit oder Vollst\u00e4ndigkeit der auf dieser Website verf\u00fcgbaren Informationen \u00fcbernehmen.<\/p>\n\n\n\n<p>Cosmoflag lehnt daher jegliche Haftung ab:<\/p>\n\n\n\n<ul class=\"wp-block-list\">\n<li>Jede Unterbrechung der Website oder das Auftreten von Fehlern;<\/li>\n\n\n\n<li>Etwaige Ungenauigkeiten oder Auslassungen in den auf der Website verf\u00fcgbaren Informationen;<\/li>\n\n\n\n<li>Sch\u00e4den, die durch unbefugtes Eindringen eines Dritten entstehen, der die auf der Website bereitgestellten Informationen ver\u00e4ndert;<\/li>\n\n\n\n<li>Und ganz allgemein jeder direkte oder indirekte Schaden, unabh\u00e4ngig von seiner Ursache, seinem Ursprung, seiner Art oder seinen Folgen.<\/li>\n<\/ul>\n\n\n\n<hr class=\"wp-block-separator has-alpha-channel-opacity\"\/>\n\n\n\n<h3 class=\"wp-block-heading\" id=\"links\">Links<\/h3>\n\n\n\n<p>Die Website kann Links zu anderen Websites oder externen Internetquellen enthalten. Da Cosmoflag diese externen Seiten und Quellen nicht kontrollieren kann, kann Cosmoflag nicht f\u00fcr die Verf\u00fcgbarkeit dieser externen Seiten und Quellen verantwortlich gemacht werden und \u00fcbernimmt keine Haftung f\u00fcr den Inhalt, die Werbung, die Produkte, die Dienstleistungen oder andere Materialien, die auf oder von diesen externen Seiten oder Quellen verf\u00fcgbar sind.<\/p>\n\n\n\n<hr class=\"wp-block-separator has-alpha-channel-opacity\"\/>\n\n\n\n<h3 class=\"wp-block-heading\" id=\"intellectual-property\">Geistiges Eigentum<\/h3>\n\n\n\n<p>Die Website und die in Verbindung mit ihr verwendete Software k\u00f6nnen vertrauliche Informationen enthalten, die durch geistige Eigentumsrechte oder andere Gesetze gesch\u00fctzt sind. Sofern nicht anders angegeben, sind die geistigen Eigentumsrechte an den auf der Website enthaltenen Dokumenten und an allen f\u00fcr diese Website erstellten Elementen das ausschlie\u00dfliche Eigentum von Cosmoflag. Es werden keine anderen Lizenzen oder Rechte als die der Konsultation der Website gew\u00e4hrt.<\/p>\n\n\n\n<hr class=\"wp-block-separator has-alpha-channel-opacity\"\/>\n\n\n\n<h3 class=\"wp-block-heading\" id=\"photo-credits-and-sources\">Bildnachweise und Quellen<\/h3>\n\n\n\n<p>Die Aktualisierung dieser Seite erfolgt nicht automatisch zusammen mit der Aktualisierung der auf der Website gezeigten Fotos. Die Seite kann je nach Jahreszeit Fotos von verschiedenen Fotografen zeigen.<\/p>\n\n\n\n<hr class=\"wp-block-separator has-alpha-channel-opacity\"\/>\n\n\n\n<h3 class=\"wp-block-heading\" id=\"data-privacy\">Datenschutz<\/h3>\n\n\n\n<p>Alle pers\u00f6nlichen Daten, die der Nutzer f\u00fcr bestimmte Dienstleistungen an Cosmoflag \u00fcbermittelt, unterliegen den Bestimmungen des franz\u00f6sischen <strong>Gesetz Nr. 78-17 \u00fcber Informationstechnologie, Datensammlungen und b\u00fcrgerliche Freiheiten<\/strong> vom 6. Januar 1978.<\/p>\n\n\n\n<p>Als solche haben die Nutzer das Recht auf Zugang, Berichtigung und L\u00f6schung der sie betreffenden personenbezogenen Daten. Dieses Recht kann jederzeit ausge\u00fcbt werden, indem man eine E-Mail an: <strong><a>info@cosmoflag.com<\/a><\/strong>.<\/p>\n\n\n\n<hr class=\"wp-block-separator has-alpha-channel-opacity\"\/>\n\n\n\n<h3 class=\"wp-block-heading\" id=\"cookies\">Cookies<\/h3>\n\n\n\n<p>Cosmoflag verwendet Cookies, um den personalisierten Service f\u00fcr die Kunden zu verbessern und den Verkehr auf der Website zu messen. Bei ihrem ersten Besuch werden die Nutzer \u00fcber die Verwendung dieser Tracker informiert, und wenn sie weiter surfen, erkl\u00e4ren sie sich mit ihrer Verwendung einverstanden. Die Ger\u00e4teeinstellungen erm\u00f6glichen es den Nutzern, ihre Verwendung abzulehnen.<\/p>\n\n\n\n<hr class=\"wp-block-separator has-alpha-channel-opacity\"\/>\n\n\n\n<h3 class=\"wp-block-heading\" id=\"newsletters\">Newsletters<\/h3>\n\n\n\n<p>Unsere Newsletter werden per E-Mail an die Nutzer versandt, die sich f\u00fcr den Erhalt dieser Newsletter entschieden haben. Sie k\u00f6nnen den Newsletter jederzeit abbestellen, indem Sie auf den Link klicken, der sich am Ende jedes Newsletters befindet.<\/p>\n\n\n\n<hr class=\"wp-block-separator has-alpha-channel-opacity\"\/>\n\n\n\n<h3 class=\"wp-block-heading\" id=\"for-further-assistance\">F\u00fcr weitere Unterst\u00fctzung<\/h3>\n\n\n\n<p>F\u00fcr weitere Anfragen oder zus\u00e4tzliche Informationen kontaktieren Sie uns bitte \u00fcber die auf unserer Website angegebenen Methoden.<\/p>","protected":false},"excerpt":{"rendered":"<p>Identification This site is operated by Cosmoflag. Address:2 rue des Jardins de Cl\u00e9op\u00e2tre, 34170 Castelnau-le-Lez, France. Publishing Manager:Mr. Koessler, Cosmoflag. For any inquiries regarding the site&#8217;s operation, please contact: info@cosmoflag.com. Terms of Use By using this site, the visitor acknowledges that they have had the opportunity to review these Terms of Use as well as [&hellip;]<\/p>\n","protected":false},"author":1,"featured_media":0,"parent":0,"menu_order":0,"comment_status":"closed","ping_status":"closed","template":"","meta":{"_gspb_post_css":"","iawp_total_views":1,"footnotes":""},"class_list":["post-2557","page","type-page","status-publish","hentry"],"blocksy_meta":[],"_links":{"self":[{"href":"https:\/\/cosmoflag.com\/de\/wp-json\/wp\/v2\/pages\/2557","targetHints":{"allow":["GET"]}}],"collection":[{"href":"https:\/\/cosmoflag.com\/de\/wp-json\/wp\/v2\/pages"}],"about":[{"href":"https:\/\/cosmoflag.com\/de\/wp-json\/wp\/v2\/types\/page"}],"author":[{"embeddable":true,"href":"https:\/\/cosmoflag.com\/de\/wp-json\/wp\/v2\/users\/1"}],"replies":[{"embeddable":true,"href":"https:\/\/cosmoflag.com\/de\/wp-json\/wp\/v2\/comments?post=2557"}],"version-history":[{"count":0,"href":"https:\/\/cosmoflag.com\/de\/wp-json\/wp\/v2\/pages\/2557\/revisions"}],"wp:attachment":[{"href":"https:\/\/cosmoflag.com\/de\/wp-json\/wp\/v2\/media?parent=2557"}],"curies":[{"name":"wp","href":"https:\/\/api.w.org\/{rel}","templated":true}]}}