{"id":16,"date":"2024-05-22T13:40:16","date_gmt":"2024-05-22T13:40:16","guid":{"rendered":"https:\/\/startersites.io\/blocksy\/furniture\/?page_id=16"},"modified":"2025-01-26T20:23:02","modified_gmt":"2025-01-26T20:23:02","slug":"uber-uns","status":"publish","type":"page","link":"https:\/\/cosmoflag.com\/de\/uber-uns\/","title":{"rendered":"\u00dcber uns"},"content":{"rendered":"<div class=\"wp-block-greenshift-blocks-row gspb_row gspb_row-id-gsbp-63ba5b3\" id=\"gspb_row-id-gsbp-63ba5b3\"><div class=\"gspb_row__content\"> \n<div class=\"wp-block-greenshift-blocks-row-column gspb_row__col--12 gspb_col-id-gsbp-184e5ba\" id=\"gspb_col-id-gsbp-184e5ba\">\n<div id=\"gspb_text-id-gsbp-d4d1a69\" class=\"gspb_text gspb_text-id-gsbp-d4d1a69\">Unser E-Commerce-Gesch\u00e4ft im Herzen von Montpellier, S\u00fcdfrankreich, weckt seit \u00fcber drei Jahren die Leidenschaft f\u00fcr nationale, regionale, historische und dekorative Flaggen. Von unserem Standort in der Rue de la Libert\u00e9 45, 34000 Montpellier aus zelebrieren wir die reiche Vielfalt des globalen Erbes und Stolzes.<br><br>Wir bei Cosmoflag haben eine einfache, aber tiefgreifende Mission: Wir wollen durch das universelle Symbol der Flagge eine Br\u00fccke zwischen den Kulturen schlagen. Wir glauben, dass jede Flagge eine Geschichte, Identit\u00e4t und Werte transportiert. Deshalb w\u00e4hlen wir sorgf\u00e4ltig Produkte aus, die das Wesen der Nationen und ihrer Menschen repr\u00e4sentieren.<br>In unserem Online-Shop finden Sie eine umfangreiche Kollektion hochwertiger Flaggen, die auf Langlebigkeit und Widerstandsf\u00e4higkeit ausgelegt sind, damit sie auch in den kommenden Jahren ihre Geschichte erz\u00e4hlen k\u00f6nnen.<br><br>Die Zufriedenheit unserer Kunden steht im Mittelpunkt unseres Handelns. Unser engagiertes Kundenservice-Team ist immer bereit, Ihnen bei Anfragen zu helfen, Sie durch den Kaufprozess zu f\u00fchren oder auf alle Bedenken bez\u00fcglich Ihrer Bestellungen einzugehen. Sie k\u00f6nnen uns \u00fcber unser Online-Formular oder per E-Mail unter folgender Adresse erreichen <a>contact@cosmoflag.com<\/a>. Wir sind jeden Tag hier, um sicherzustellen, dass Ihre Erfahrungen genauso bereichernd sind wie die Flaggen, die wir liefern.<br><br>Erkunden Sie unseren Online-Shop und tauchen Sie ein in die Farben, Geschichten und Traditionen, die jede Flagge zu einem einzigartigen Symbol der nationalen Identit\u00e4t machen.<br>Danke, dass Sie Teil unserer Reise bei Cosmoflag sind.<br><br>Mit freundlichen Gr\u00fc\u00dfen, Das Cosmoflag-Team<\/div>\n<\/div>\n <\/div><\/div>","protected":false},"excerpt":{"rendered":"","protected":false},"author":1,"featured_media":0,"parent":0,"menu_order":0,"comment_status":"closed","ping_status":"closed","template":"","meta":{"_gspb_post_css":"#gspb_row-id-gsbp-63ba5b3{justify-content:space-between;margin-top:0;margin-bottom:0;display:flex;flex-wrap:wrap}#gspb_row-id-gsbp-63ba5b3>.gspb_row__content{display:flex;justify-content:space-between;margin:0 auto;width:100%;flex-wrap:wrap}.gspb_row{position:relative}div[id^=gspb_col-id]{box-sizing:border-box;position:relative;padding:var(--gs-row-column-padding, 15px min(3vw, 20px))}body.gspb-bodyfront #gspb_row-id-gsbp-63ba5b3>.gspb_row__content{width:var(--theme-container-width, 1200px);max-width:var(--theme-normal-container-max-width, 1200px)}#gspb_col-id-gsbp-184e5ba.gspb_row__col--12{width:100%}@media (max-width:575.98px){#gspb_col-id-gsbp-184e5ba.gspb_row__col--12{width:100%}}","iawp_total_views":43,"footnotes":""},"class_list":["post-16","page","type-page","status-publish","hentry"],"blocksy_meta":{"has_hero_section":"default","vertical_spacing_source":"custom","content_area_spacing":"none","styles_descriptor":{"styles":{"desktop":"","tablet":"","mobile":""},"google_fonts":[],"version":6}},"_links":{"self":[{"href":"https:\/\/cosmoflag.com\/de\/wp-json\/wp\/v2\/pages\/16","targetHints":{"allow":["GET"]}}],"collection":[{"href":"https:\/\/cosmoflag.com\/de\/wp-json\/wp\/v2\/pages"}],"about":[{"href":"https:\/\/cosmoflag.com\/de\/wp-json\/wp\/v2\/types\/page"}],"author":[{"embeddable":true,"href":"https:\/\/cosmoflag.com\/de\/wp-json\/wp\/v2\/users\/1"}],"replies":[{"embeddable":true,"href":"https:\/\/cosmoflag.com\/de\/wp-json\/wp\/v2\/comments?post=16"}],"version-history":[{"count":0,"href":"https:\/\/cosmoflag.com\/de\/wp-json\/wp\/v2\/pages\/16\/revisions"}],"wp:attachment":[{"href":"https:\/\/cosmoflag.com\/de\/wp-json\/wp\/v2\/media?parent=16"}],"curies":[{"name":"wp","href":"https:\/\/api.w.org\/{rel}","templated":true}]}}