{"id":2543,"date":"2024-12-20T14:06:00","date_gmt":"2024-12-20T12:06:00","guid":{"rendered":"https:\/\/cosmoflag.com\/?post_type=product&#038;p=2543"},"modified":"2025-08-12T21:18:42","modified_gmt":"2025-08-12T19:18:42","slug":"gront-flag","status":"publish","type":"product","link":"https:\/\/cosmoflag.com\/da\/produkt-2\/gront-flag\/","title":{"rendered":"Gr\u00f8nt flag"},"content":{"rendered":"<h3><strong>Funktioner med gr\u00f8nt flag<\/strong><\/h3>\n<p>Vores gr\u00f8nne flag er fremstillet af f\u00f8rsteklasses polyester, der sikrer fremragende holdbarhed til langvarig brug indend\u00f8rs og udend\u00f8rs. Det har metaltyller for nem montering og sikkert hold, selv under udfordrende vejrforhold. Dette flag m\u00e5ler 90 x 150 cm og sikrer fremragende synlighed p\u00e5 st\u00e6nger, v\u00e6gge eller under arrangementer og fester.<\/p>\n<h3><strong>Et symbol p\u00e5 v\u00e6kst og sikkerhed<\/strong><\/h3>\n<p>Det gr\u00f8nne flag forbindes ofte med v\u00e6kst, harmoni og fornyelse, hvilket g\u00f8r det til et popul\u00e6rt valg for milj\u00f8bev\u00e6gelser og b\u00e6redygtighedsarrangementer. I visse sammenh\u00e6nge symboliserer det ogs\u00e5 sikkerhed, fred og tilladelse. Uanset om det bruges til events, signalering eller udsmykning, b\u00e6rer det gr\u00f8nne flag et universelt budskab om positivitet og omsorg.<\/p>\n<h3><strong>Alsidig brug<\/strong><\/h3>\n<p>Det gr\u00f8nne flag er perfekt til milj\u00f8kampagner, kulturelle begivenheder, uddannelsesudstillinger eller personlige samlinger og er en meningsfuld repr\u00e6sentation af natur og velv\u00e6re. Den falmebestandige farve og det robuste design sikrer, at det forbliver levende og virkningsfuldt over tid.<\/p>","protected":false},"excerpt":{"rendered":"<p>150 x 90 cm flag med 2 robuste metalgennemf\u00f8ringer til sikker oph\u00e6ngning.<\/p>","protected":false},"featured_media":1580,"comment_status":"open","ping_status":"closed","template":"","meta":{"_gspb_post_css":"","iawp_total_views":35},"product_brand":[],"product_cat":[59],"product_tag":[],"class_list":{"0":"post-2543","1":"product","2":"type-product","3":"status-publish","4":"has-post-thumbnail","6":"product_cat-color-flags","8":"first","9":"instock","10":"sale","11":"shipping-taxable","12":"purchasable","13":"product-type-simple"},"_links":{"self":[{"href":"https:\/\/cosmoflag.com\/da\/wp-json\/wp\/v2\/product\/2543","targetHints":{"allow":["GET"]}}],"collection":[{"href":"https:\/\/cosmoflag.com\/da\/wp-json\/wp\/v2\/product"}],"about":[{"href":"https:\/\/cosmoflag.com\/da\/wp-json\/wp\/v2\/types\/product"}],"replies":[{"embeddable":true,"href":"https:\/\/cosmoflag.com\/da\/wp-json\/wp\/v2\/comments?post=2543"}],"wp:featuredmedia":[{"embeddable":true,"href":"https:\/\/cosmoflag.com\/da\/wp-json\/wp\/v2\/media\/1580"}],"wp:attachment":[{"href":"https:\/\/cosmoflag.com\/da\/wp-json\/wp\/v2\/media?parent=2543"}],"wp:term":[{"taxonomy":"product_brand","embeddable":true,"href":"https:\/\/cosmoflag.com\/da\/wp-json\/wp\/v2\/product_brand?post=2543"},{"taxonomy":"product_cat","embeddable":true,"href":"https:\/\/cosmoflag.com\/da\/wp-json\/wp\/v2\/product_cat?post=2543"},{"taxonomy":"product_tag","embeddable":true,"href":"https:\/\/cosmoflag.com\/da\/wp-json\/wp\/v2\/product_tag?post=2543"}],"curies":[{"name":"wp","href":"https:\/\/api.w.org\/{rel}","templated":true}]}}