{"id":2541,"date":"2024-12-20T14:00:00","date_gmt":"2024-12-20T12:00:00","guid":{"rendered":"https:\/\/cosmoflag.com\/?post_type=product&#038;p=2541"},"modified":"2025-08-12T21:18:42","modified_gmt":"2025-08-12T19:18:42","slug":"orange-flag","status":"publish","type":"product","link":"https:\/\/cosmoflag.com\/da\/produkt-2\/orange-flag\/","title":{"rendered":"Orange flag"},"content":{"rendered":"<h3><strong>Orange flag funktioner<\/strong><\/h3>\n<p>Vores orange flag er fremstillet af f\u00f8rsteklasses polyester, der sikrer fremragende holdbarhed til langvarig brug indend\u00f8rs og udend\u00f8rs. Det har metalgennemf\u00f8ringer for nem montering og sikkert hold, selv under udfordrende vejrforhold. Dette flag m\u00e5ler 90 x 150 cm og giver fremragende synlighed p\u00e5 st\u00e6nger, v\u00e6gge eller under begivenheder og festligheder.<\/p>\n<h3><strong>Et symbol p\u00e5 energi og opm\u00e6rksomhed<\/strong><\/h3>\n<p>Det orange flag bruges ofte til at repr\u00e6sentere entusiasme, kreativitet og varme. I visse sammenh\u00e6nge fungerer det som et signal for byggepladser, advarsler eller specifikke gruppeidentifikatorer. Den livlige farve g\u00f8r det til et sl\u00e5ende valg til b\u00e5de funktionelle og dekorative form\u00e5l og giver energi og opm\u00e6rksomhed til enhver udstilling.<\/p>\n<h3><strong>Alsidig brug<\/strong><\/h3>\n<p>Det orange flag er perfekt til festivaler, advarselssignaler, kulturelle begivenheder eller personlige samlinger og er en alsidig repr\u00e6sentation af energi og livskraft. Den falmebestandige farve og det robuste design sikrer, at det forbliver virkningsfuldt og p\u00e5lideligt over tid.<\/p>","protected":false},"excerpt":{"rendered":"<p>150 x 90 cm flag med 2 robuste metalgennemf\u00f8ringer til sikker oph\u00e6ngning.<\/p>","protected":false},"featured_media":1625,"comment_status":"open","ping_status":"closed","template":"","meta":{"_gspb_post_css":"","iawp_total_views":40},"product_brand":[],"product_cat":[59],"product_tag":[],"class_list":{"0":"post-2541","1":"product","2":"type-product","3":"status-publish","4":"has-post-thumbnail","6":"product_cat-color-flags","8":"first","9":"instock","10":"sale","11":"shipping-taxable","12":"purchasable","13":"product-type-simple"},"_links":{"self":[{"href":"https:\/\/cosmoflag.com\/da\/wp-json\/wp\/v2\/product\/2541","targetHints":{"allow":["GET"]}}],"collection":[{"href":"https:\/\/cosmoflag.com\/da\/wp-json\/wp\/v2\/product"}],"about":[{"href":"https:\/\/cosmoflag.com\/da\/wp-json\/wp\/v2\/types\/product"}],"replies":[{"embeddable":true,"href":"https:\/\/cosmoflag.com\/da\/wp-json\/wp\/v2\/comments?post=2541"}],"wp:featuredmedia":[{"embeddable":true,"href":"https:\/\/cosmoflag.com\/da\/wp-json\/wp\/v2\/media\/1625"}],"wp:attachment":[{"href":"https:\/\/cosmoflag.com\/da\/wp-json\/wp\/v2\/media?parent=2541"}],"wp:term":[{"taxonomy":"product_brand","embeddable":true,"href":"https:\/\/cosmoflag.com\/da\/wp-json\/wp\/v2\/product_brand?post=2541"},{"taxonomy":"product_cat","embeddable":true,"href":"https:\/\/cosmoflag.com\/da\/wp-json\/wp\/v2\/product_cat?post=2541"},{"taxonomy":"product_tag","embeddable":true,"href":"https:\/\/cosmoflag.com\/da\/wp-json\/wp\/v2\/product_tag?post=2541"}],"curies":[{"name":"wp","href":"https:\/\/api.w.org\/{rel}","templated":true}]}}