{"id":2540,"date":"2024-12-20T13:57:00","date_gmt":"2024-12-20T11:57:00","guid":{"rendered":"https:\/\/cosmoflag.com\/?post_type=product&#038;p=2540"},"modified":"2025-08-12T21:18:43","modified_gmt":"2025-08-12T19:18:43","slug":"lilla-flag","status":"publish","type":"product","link":"https:\/\/cosmoflag.com\/da\/produkt-2\/lilla-flag\/","title":{"rendered":"Lilla flag"},"content":{"rendered":"<h3><strong>Lilla flagets funktioner<\/strong><\/h3>\n<p>Vores lilla flag er fremstillet af f\u00f8rsteklasses polyester, der sikrer fremragende holdbarhed til langvarig brug indend\u00f8rs og udend\u00f8rs. Det har metaltyller for nem montering og sikkert hold, selv under udfordrende vejrforhold. Dette flag m\u00e5ler 90 x 150 cm og sikrer fremragende synlighed p\u00e5 st\u00e6nger, v\u00e6gge eller under begivenheder og festligheder.<\/p>\n<h3><strong>Et symbol p\u00e5 kongelighed og individualitet<\/strong><\/h3>\n<p>Det lilla flag forbindes ofte med royalty, luksus og ambitioner p\u00e5 grund af dets historiske betydning som en farve, der var forbeholdt adelen. Det kan ogs\u00e5 symbolisere kreativitet, individualitet og spiritualitet. Uanset om det bruges til personlige begivenheder, kunstneriske udstillinger eller dekorative omgivelser, tilf\u00f8jer det lilla flag et strejf af unikhed og elegance.<\/p>\n<h3><strong>Alsidig brug<\/strong><\/h3>\n<p>Det lilla flag er perfekt til kunstneriske begivenheder, kulturelle fejringer, uddannelsesm\u00e6ssige udstillinger eller personlige samlinger og er en meningsfuld repr\u00e6sentation af kreativitet og arv. Den falmebestandige farve og det robuste design sikrer, at det forbliver levende og virkningsfuldt over tid.<\/p>","protected":false},"excerpt":{"rendered":"<p>150 x 90 cm flag med 2 robuste metalgennemf\u00f8ringer til sikker oph\u00e6ngning.<\/p>","protected":false},"featured_media":1631,"comment_status":"open","ping_status":"closed","template":"","meta":{"_gspb_post_css":"","iawp_total_views":38},"product_brand":[],"product_cat":[59],"product_tag":[],"class_list":{"0":"post-2540","1":"product","2":"type-product","3":"status-publish","4":"has-post-thumbnail","6":"product_cat-color-flags","8":"first","9":"instock","10":"sale","11":"shipping-taxable","12":"purchasable","13":"product-type-simple"},"_links":{"self":[{"href":"https:\/\/cosmoflag.com\/da\/wp-json\/wp\/v2\/product\/2540","targetHints":{"allow":["GET"]}}],"collection":[{"href":"https:\/\/cosmoflag.com\/da\/wp-json\/wp\/v2\/product"}],"about":[{"href":"https:\/\/cosmoflag.com\/da\/wp-json\/wp\/v2\/types\/product"}],"replies":[{"embeddable":true,"href":"https:\/\/cosmoflag.com\/da\/wp-json\/wp\/v2\/comments?post=2540"}],"wp:featuredmedia":[{"embeddable":true,"href":"https:\/\/cosmoflag.com\/da\/wp-json\/wp\/v2\/media\/1631"}],"wp:attachment":[{"href":"https:\/\/cosmoflag.com\/da\/wp-json\/wp\/v2\/media?parent=2540"}],"wp:term":[{"taxonomy":"product_brand","embeddable":true,"href":"https:\/\/cosmoflag.com\/da\/wp-json\/wp\/v2\/product_brand?post=2540"},{"taxonomy":"product_cat","embeddable":true,"href":"https:\/\/cosmoflag.com\/da\/wp-json\/wp\/v2\/product_cat?post=2540"},{"taxonomy":"product_tag","embeddable":true,"href":"https:\/\/cosmoflag.com\/da\/wp-json\/wp\/v2\/product_tag?post=2540"}],"curies":[{"name":"wp","href":"https:\/\/api.w.org\/{rel}","templated":true}]}}