{"id":2538,"date":"2024-12-20T13:54:00","date_gmt":"2024-12-20T11:54:00","guid":{"rendered":"https:\/\/cosmoflag.com\/?post_type=product&#038;p=2538"},"modified":"2025-08-12T21:18:43","modified_gmt":"2025-08-12T19:18:43","slug":"rodt-flag","status":"publish","type":"product","link":"https:\/\/cosmoflag.com\/da\/produkt-2\/rodt-flag\/","title":{"rendered":"Det r\u00f8de flag"},"content":{"rendered":"<h3><strong>Funktioner med r\u00f8dt flag<\/strong><\/h3>\n<p>Vores r\u00f8de flag er fremstillet af f\u00f8rsteklasses polyester, der sikrer fremragende holdbarhed til langvarig brug indend\u00f8rs og udend\u00f8rs. Det har metaltyller for nem montering og sikkert hold, selv under udfordrende vejrforhold. Flaget m\u00e5ler 90 x 150 cm og giver fremragende synlighed p\u00e5 st\u00e6nger, v\u00e6gge eller under events og demonstrationer.<\/p>\n<h3><strong>Et symbol p\u00e5 mod og advarsel<\/strong><\/h3>\n<p>Det r\u00f8de flag har mange forskellige historiske og moderne betydninger. Traditionelt bruges det som symbol p\u00e5 revolution, trods eller protest, men det fungerer ogs\u00e5 som signal for fare, advarsel eller forbud i maritime og andre sammenh\u00e6nge. Uanset om det repr\u00e6senterer en dristig erkl\u00e6ring eller tjener som en funktionel mark\u00f8r, har det r\u00f8de flag en st\u00e6rk visuel virkning og betydning.<\/p>\n<h3><strong>Alsidig brug<\/strong><\/h3>\n<p>Det r\u00f8de flag er perfekt til protester, revolution\u00e6re begivenheder, sportssignaler eller som en del af en kollektion, og det er en sl\u00e5ende repr\u00e6sentation af mod, \u00e5rv\u00e5genhed eller en opfordring til handling. Den falmebestandige farve og det robuste design sikrer, at det forbliver levende og virkningsfuldt over tid.<\/p>","protected":false},"excerpt":{"rendered":"<p>150 x 90 cm flag med 2 robuste metalgennemf\u00f8ringer til sikker oph\u00e6ngning.<\/p>","protected":false},"featured_media":1645,"comment_status":"open","ping_status":"closed","template":"","meta":{"_gspb_post_css":"","iawp_total_views":50},"product_brand":[],"product_cat":[59],"product_tag":[],"class_list":{"0":"post-2538","1":"product","2":"type-product","3":"status-publish","4":"has-post-thumbnail","6":"product_cat-color-flags","8":"first","9":"instock","10":"sale","11":"shipping-taxable","12":"purchasable","13":"product-type-simple"},"_links":{"self":[{"href":"https:\/\/cosmoflag.com\/da\/wp-json\/wp\/v2\/product\/2538","targetHints":{"allow":["GET"]}}],"collection":[{"href":"https:\/\/cosmoflag.com\/da\/wp-json\/wp\/v2\/product"}],"about":[{"href":"https:\/\/cosmoflag.com\/da\/wp-json\/wp\/v2\/types\/product"}],"replies":[{"embeddable":true,"href":"https:\/\/cosmoflag.com\/da\/wp-json\/wp\/v2\/comments?post=2538"}],"wp:featuredmedia":[{"embeddable":true,"href":"https:\/\/cosmoflag.com\/da\/wp-json\/wp\/v2\/media\/1645"}],"wp:attachment":[{"href":"https:\/\/cosmoflag.com\/da\/wp-json\/wp\/v2\/media?parent=2538"}],"wp:term":[{"taxonomy":"product_brand","embeddable":true,"href":"https:\/\/cosmoflag.com\/da\/wp-json\/wp\/v2\/product_brand?post=2538"},{"taxonomy":"product_cat","embeddable":true,"href":"https:\/\/cosmoflag.com\/da\/wp-json\/wp\/v2\/product_cat?post=2538"},{"taxonomy":"product_tag","embeddable":true,"href":"https:\/\/cosmoflag.com\/da\/wp-json\/wp\/v2\/product_tag?post=2538"}],"curies":[{"name":"wp","href":"https:\/\/api.w.org\/{rel}","templated":true}]}}