{"id":2537,"date":"2024-12-20T13:52:00","date_gmt":"2024-12-20T11:52:00","guid":{"rendered":"https:\/\/cosmoflag.com\/?post_type=product&#038;p=2537"},"modified":"2026-05-03T15:37:13","modified_gmt":"2026-05-03T13:37:13","slug":"hvidt-flag","status":"publish","type":"product","link":"https:\/\/cosmoflag.com\/da\/produkt-2\/hvidt-flag\/","title":{"rendered":"Hvidt flag"},"content":{"rendered":"<h3><strong>Funktioner i det hvide flag<\/strong><\/h3>\n<p>Vores hvide flag er fremstillet af f\u00f8rsteklasses polyester, der sikrer fremragende holdbarhed til langvarig brug indend\u00f8rs og udend\u00f8rs. Det har metaltyller for nem montering og sikkert hold, selv under udfordrende vejrforhold. Med en st\u00f8rrelse p\u00e5 90 x 150 cm sikrer dette flag fremragende synlighed p\u00e5 st\u00e6nger, v\u00e6gge eller under events og demonstrationer.<\/p>\n<h3><strong>Et universelt symbol p\u00e5 fred og overgivelse<\/strong><\/h3>\n<p>Det hvide flag er anerkendt over hele verden som et symbol p\u00e5 fred, v\u00e5benhvile eller overgivelse. Historisk set blev det brugt i kamp for at signalere afslutningen p\u00e5 en konflikt eller en anmodning om forhandlinger, og det er et st\u00e6rkt symbol p\u00e5 ikke-vold og gensidig forst\u00e5else. I dag er det ogs\u00e5 en repr\u00e6sentation af neutralitet eller et \u00f8nske om harmoni i en r\u00e6kke forskellige sammenh\u00e6nge.<\/p>\n<h3><strong>Alsidig brug<\/strong><\/h3>\n<p>Det hvide flag er perfekt til historiske rekonstruktioner, fredsdemonstrationer, uddannelsesudstillinger eller personlige samlinger og er en meningsfuld repr\u00e6sentation af sammenhold og forst\u00e5else. Den falmebestandige farve og det robuste design sikrer, at det forbliver rent og virkningsfuldt over tid.<\/p>","protected":false},"excerpt":{"rendered":"<p>150 x 90 cm flag med 2 robuste metalgennemf\u00f8ringer til sikker oph\u00e6ngning.<\/p>","protected":false},"featured_media":1768,"comment_status":"open","ping_status":"closed","template":"","meta":{"_gspb_post_css":"","iawp_total_views":106},"product_brand":[],"product_cat":[59],"product_tag":[],"class_list":{"0":"post-2537","1":"product","2":"type-product","3":"status-publish","4":"has-post-thumbnail","6":"product_cat-color-flags","8":"first","9":"instock","10":"sale","11":"shipping-taxable","12":"purchasable","13":"product-type-simple"},"_links":{"self":[{"href":"https:\/\/cosmoflag.com\/da\/wp-json\/wp\/v2\/product\/2537","targetHints":{"allow":["GET"]}}],"collection":[{"href":"https:\/\/cosmoflag.com\/da\/wp-json\/wp\/v2\/product"}],"about":[{"href":"https:\/\/cosmoflag.com\/da\/wp-json\/wp\/v2\/types\/product"}],"replies":[{"embeddable":true,"href":"https:\/\/cosmoflag.com\/da\/wp-json\/wp\/v2\/comments?post=2537"}],"wp:featuredmedia":[{"embeddable":true,"href":"https:\/\/cosmoflag.com\/da\/wp-json\/wp\/v2\/media\/1768"}],"wp:attachment":[{"href":"https:\/\/cosmoflag.com\/da\/wp-json\/wp\/v2\/media?parent=2537"}],"wp:term":[{"taxonomy":"product_brand","embeddable":true,"href":"https:\/\/cosmoflag.com\/da\/wp-json\/wp\/v2\/product_brand?post=2537"},{"taxonomy":"product_cat","embeddable":true,"href":"https:\/\/cosmoflag.com\/da\/wp-json\/wp\/v2\/product_cat?post=2537"},{"taxonomy":"product_tag","embeddable":true,"href":"https:\/\/cosmoflag.com\/da\/wp-json\/wp\/v2\/product_tag?post=2537"}],"curies":[{"name":"wp","href":"https:\/\/api.w.org\/{rel}","templated":true}]}}