{"id":2536,"date":"2024-12-20T13:47:00","date_gmt":"2024-12-20T11:47:00","guid":{"rendered":"https:\/\/cosmoflag.com\/?post_type=product&#038;p=2536"},"modified":"2025-08-12T21:18:44","modified_gmt":"2025-08-12T19:18:44","slug":"gult-flag","status":"publish","type":"product","link":"https:\/\/cosmoflag.com\/da\/produkt-2\/gult-flag\/","title":{"rendered":"Gult flag"},"content":{"rendered":"<h3><strong>Funktioner i det gule flag<\/strong><\/h3>\n<p>Vores gule flag er fremstillet af f\u00f8rsteklasses polyester, der sikrer fremragende holdbarhed til langvarig brug b\u00e5de indend\u00f8rs og udend\u00f8rs. Det har metaltyller for nem montering og sikkert greb, selv under udfordrende vejrforhold. Dette flag m\u00e5ler 90 x 150 cm\/35 x 59 tommer og giver fremragende synlighed til mange forskellige form\u00e5l.<\/p>\n<h3><strong>Et symbol p\u00e5 positivitet og kommunikation<\/strong><\/h3>\n<p>Det gule flag har flere betydninger afh\u00e6ngigt af sammenh\u00e6ngen. Det bruges ofte i maritim kommunikation som et signal for \"karant\u00e6ne\" eller til at betegne bogstavet \"Q\" i den internationale signalkode. P\u00e5 land kan det symbolisere forsigtighed, advarsel eller endda positivitet og optimisme i forbindelse med festligheder. Dette alsidige flag er ideelt til en lang r\u00e6kke form\u00e5l.<\/p>\n<h3><strong>Alsidig brug<\/strong><\/h3>\n<p>Det gule flag er perfekt til maritim signalering, sportsbegivenheder, festligheder eller som en del af en samling, og det er et praktisk og meningsfuldt redskab til kommunikation eller dekoration. Den falmebestandige farve og det robuste design sikrer, at det forbliver levende og effektfuldt over tid.<\/p>","protected":false},"excerpt":{"rendered":"<p>150 x 90 cm flag med 2 robuste metalgennemf\u00f8ringer til sikker oph\u00e6ngning.<\/p>","protected":false},"featured_media":1775,"comment_status":"open","ping_status":"closed","template":"","meta":{"_gspb_post_css":"","iawp_total_views":8},"product_brand":[],"product_cat":[59],"product_tag":[],"class_list":{"0":"post-2536","1":"product","2":"type-product","3":"status-publish","4":"has-post-thumbnail","6":"product_cat-color-flags","8":"first","9":"instock","10":"sale","11":"shipping-taxable","12":"purchasable","13":"product-type-simple"},"_links":{"self":[{"href":"https:\/\/cosmoflag.com\/da\/wp-json\/wp\/v2\/product\/2536","targetHints":{"allow":["GET"]}}],"collection":[{"href":"https:\/\/cosmoflag.com\/da\/wp-json\/wp\/v2\/product"}],"about":[{"href":"https:\/\/cosmoflag.com\/da\/wp-json\/wp\/v2\/types\/product"}],"replies":[{"embeddable":true,"href":"https:\/\/cosmoflag.com\/da\/wp-json\/wp\/v2\/comments?post=2536"}],"wp:featuredmedia":[{"embeddable":true,"href":"https:\/\/cosmoflag.com\/da\/wp-json\/wp\/v2\/media\/1775"}],"wp:attachment":[{"href":"https:\/\/cosmoflag.com\/da\/wp-json\/wp\/v2\/media?parent=2536"}],"wp:term":[{"taxonomy":"product_brand","embeddable":true,"href":"https:\/\/cosmoflag.com\/da\/wp-json\/wp\/v2\/product_brand?post=2536"},{"taxonomy":"product_cat","embeddable":true,"href":"https:\/\/cosmoflag.com\/da\/wp-json\/wp\/v2\/product_cat?post=2536"},{"taxonomy":"product_tag","embeddable":true,"href":"https:\/\/cosmoflag.com\/da\/wp-json\/wp\/v2\/product_tag?post=2536"}],"curies":[{"name":"wp","href":"https:\/\/api.w.org\/{rel}","templated":true}]}}