{"id":2534,"date":"2024-12-20T13:30:00","date_gmt":"2024-12-20T11:30:00","guid":{"rendered":"https:\/\/cosmoflag.com\/?post_type=product&#038;p=2534"},"modified":"2025-08-12T21:18:44","modified_gmt":"2025-08-12T19:18:44","slug":"buddhistisk-flag","status":"publish","type":"product","link":"https:\/\/cosmoflag.com\/da\/produkt-2\/buddhistisk-flag\/","title":{"rendered":"Buddhistisk flag"},"content":{"rendered":"<h3><strong>Buddhistiske flagfunktioner<\/strong><\/h3>\n<p>Vores buddhistflag er fremstillet af f\u00f8rsteklasses polyester, der sikrer fremragende holdbarhed til langvarig brug indend\u00f8rs og udend\u00f8rs. Det har metaltyller for nem montering og sikkert hold, selv under udfordrende vejrforhold. Dette flag m\u00e5ler 90 x 150 cm og sikrer fremragende synlighed p\u00e5 st\u00e6nger, v\u00e6gge eller under spirituelle begivenheder og fejringer.<\/p>\n<h3><strong>Et symbol p\u00e5 fred og spiritualitet<\/strong><\/h3>\n<p>Det buddhistiske flag, der f\u00f8rste gang blev introduceret i 1885 og i vid udstr\u00e6kning bruges som et universelt symbol p\u00e5 buddhismen, har seks lodrette striber: bl\u00e5 for fred, gul for visdom, r\u00f8d for velsignelser, hvid for renhed og orange for oplysning. Den sidste stribe kombinerer alle farver og symboliserer Dharmas universalitet. Dette flag er en dybtg\u00e5ende repr\u00e6sentation af harmoni, tolerance og \u00e5ndelig v\u00e6kst.<\/p>\n<h3><strong>Alsidig brug<\/strong><\/h3>\n<p>Buddhismens flag er perfekt til spirituelle begivenheder, meditationscentre, kulturelle festligheder eller personlige samlinger og er en meningsfuld repr\u00e6sentation af buddhistisk l\u00e6re og v\u00e6rdier. Dets falmebestandige farver og robuste design sikrer, at det forbliver levende og virkningsfuldt over tid.<\/p>","protected":false},"excerpt":{"rendered":"<p>150 x 90 cm flag med 2 robuste metalgennemf\u00f8ringer til sikker oph\u00e6ngning.<\/p>","protected":false},"featured_media":1023,"comment_status":"open","ping_status":"closed","template":"","meta":{"_gspb_post_css":"","iawp_total_views":8},"product_brand":[],"product_cat":[76],"product_tag":[],"class_list":{"0":"post-2534","1":"product","2":"type-product","3":"status-publish","4":"has-post-thumbnail","6":"product_cat-religious-flags","8":"first","9":"instock","10":"sale","11":"shipping-taxable","12":"purchasable","13":"product-type-simple"},"_links":{"self":[{"href":"https:\/\/cosmoflag.com\/da\/wp-json\/wp\/v2\/product\/2534","targetHints":{"allow":["GET"]}}],"collection":[{"href":"https:\/\/cosmoflag.com\/da\/wp-json\/wp\/v2\/product"}],"about":[{"href":"https:\/\/cosmoflag.com\/da\/wp-json\/wp\/v2\/types\/product"}],"replies":[{"embeddable":true,"href":"https:\/\/cosmoflag.com\/da\/wp-json\/wp\/v2\/comments?post=2534"}],"wp:featuredmedia":[{"embeddable":true,"href":"https:\/\/cosmoflag.com\/da\/wp-json\/wp\/v2\/media\/1023"}],"wp:attachment":[{"href":"https:\/\/cosmoflag.com\/da\/wp-json\/wp\/v2\/media?parent=2534"}],"wp:term":[{"taxonomy":"product_brand","embeddable":true,"href":"https:\/\/cosmoflag.com\/da\/wp-json\/wp\/v2\/product_brand?post=2534"},{"taxonomy":"product_cat","embeddable":true,"href":"https:\/\/cosmoflag.com\/da\/wp-json\/wp\/v2\/product_cat?post=2534"},{"taxonomy":"product_tag","embeddable":true,"href":"https:\/\/cosmoflag.com\/da\/wp-json\/wp\/v2\/product_tag?post=2534"}],"curies":[{"name":"wp","href":"https:\/\/api.w.org\/{rel}","templated":true}]}}