{"id":2532,"date":"2024-12-20T12:40:00","date_gmt":"2024-12-20T10:40:00","guid":{"rendered":"https:\/\/cosmoflag.com\/?post_type=product&#038;p=2532"},"modified":"2025-08-12T21:18:45","modified_gmt":"2025-08-12T19:18:45","slug":"den-dominikanske-republiks-flag","status":"publish","type":"product","link":"https:\/\/cosmoflag.com\/da\/produkt-2\/den-dominikanske-republiks-flag\/","title":{"rendered":"Den Dominikanske Republiks flag"},"content":{"rendered":"<h3><strong>Den Dominikanske Republiks flagfunktioner<\/strong><\/h3>\n<p>Vores flag fra Den Dominikanske Republik er fremstillet af f\u00f8rsteklasses polyester, der sikrer fremragende holdbarhed til langvarig brug indend\u00f8rs og udend\u00f8rs. Det har metaltyller for nem montering og sikkert hold, selv under udfordrende vejrforhold. Dette flag m\u00e5ler 90 x 150 cm og giver fremragende synlighed til st\u00e6nger, v\u00e6gge eller under nationale festligheder.<\/p>\n<h3><strong>Et symbol p\u00e5 tro og frihed<\/strong><\/h3>\n<p>Den Dominikanske Republiks flag, der officielt blev vedtaget i 1844, har et fedt kors, der deler flaget i fire rektangler: to bl\u00e5 for frihed, to r\u00f8de for folkets ofre og et hvidt kors, der symboliserer frelse. I midten ligger det nationale v\u00e5benskjold, som omfatter Bibelen og et banner med teksten \"Dios, Patria, Libertad\" (Gud, f\u00e6dreland, frihed), der indkapsler det dominikanske folks kernev\u00e6rdier.<\/p>\n<h3><strong>Alsidig brug<\/strong><\/h3>\n<p>Den Dominikanske Republiks flag er perfekt til nationale fejringer, kulturelle begivenheder, uddannelsesm\u00e6ssige form\u00e5l eller personlige samlinger og er en meningsfuld repr\u00e6sentation af landets historie og identitet. Dets falmebestandige farver og robuste design sikrer, at det forbliver levende og virkningsfuldt over tid.<\/p>","protected":false},"excerpt":{"rendered":"<p>150 x 90 cm flag med 2 robuste metalgennemf\u00f8ringer til sikker oph\u00e6ngning.<\/p>","protected":false},"featured_media":1096,"comment_status":"open","ping_status":"closed","template":"","meta":{"_gspb_post_css":"","iawp_total_views":19},"product_brand":[],"product_cat":[62,58],"product_tag":[],"class_list":{"0":"post-2532","1":"product","2":"type-product","3":"status-publish","4":"has-post-thumbnail","6":"product_cat-north-america-flags","7":"product_cat-country-flags","9":"first","10":"instock","11":"sale","12":"shipping-taxable","13":"purchasable","14":"product-type-simple"},"_links":{"self":[{"href":"https:\/\/cosmoflag.com\/da\/wp-json\/wp\/v2\/product\/2532","targetHints":{"allow":["GET"]}}],"collection":[{"href":"https:\/\/cosmoflag.com\/da\/wp-json\/wp\/v2\/product"}],"about":[{"href":"https:\/\/cosmoflag.com\/da\/wp-json\/wp\/v2\/types\/product"}],"replies":[{"embeddable":true,"href":"https:\/\/cosmoflag.com\/da\/wp-json\/wp\/v2\/comments?post=2532"}],"wp:featuredmedia":[{"embeddable":true,"href":"https:\/\/cosmoflag.com\/da\/wp-json\/wp\/v2\/media\/1096"}],"wp:attachment":[{"href":"https:\/\/cosmoflag.com\/da\/wp-json\/wp\/v2\/media?parent=2532"}],"wp:term":[{"taxonomy":"product_brand","embeddable":true,"href":"https:\/\/cosmoflag.com\/da\/wp-json\/wp\/v2\/product_brand?post=2532"},{"taxonomy":"product_cat","embeddable":true,"href":"https:\/\/cosmoflag.com\/da\/wp-json\/wp\/v2\/product_cat?post=2532"},{"taxonomy":"product_tag","embeddable":true,"href":"https:\/\/cosmoflag.com\/da\/wp-json\/wp\/v2\/product_tag?post=2532"}],"curies":[{"name":"wp","href":"https:\/\/api.w.org\/{rel}","templated":true}]}}