{"id":2531,"date":"2024-12-20T12:37:00","date_gmt":"2024-12-20T10:37:00","guid":{"rendered":"https:\/\/cosmoflag.com\/?post_type=product&#038;p=2531"},"modified":"2025-08-12T21:18:45","modified_gmt":"2025-08-12T19:18:45","slug":"mozambiques-flag","status":"publish","type":"product","link":"https:\/\/cosmoflag.com\/da\/produkt-2\/mozambiques-flag\/","title":{"rendered":"Mozambiques flag"},"content":{"rendered":"<h3><strong>Mozambiques flagfunktioner<\/strong><\/h3>\n<p>Vores Mozambique-flag er fremstillet af f\u00f8rsteklasses polyester, der sikrer fremragende holdbarhed til langvarig brug indend\u00f8rs og udend\u00f8rs. Det har metaltyller for nem montering og sikkert hold, selv under udfordrende vejrforhold. Dette flag m\u00e5ler 90 x 150 cm og sikrer fremragende synlighed p\u00e5 st\u00e6nger, v\u00e6gge eller under nationale festligheder og begivenheder.<\/p>\n<h3><strong>Et symbol p\u00e5 sammenhold og modstandskraft<\/strong><\/h3>\n<p>Mozambiques flag, der blev officielt vedtaget i 1983, har vandrette striber i gr\u00f8n, sort og gul, adskilt af tynde hvide linjer. En r\u00f8d trekant p\u00e5 hejsesiden repr\u00e6senterer landets kamp for uafh\u00e6ngighed. Inden for trekanten ligger en gul stjerne med en bog, en hakke og en AK-47, som symboliserer uddannelse, landbrug og forsvar. Dette unikke design udtrykker Mozambiques engagement i fremskridt og sammenhold.<\/p>\n<h3><strong>Alsidig brug<\/strong><\/h3>\n<p>Mozambiques flag er perfekt til nationale festligheder, kulturelle begivenheder, uddannelsesudstillinger eller personlige samlinger og er en meningsfuld repr\u00e6sentation af landets identitet og v\u00e6rdier. Dets falmebestandige farver og robuste design sikrer, at det forbliver levende og virkningsfuldt over tid.<\/p>","protected":false},"excerpt":{"rendered":"<p>150 x 90 cm flag med 2 robuste metalgennemf\u00f8ringer til sikker oph\u00e6ngning.<\/p>","protected":false},"featured_media":1255,"comment_status":"open","ping_status":"closed","template":"","meta":{"_gspb_post_css":"","iawp_total_views":11},"product_brand":[],"product_cat":[60,58],"product_tag":[],"class_list":{"0":"post-2531","1":"product","2":"type-product","3":"status-publish","4":"has-post-thumbnail","6":"product_cat-africa-flags","7":"product_cat-country-flags","9":"first","10":"instock","11":"sale","12":"shipping-taxable","13":"purchasable","14":"product-type-simple"},"_links":{"self":[{"href":"https:\/\/cosmoflag.com\/da\/wp-json\/wp\/v2\/product\/2531","targetHints":{"allow":["GET"]}}],"collection":[{"href":"https:\/\/cosmoflag.com\/da\/wp-json\/wp\/v2\/product"}],"about":[{"href":"https:\/\/cosmoflag.com\/da\/wp-json\/wp\/v2\/types\/product"}],"replies":[{"embeddable":true,"href":"https:\/\/cosmoflag.com\/da\/wp-json\/wp\/v2\/comments?post=2531"}],"wp:featuredmedia":[{"embeddable":true,"href":"https:\/\/cosmoflag.com\/da\/wp-json\/wp\/v2\/media\/1255"}],"wp:attachment":[{"href":"https:\/\/cosmoflag.com\/da\/wp-json\/wp\/v2\/media?parent=2531"}],"wp:term":[{"taxonomy":"product_brand","embeddable":true,"href":"https:\/\/cosmoflag.com\/da\/wp-json\/wp\/v2\/product_brand?post=2531"},{"taxonomy":"product_cat","embeddable":true,"href":"https:\/\/cosmoflag.com\/da\/wp-json\/wp\/v2\/product_cat?post=2531"},{"taxonomy":"product_tag","embeddable":true,"href":"https:\/\/cosmoflag.com\/da\/wp-json\/wp\/v2\/product_tag?post=2531"}],"curies":[{"name":"wp","href":"https:\/\/api.w.org\/{rel}","templated":true}]}}