{"id":2529,"date":"2024-12-20T11:32:00","date_gmt":"2024-12-20T09:32:00","guid":{"rendered":"https:\/\/cosmoflag.com\/?post_type=product&#038;p=2529"},"modified":"2025-11-27T20:53:32","modified_gmt":"2025-11-27T18:53:32","slug":"skotlands-kongelige-banner-flag","status":"publish","type":"product","link":"https:\/\/cosmoflag.com\/da\/produkt-2\/skotlands-kongelige-banner-flag\/","title":{"rendered":"Royal Banner of Scotland Flag"},"content":{"rendered":"<h3><strong>Royal Banner of Scotland Flag Funktioner<\/strong><\/h3>\n<p>Vores Royal Banner of Scotland-flag er fremstillet af f\u00f8rsteklasses polyester, der sikrer fremragende holdbarhed til langvarig brug indend\u00f8rs og udend\u00f8rs. Det har metalgennemf\u00f8ringer for nem montering og sikkert hold, selv under udfordrende vejrforhold. Med m\u00e5lene 90 x 150 cm\/35 x 59 tommer sikrer dette flag fremragende synlighed til st\u00e6nger, v\u00e6gge eller under historiske begivenheder og rekonstruktioner.<\/p>\n<h3><strong>Et symbol p\u00e5 kongelig arv<\/strong><\/h3>\n<p>The Royal Banner of Scotland, ogs\u00e5 kendt som \"Lion Rampant\", er et emblem for det skotske monarki. Flaget har en fed r\u00f8d l\u00f8ve, der st\u00e5r p\u00e5 sine bagben, omgivet af en dobbelt r\u00f8d kant med liljer, alt sammen p\u00e5 en gylden baggrund. Flaget var oprindeligt forbeholdt den skotske konge, men er nu et v\u00e6rdsat symbol p\u00e5 Skotlands kongelige arv og kulturelle stolthed.<\/p>\n<h3><strong>Alsidig brug<\/strong><\/h3>\n<p>Royal Banner of Scotland er perfekt til historiske rekonstruktioner, kulturelle fejringer, uddannelsesm\u00e6ssige form\u00e5l eller personlige samlinger og er en meningsfuld repr\u00e6sentation af Skotlands kongelige fortid og nationale stolthed. De falmebestandige farver og det robuste design sikrer, at det forbliver levende og virkningsfuldt over tid.<\/p>","protected":false},"excerpt":{"rendered":"<p>150 x 90 cm flag med 2 robuste metalgennemf\u00f8ringer til sikker oph\u00e6ngning.<\/p>","protected":false},"featured_media":1356,"comment_status":"open","ping_status":"closed","template":"","meta":{"_gspb_post_css":"","iawp_total_views":19},"product_brand":[],"product_cat":[71,70],"product_tag":[],"class_list":{"0":"post-2529","1":"product","2":"type-product","3":"status-publish","4":"has-post-thumbnail","6":"product_cat-united-kingdom-regions-flags","7":"product_cat-regional-flags","9":"first","10":"instock","11":"sale","12":"shipping-taxable","13":"purchasable","14":"product-type-simple"},"_links":{"self":[{"href":"https:\/\/cosmoflag.com\/da\/wp-json\/wp\/v2\/product\/2529","targetHints":{"allow":["GET"]}}],"collection":[{"href":"https:\/\/cosmoflag.com\/da\/wp-json\/wp\/v2\/product"}],"about":[{"href":"https:\/\/cosmoflag.com\/da\/wp-json\/wp\/v2\/types\/product"}],"replies":[{"embeddable":true,"href":"https:\/\/cosmoflag.com\/da\/wp-json\/wp\/v2\/comments?post=2529"}],"wp:featuredmedia":[{"embeddable":true,"href":"https:\/\/cosmoflag.com\/da\/wp-json\/wp\/v2\/media\/1356"}],"wp:attachment":[{"href":"https:\/\/cosmoflag.com\/da\/wp-json\/wp\/v2\/media?parent=2529"}],"wp:term":[{"taxonomy":"product_brand","embeddable":true,"href":"https:\/\/cosmoflag.com\/da\/wp-json\/wp\/v2\/product_brand?post=2529"},{"taxonomy":"product_cat","embeddable":true,"href":"https:\/\/cosmoflag.com\/da\/wp-json\/wp\/v2\/product_cat?post=2529"},{"taxonomy":"product_tag","embeddable":true,"href":"https:\/\/cosmoflag.com\/da\/wp-json\/wp\/v2\/product_tag?post=2529"}],"curies":[{"name":"wp","href":"https:\/\/api.w.org\/{rel}","templated":true}]}}