{"id":2528,"date":"2024-12-20T11:24:00","date_gmt":"2024-12-20T09:24:00","guid":{"rendered":"https:\/\/cosmoflag.com\/?post_type=product&#038;p=2528"},"modified":"2025-08-12T21:18:46","modified_gmt":"2025-08-12T19:18:46","slug":"samoas-flag","status":"publish","type":"product","link":"https:\/\/cosmoflag.com\/da\/produkt-2\/samoas-flag\/","title":{"rendered":"Samoas flag"},"content":{"rendered":"<h3><strong>Samoas flagfunktioner<\/strong><\/h3>\n<p>Vores Samoa-flag er fremstillet af f\u00f8rsteklasses polyester, der sikrer fremragende holdbarhed til langvarig brug indend\u00f8rs og udend\u00f8rs. Det har metaltyller for nem montering og sikkert hold, selv under udfordrende vejrforhold. Dette flag m\u00e5ler 90 x 150 cm og giver fremragende synlighed p\u00e5 st\u00e6nger, v\u00e6gge eller under kulturelle begivenheder og festligheder.<\/p>\n<h3><strong>Et symbol p\u00e5 sammenhold og tradition<\/strong><\/h3>\n<p>Samoas flag, der blev officielt vedtaget i 1949, har et markant r\u00f8dt felt, der symboliserer mod, mens den bl\u00e5 kanton repr\u00e6senterer frihed. De fem hvide stjerner i kantonen viser stjernebilledet Sydkorset, som er et symbol p\u00e5 Samoas geografiske placering og dets forbindelse til Stillehavet. Dette enkle, men kraftfulde design afspejler nationens uafh\u00e6ngighed, stolthed og kulturelle v\u00e6rdier.<\/p>\n<h3><strong>Alsidig brug<\/strong><\/h3>\n<p>Samoa-flaget er perfekt til nationale fejringer, kulturelle festivaler, uddannelsesudstillinger eller personlige samlinger og er en meningsfuld repr\u00e6sentation af nationens historie og identitet. Dets falmebestandige farver og robuste design sikrer, at det forbliver levende og virkningsfuldt over tid.<\/p>","protected":false},"excerpt":{"rendered":"<p>150 x 90 cm flag med 2 robuste metalgennemf\u00f8ringer til sikker oph\u00e6ngning.<\/p>","protected":false},"featured_media":1362,"comment_status":"open","ping_status":"closed","template":"","meta":{"_gspb_post_css":"","iawp_total_views":1},"product_brand":[],"product_cat":[67,58],"product_tag":[],"class_list":{"0":"post-2528","1":"product","2":"type-product","3":"status-publish","4":"has-post-thumbnail","6":"product_cat-oceania-flag","7":"product_cat-country-flags","9":"first","10":"instock","11":"sale","12":"shipping-taxable","13":"purchasable","14":"product-type-simple"},"_links":{"self":[{"href":"https:\/\/cosmoflag.com\/da\/wp-json\/wp\/v2\/product\/2528","targetHints":{"allow":["GET"]}}],"collection":[{"href":"https:\/\/cosmoflag.com\/da\/wp-json\/wp\/v2\/product"}],"about":[{"href":"https:\/\/cosmoflag.com\/da\/wp-json\/wp\/v2\/types\/product"}],"replies":[{"embeddable":true,"href":"https:\/\/cosmoflag.com\/da\/wp-json\/wp\/v2\/comments?post=2528"}],"wp:featuredmedia":[{"embeddable":true,"href":"https:\/\/cosmoflag.com\/da\/wp-json\/wp\/v2\/media\/1362"}],"wp:attachment":[{"href":"https:\/\/cosmoflag.com\/da\/wp-json\/wp\/v2\/media?parent=2528"}],"wp:term":[{"taxonomy":"product_brand","embeddable":true,"href":"https:\/\/cosmoflag.com\/da\/wp-json\/wp\/v2\/product_brand?post=2528"},{"taxonomy":"product_cat","embeddable":true,"href":"https:\/\/cosmoflag.com\/da\/wp-json\/wp\/v2\/product_cat?post=2528"},{"taxonomy":"product_tag","embeddable":true,"href":"https:\/\/cosmoflag.com\/da\/wp-json\/wp\/v2\/product_tag?post=2528"}],"curies":[{"name":"wp","href":"https:\/\/api.w.org\/{rel}","templated":true}]}}