{"id":2527,"date":"2024-12-20T10:45:00","date_gmt":"2024-12-20T08:45:00","guid":{"rendered":"https:\/\/cosmoflag.com\/?post_type=product&#038;p=2527"},"modified":"2025-08-12T21:18:47","modified_gmt":"2025-08-12T19:18:47","slug":"siciliens-flag","status":"publish","type":"product","link":"https:\/\/cosmoflag.com\/da\/produkt-2\/siciliens-flag\/","title":{"rendered":"Siciliens flag"},"content":{"rendered":"<h3><strong>Siciliens flagfunktioner<\/strong><\/h3>\n<p>Vores Sicilien-flag er fremstillet af f\u00f8rsteklasses polyester, der sikrer fremragende holdbarhed til langvarig brug indend\u00f8rs og udend\u00f8rs. Det har metaltyller for nem montering og sikkert hold, selv under udfordrende vejrforhold. Dette flag m\u00e5ler 90 x 150 cm og giver fremragende synlighed til st\u00e6nger, v\u00e6gge eller under kulturelle begivenheder og festivaler.<\/p>\n<h3><strong>Et symbol p\u00e5 arv og identitet<\/strong><\/h3>\n<p>Siciliens flag, der officielt blev vedtaget i 1282 og genindf\u00f8rt i 2000, har et sl\u00e5ende design med to diagonale halvdele af r\u00f8d og gul, der repr\u00e6senterer Palermo og Corleone. I midten ses Trinacria, en trebenet figur med et Medusahoved omgivet af hvedeaks, som symboliserer Siciliens trekantede form, landbrugets frugtbarhed og gamle r\u00f8dder. Dette unikke flag er en st\u00e6rk repr\u00e6sentation af \u00f8ens rige kulturhistorie og identitet.<\/p>\n<h3><strong>Alsidig brug<\/strong><\/h3>\n<p>Siciliens flag er perfekt til kulturelle festligheder, historiske rekonstruktioner, uddannelsesm\u00e6ssige udstillinger eller personlige samlinger og er en meningsfuld repr\u00e6sentation af regionens arv. Dets falmebestandige farver og robuste design sikrer, at det forbliver levende og virkningsfuldt over tid.<\/p>","protected":false},"excerpt":{"rendered":"<p>150 x 90 cm flag med 2 robuste metalgennemf\u00f8ringer til sikker oph\u00e6ngning.<\/p>","protected":false},"featured_media":1388,"comment_status":"open","ping_status":"closed","template":"","meta":{"_gspb_post_css":"","iawp_total_views":12},"product_brand":[],"product_cat":[70],"product_tag":[],"class_list":{"0":"post-2527","1":"product","2":"type-product","3":"status-publish","4":"has-post-thumbnail","6":"product_cat-regional-flags","8":"first","9":"instock","10":"sale","11":"shipping-taxable","12":"purchasable","13":"product-type-simple"},"_links":{"self":[{"href":"https:\/\/cosmoflag.com\/da\/wp-json\/wp\/v2\/product\/2527","targetHints":{"allow":["GET"]}}],"collection":[{"href":"https:\/\/cosmoflag.com\/da\/wp-json\/wp\/v2\/product"}],"about":[{"href":"https:\/\/cosmoflag.com\/da\/wp-json\/wp\/v2\/types\/product"}],"replies":[{"embeddable":true,"href":"https:\/\/cosmoflag.com\/da\/wp-json\/wp\/v2\/comments?post=2527"}],"wp:featuredmedia":[{"embeddable":true,"href":"https:\/\/cosmoflag.com\/da\/wp-json\/wp\/v2\/media\/1388"}],"wp:attachment":[{"href":"https:\/\/cosmoflag.com\/da\/wp-json\/wp\/v2\/media?parent=2527"}],"wp:term":[{"taxonomy":"product_brand","embeddable":true,"href":"https:\/\/cosmoflag.com\/da\/wp-json\/wp\/v2\/product_brand?post=2527"},{"taxonomy":"product_cat","embeddable":true,"href":"https:\/\/cosmoflag.com\/da\/wp-json\/wp\/v2\/product_cat?post=2527"},{"taxonomy":"product_tag","embeddable":true,"href":"https:\/\/cosmoflag.com\/da\/wp-json\/wp\/v2\/product_tag?post=2527"}],"curies":[{"name":"wp","href":"https:\/\/api.w.org\/{rel}","templated":true}]}}