{"id":2525,"date":"2024-12-19T23:07:00","date_gmt":"2024-12-19T21:07:00","guid":{"rendered":"https:\/\/cosmoflag.com\/?post_type=product&#038;p=2525"},"modified":"2025-08-12T21:18:47","modified_gmt":"2025-08-12T19:18:47","slug":"bangladesh-flag","status":"publish","type":"product","link":"https:\/\/cosmoflag.com\/da\/produkt-2\/bangladesh-flag\/","title":{"rendered":"Bangladesh' flag"},"content":{"rendered":"<h3><strong>Bangladesh Flag Funktioner<\/strong><\/h3>\n<p>Vores Bangladesh-flag er fremstillet af f\u00f8rsteklasses polyester, der sikrer fremragende holdbarhed til langvarig brug indend\u00f8rs og udend\u00f8rs. Det har metaltyller for nem montering og sikkert hold, selv under udfordrende vejrforhold. Dette flag m\u00e5ler 90 x 150 cm og sikrer fremragende synlighed p\u00e5 st\u00e6nger, v\u00e6gge eller under nationale begivenheder og festligheder.<\/p>\n<h3><strong>Et symbol p\u00e5 sammenhold og uafh\u00e6ngighed<\/strong><\/h3>\n<p>Bangladeshs flag, der blev officielt vedtaget i 1972, har et dybgr\u00f8nt felt, der symboliserer landets frodige landskab og befolkningens vitalitet. I midten ligger en fed r\u00f8d cirkel, der repr\u00e6senterer blodsudgydelserne for uafh\u00e6ngighed og en ny nations opstigende sol. Dette minimalistiske, men kraftfulde design afspejler det bangladeshiske folks modstandskraft og stolthed.<\/p>\n<h3><strong>Alsidig brug<\/strong><\/h3>\n<p>Bangladesh-flaget er perfekt til nationale festligheder, kulturelle begivenheder, uddannelsesudstillinger eller personlige samlinger og er en meningsfuld repr\u00e6sentation af landets historie og v\u00e6rdier. De falmebestandige farver og det robuste design sikrer, at det forbliver levende og virkningsfuldt over tid.<\/p>","protected":false},"excerpt":{"rendered":"<p>150 x 90 cm flag med 2 robuste metalgennemf\u00f8ringer til sikker oph\u00e6ngning.<\/p>","protected":false},"featured_media":1477,"comment_status":"open","ping_status":"closed","template":"","meta":{"_gspb_post_css":"","iawp_total_views":8},"product_brand":[],"product_cat":[64,58],"product_tag":[],"class_list":{"0":"post-2525","1":"product","2":"type-product","3":"status-publish","4":"has-post-thumbnail","6":"product_cat-asia-flags","7":"product_cat-country-flags","9":"first","10":"instock","11":"sale","12":"shipping-taxable","13":"purchasable","14":"product-type-simple"},"_links":{"self":[{"href":"https:\/\/cosmoflag.com\/da\/wp-json\/wp\/v2\/product\/2525","targetHints":{"allow":["GET"]}}],"collection":[{"href":"https:\/\/cosmoflag.com\/da\/wp-json\/wp\/v2\/product"}],"about":[{"href":"https:\/\/cosmoflag.com\/da\/wp-json\/wp\/v2\/types\/product"}],"replies":[{"embeddable":true,"href":"https:\/\/cosmoflag.com\/da\/wp-json\/wp\/v2\/comments?post=2525"}],"wp:featuredmedia":[{"embeddable":true,"href":"https:\/\/cosmoflag.com\/da\/wp-json\/wp\/v2\/media\/1477"}],"wp:attachment":[{"href":"https:\/\/cosmoflag.com\/da\/wp-json\/wp\/v2\/media?parent=2525"}],"wp:term":[{"taxonomy":"product_brand","embeddable":true,"href":"https:\/\/cosmoflag.com\/da\/wp-json\/wp\/v2\/product_brand?post=2525"},{"taxonomy":"product_cat","embeddable":true,"href":"https:\/\/cosmoflag.com\/da\/wp-json\/wp\/v2\/product_cat?post=2525"},{"taxonomy":"product_tag","embeddable":true,"href":"https:\/\/cosmoflag.com\/da\/wp-json\/wp\/v2\/product_tag?post=2525"}],"curies":[{"name":"wp","href":"https:\/\/api.w.org\/{rel}","templated":true}]}}