{"id":2524,"date":"2024-12-19T23:04:00","date_gmt":"2024-12-19T21:04:00","guid":{"rendered":"https:\/\/cosmoflag.com\/?post_type=product&#038;p=2524"},"modified":"2025-08-12T21:18:48","modified_gmt":"2025-08-12T19:18:48","slug":"barbados-flag","status":"publish","type":"product","link":"https:\/\/cosmoflag.com\/da\/produkt-2\/barbados-flag\/","title":{"rendered":"Barbados Flag"},"content":{"rendered":"<h3><strong>Barbados Flag Funktioner<\/strong><\/h3>\n<p>Vores Barbados-flag er fremstillet af f\u00f8rsteklasses polyester, der sikrer fremragende holdbarhed til langvarig brug indend\u00f8rs og udend\u00f8rs. Det har metaltyller for nem montering og sikkert hold, selv under udfordrende vejrforhold. Dette flag m\u00e5ler 90 x 150 cm og sikrer fremragende synlighed p\u00e5 st\u00e6nger, v\u00e6gge eller under nationale festligheder.<\/p>\n<h3><strong>Et symbol p\u00e5 uafh\u00e6ngighed og stolthed<\/strong><\/h3>\n<p>Barbados' flag, som blev officielt vedtaget i 1966 under landets uafh\u00e6ngighed, har tre lodrette striber: ultramarinbl\u00e5 p\u00e5 siderne og gyldengul i midten. Den bl\u00e5 farve repr\u00e6senterer havet og himlen, mens den gule farve symboliserer landets sandstrande og livlige kultur. I midten ligger en kn\u00e6kket trefork, som repr\u00e6senterer bruddet med kolonistyret og styrken i den barbadiske arv.<\/p>\n<h3><strong>Alsidig brug<\/strong><\/h3>\n<p>Barbados-flaget er perfekt til nationale festligheder, kulturelle begivenheder, uddannelsesudstillinger eller personlige samlinger og er en meningsfuld repr\u00e6sentation af \u00f8ens identitet og historie. Dets falmebestandige farver og robuste design sikrer, at det forbliver levende og virkningsfuldt over tid.<\/p>","protected":false},"excerpt":{"rendered":"<p>150 x 90 cm flag med 2 robuste metalgennemf\u00f8ringer til sikker oph\u00e6ngning.<\/p>","protected":false},"featured_media":1484,"comment_status":"open","ping_status":"closed","template":"","meta":{"_gspb_post_css":"","iawp_total_views":3},"product_brand":[],"product_cat":[62,58],"product_tag":[],"class_list":{"0":"post-2524","1":"product","2":"type-product","3":"status-publish","4":"has-post-thumbnail","6":"product_cat-north-america-flags","7":"product_cat-country-flags","9":"first","10":"instock","11":"sale","12":"shipping-taxable","13":"purchasable","14":"product-type-simple"},"_links":{"self":[{"href":"https:\/\/cosmoflag.com\/da\/wp-json\/wp\/v2\/product\/2524","targetHints":{"allow":["GET"]}}],"collection":[{"href":"https:\/\/cosmoflag.com\/da\/wp-json\/wp\/v2\/product"}],"about":[{"href":"https:\/\/cosmoflag.com\/da\/wp-json\/wp\/v2\/types\/product"}],"replies":[{"embeddable":true,"href":"https:\/\/cosmoflag.com\/da\/wp-json\/wp\/v2\/comments?post=2524"}],"wp:featuredmedia":[{"embeddable":true,"href":"https:\/\/cosmoflag.com\/da\/wp-json\/wp\/v2\/media\/1484"}],"wp:attachment":[{"href":"https:\/\/cosmoflag.com\/da\/wp-json\/wp\/v2\/media?parent=2524"}],"wp:term":[{"taxonomy":"product_brand","embeddable":true,"href":"https:\/\/cosmoflag.com\/da\/wp-json\/wp\/v2\/product_brand?post=2524"},{"taxonomy":"product_cat","embeddable":true,"href":"https:\/\/cosmoflag.com\/da\/wp-json\/wp\/v2\/product_cat?post=2524"},{"taxonomy":"product_tag","embeddable":true,"href":"https:\/\/cosmoflag.com\/da\/wp-json\/wp\/v2\/product_tag?post=2524"}],"curies":[{"name":"wp","href":"https:\/\/api.w.org\/{rel}","templated":true}]}}