{"id":2522,"date":"2024-12-19T22:31:00","date_gmt":"2024-12-19T20:31:00","guid":{"rendered":"https:\/\/cosmoflag.com\/?post_type=product&#038;p=2522"},"modified":"2025-08-12T21:18:49","modified_gmt":"2025-08-12T19:18:49","slug":"chicagos-byflag","status":"publish","type":"product","link":"https:\/\/cosmoflag.com\/da\/produkt-2\/chicagos-byflag\/","title":{"rendered":"Chicagos byflag"},"content":{"rendered":"<h3><strong>Chicago City Flag Funktioner<\/strong><\/h3>\n<p>Vores Chicago City-flag er fremstillet af f\u00f8rsteklasses polyester, der sikrer fremragende holdbarhed til langvarig brug indend\u00f8rs og udend\u00f8rs. Det har metaltyller for nem montering og sikkert hold, selv under udfordrende vejrforhold. Dette flag m\u00e5ler 90 x 150 cm og sikrer fremragende synlighed p\u00e5 st\u00e6nger, v\u00e6gge eller under bybegivenheder og -fester.<\/p>\n<h3><strong>Et symbol p\u00e5 Chicagos arv<\/strong><\/h3>\n<p>Chicagos flag, der blev vedtaget i 1917, har to vandrette bl\u00e5 striber p\u00e5 et hvidt felt, der repr\u00e6senterer Lake Michigan og Chicago River. Mellem striberne ligger fire r\u00f8de stjerner, som symboliserer vigtige begivenheder i byens historie: Fort Dearborn, den store Chicago-brand, World's Columbian Exposition og Century of Progress Exposition. Dette tidl\u00f8se design afspejler Chicagos modstandskraft, fremskridt og kulturelle stolthed.<\/p>\n<h3><strong>Alsidig brug<\/strong><\/h3>\n<p>Chicago-flaget er perfekt til byfester, kulturelle begivenheder, uddannelsesform\u00e5l eller som en del af en personlig samling og er en meningsfuld repr\u00e6sentation af byens arv og identitet. Dets falmebestandige farver og robuste design sikrer, at det forbliver levende og virkningsfuldt over tid.<\/p>","protected":false},"excerpt":{"rendered":"<p>150 x 90 cm flag med 2 robuste metalgennemf\u00f8ringer til sikker oph\u00e6ngning.<\/p>","protected":false},"featured_media":1530,"comment_status":"open","ping_status":"closed","template":"","meta":{"_gspb_post_css":"","iawp_total_views":0},"product_brand":[],"product_cat":[72,70],"product_tag":[],"class_list":{"0":"post-2522","1":"product","2":"type-product","3":"status-publish","4":"has-post-thumbnail","6":"product_cat-american-state-flags","7":"product_cat-regional-flags","9":"first","10":"instock","11":"sale","12":"shipping-taxable","13":"purchasable","14":"product-type-simple"},"_links":{"self":[{"href":"https:\/\/cosmoflag.com\/da\/wp-json\/wp\/v2\/product\/2522","targetHints":{"allow":["GET"]}}],"collection":[{"href":"https:\/\/cosmoflag.com\/da\/wp-json\/wp\/v2\/product"}],"about":[{"href":"https:\/\/cosmoflag.com\/da\/wp-json\/wp\/v2\/types\/product"}],"replies":[{"embeddable":true,"href":"https:\/\/cosmoflag.com\/da\/wp-json\/wp\/v2\/comments?post=2522"}],"wp:featuredmedia":[{"embeddable":true,"href":"https:\/\/cosmoflag.com\/da\/wp-json\/wp\/v2\/media\/1530"}],"wp:attachment":[{"href":"https:\/\/cosmoflag.com\/da\/wp-json\/wp\/v2\/media?parent=2522"}],"wp:term":[{"taxonomy":"product_brand","embeddable":true,"href":"https:\/\/cosmoflag.com\/da\/wp-json\/wp\/v2\/product_brand?post=2522"},{"taxonomy":"product_cat","embeddable":true,"href":"https:\/\/cosmoflag.com\/da\/wp-json\/wp\/v2\/product_cat?post=2522"},{"taxonomy":"product_tag","embeddable":true,"href":"https:\/\/cosmoflag.com\/da\/wp-json\/wp\/v2\/product_tag?post=2522"}],"curies":[{"name":"wp","href":"https:\/\/api.w.org\/{rel}","templated":true}]}}