{"id":2520,"date":"2024-12-19T22:21:00","date_gmt":"2024-12-19T20:21:00","guid":{"rendered":"https:\/\/cosmoflag.com\/?post_type=product&#038;p=2520"},"modified":"2025-08-12T21:20:26","modified_gmt":"2025-08-12T19:20:26","slug":"costa-rica-flag","status":"publish","type":"product","link":"https:\/\/cosmoflag.com\/da\/produkt-2\/costa-rica-flag\/","title":{"rendered":"Costa Ricas flag"},"content":{"rendered":"<h3><strong>Costa Rica Flag Funktioner<\/strong><\/h3>\n<p>Vores Costa Rica-flag er fremstillet af f\u00f8rsteklasses polyester, der sikrer fremragende holdbarhed til langvarig brug indend\u00f8rs og udend\u00f8rs. Det har metaltyller for nem montering og sikkert hold, selv under udfordrende vejrforhold. Dette flag m\u00e5ler 90 x 150 cm og sikrer fremragende synlighed til st\u00e6nger, v\u00e6gge eller under nationale begivenheder og festligheder.<\/p>\n<h3><strong>Et symbol p\u00e5 fred og demokrati<\/strong><\/h3>\n<p>Costa Ricas flag, som blev officielt vedtaget i 1848, best\u00e5r af fem vandrette striber: bl\u00e5, hvid og r\u00f8d. De bl\u00e5 striber repr\u00e6senterer himlen, muligheder og udholdenhed, mens de hvide striber symboliserer fred, visdom og lykke. Den dristige r\u00f8de stribe i midten afspejler blodsudgydelserne for frihed og landets varme og gener\u00f8sitet. Varianten med det nationale v\u00e5benskjold viser landets geografiske og kulturelle tr\u00e6k, herunder vulkaner, have og den opg\u00e5ende sol.<\/p>\n<h3><strong>Alsidig brug<\/strong><\/h3>\n<p>Costa Rica-flaget er perfekt til nationale fejringer, kulturelle begivenheder, uddannelsesudstillinger eller personlige samlinger og er en meningsfuld repr\u00e6sentation af landets v\u00e6rdier og identitet. Dets falmebestandige farver og robuste design sikrer, at det forbliver levende og virkningsfuldt over tid.<\/p>","protected":false},"excerpt":{"rendered":"<p>150 x 90 cm flag med 2 robuste metalgennemf\u00f8ringer til sikker oph\u00e6ngning.<\/p>","protected":false},"featured_media":1536,"comment_status":"open","ping_status":"closed","template":"","meta":{"_gspb_post_css":"","iawp_total_views":7},"product_brand":[],"product_cat":[61,58],"product_tag":[],"class_list":{"0":"post-2520","1":"product","2":"type-product","3":"status-publish","4":"has-post-thumbnail","6":"product_cat-central-america-flags","7":"product_cat-country-flags","9":"first","10":"instock","11":"sale","12":"shipping-taxable","13":"purchasable","14":"product-type-simple"},"_links":{"self":[{"href":"https:\/\/cosmoflag.com\/da\/wp-json\/wp\/v2\/product\/2520","targetHints":{"allow":["GET"]}}],"collection":[{"href":"https:\/\/cosmoflag.com\/da\/wp-json\/wp\/v2\/product"}],"about":[{"href":"https:\/\/cosmoflag.com\/da\/wp-json\/wp\/v2\/types\/product"}],"replies":[{"embeddable":true,"href":"https:\/\/cosmoflag.com\/da\/wp-json\/wp\/v2\/comments?post=2520"}],"wp:featuredmedia":[{"embeddable":true,"href":"https:\/\/cosmoflag.com\/da\/wp-json\/wp\/v2\/media\/1536"}],"wp:attachment":[{"href":"https:\/\/cosmoflag.com\/da\/wp-json\/wp\/v2\/media?parent=2520"}],"wp:term":[{"taxonomy":"product_brand","embeddable":true,"href":"https:\/\/cosmoflag.com\/da\/wp-json\/wp\/v2\/product_brand?post=2520"},{"taxonomy":"product_cat","embeddable":true,"href":"https:\/\/cosmoflag.com\/da\/wp-json\/wp\/v2\/product_cat?post=2520"},{"taxonomy":"product_tag","embeddable":true,"href":"https:\/\/cosmoflag.com\/da\/wp-json\/wp\/v2\/product_tag?post=2520"}],"curies":[{"name":"wp","href":"https:\/\/api.w.org\/{rel}","templated":true}]}}