{"id":2519,"date":"2024-12-19T22:03:00","date_gmt":"2024-12-19T20:03:00","guid":{"rendered":"https:\/\/cosmoflag.com\/?post_type=product&#038;p=2519"},"modified":"2025-08-12T21:20:26","modified_gmt":"2025-08-12T19:20:26","slug":"kroatiens-flag","status":"publish","type":"product","link":"https:\/\/cosmoflag.com\/da\/produkt-2\/kroatiens-flag\/","title":{"rendered":"Kroatiens flag"},"content":{"rendered":"<p><strong>Kroatiens flagfunktioner<\/strong><\/p>\n<p>Vores Kroatien-flag er fremstillet af f\u00f8rsteklasses polyester, der sikrer fremragende holdbarhed til langvarig brug indend\u00f8rs og udend\u00f8rs. Det har metaltyller for nem montering og sikkert hold, selv under udfordrende vejrforhold. Dette flag m\u00e5ler 90 x 150 cm og sikrer fremragende synlighed til st\u00e6nger, v\u00e6gge eller under nationale begivenheder og festligheder.<\/p>\n<p><strong>Et symbol p\u00e5 sammenhold og arv<\/strong><\/p>\n<p>Kroatiens flag, som blev officielt vedtaget i 1990, best\u00e5r af tre vandrette striber i r\u00f8d, hvid og bl\u00e5, som repr\u00e6senterer den kroatiske historie og folkets enhed. I midten ligger v\u00e5benskjoldet med et skakbr\u00e6tm\u00f8nster (r\u00f8dt og hvidt), der symboliserer nationens arv. Over skjoldet er der fem mindre kroner, som repr\u00e6senterer Kroatiens historiske regioner: Zagreb, Dubrovnik, Dalmatien, Istrien og Slavonien. Dette flag afspejler landets rige kulturhistorie og nationale stolthed.<\/p>\n<p><strong>Alsidig brug<\/strong><\/p>\n<p>Kroatiens flag er perfekt til nationale fejringer, kulturelle begivenheder, uddannelsesudstillinger eller personlige samlinger og er en meningsfuld repr\u00e6sentation af landets historie og identitet. Dets falmebestandige farver og robuste design sikrer, at det forbliver levende og virkningsfuldt over tid.<\/p>","protected":false},"excerpt":{"rendered":"<p>150 x 90 cm flag med 2 robuste metalgennemf\u00f8ringer til sikker oph\u00e6ngning.<\/p>","protected":false},"featured_media":1543,"comment_status":"open","ping_status":"closed","template":"","meta":{"_gspb_post_css":"","iawp_total_views":7},"product_brand":[],"product_cat":[65,58],"product_tag":[],"class_list":{"0":"post-2519","1":"product","2":"type-product","3":"status-publish","4":"has-post-thumbnail","6":"product_cat-europe-flags","7":"product_cat-country-flags","9":"first","10":"instock","11":"sale","12":"shipping-taxable","13":"purchasable","14":"product-type-simple"},"_links":{"self":[{"href":"https:\/\/cosmoflag.com\/da\/wp-json\/wp\/v2\/product\/2519","targetHints":{"allow":["GET"]}}],"collection":[{"href":"https:\/\/cosmoflag.com\/da\/wp-json\/wp\/v2\/product"}],"about":[{"href":"https:\/\/cosmoflag.com\/da\/wp-json\/wp\/v2\/types\/product"}],"replies":[{"embeddable":true,"href":"https:\/\/cosmoflag.com\/da\/wp-json\/wp\/v2\/comments?post=2519"}],"wp:featuredmedia":[{"embeddable":true,"href":"https:\/\/cosmoflag.com\/da\/wp-json\/wp\/v2\/media\/1543"}],"wp:attachment":[{"href":"https:\/\/cosmoflag.com\/da\/wp-json\/wp\/v2\/media?parent=2519"}],"wp:term":[{"taxonomy":"product_brand","embeddable":true,"href":"https:\/\/cosmoflag.com\/da\/wp-json\/wp\/v2\/product_brand?post=2519"},{"taxonomy":"product_cat","embeddable":true,"href":"https:\/\/cosmoflag.com\/da\/wp-json\/wp\/v2\/product_cat?post=2519"},{"taxonomy":"product_tag","embeddable":true,"href":"https:\/\/cosmoflag.com\/da\/wp-json\/wp\/v2\/product_tag?post=2519"}],"curies":[{"name":"wp","href":"https:\/\/api.w.org\/{rel}","templated":true}]}}