{"id":2517,"date":"2024-12-19T21:54:00","date_gmt":"2024-12-19T19:54:00","guid":{"rendered":"https:\/\/cosmoflag.com\/?post_type=product&#038;p=2517"},"modified":"2026-02-17T15:27:05","modified_gmt":"2026-02-17T13:27:05","slug":"den-europaeiske-unions-flag","status":"publish","type":"product","link":"https:\/\/cosmoflag.com\/da\/produkt-2\/den-europaeiske-unions-flag\/","title":{"rendered":"Den Europ\u00e6iske Unions flag"},"content":{"rendered":"<h3><strong>Den Europ\u00e6iske Unions flagfunktioner<\/strong><\/h3>\n<p>Vores EU-flag er fremstillet af f\u00f8rsteklasses polyester, der sikrer fremragende holdbarhed til langvarig brug b\u00e5de indend\u00f8rs og udend\u00f8rs. Det har metaltyller for nem montering og sikkert hold, selv under udfordrende vejrforhold. Dette flag m\u00e5ler 90 x 150 cm og sikrer fremragende synlighed p\u00e5 st\u00e6nger, v\u00e6gge eller under officielle og kulturelle begivenheder.<\/p>\n<h3><strong>Et symbol p\u00e5 sammenhold og samarbejde<\/strong><\/h3>\n<p>Den Europ\u00e6iske Unions flag, der blev vedtaget i 1986, har et dybbl\u00e5t felt, der symboliserer de europ\u00e6iske folks enhed og harmoni. I midten repr\u00e6senterer tolv gyldne stjerner arrangeret i en cirkel solidaritet, perfektion og fuldst\u00e6ndighed, hvilket afspejler EU's grundl\u00e6ggende principper. Flaget er et varigt symbol p\u00e5 samarbejde, demokrati og f\u00e6lles v\u00e6rdier p\u00e5 tv\u00e6rs af medlemslandene.<\/p>\n<h3><strong>Alsidig brug<\/strong><\/h3>\n<p>EU-flaget er perfekt til officielle begivenheder, uddannelsesm\u00e6ssige form\u00e5l, kulturelle udstillinger eller personlige samlinger og er en meningsfuld repr\u00e6sentation af europ\u00e6isk enhed og f\u00e6lles identitet. Dets falmebestandige farver og robuste design sikrer, at det forbliver levende og virkningsfuldt over tid.<\/p>","protected":false},"excerpt":{"rendered":"<p>150 x 90 cm flag med 2 robuste metalgennemf\u00f8ringer til sikker oph\u00e6ngning.<\/p>","protected":false},"featured_media":1560,"comment_status":"open","ping_status":"closed","template":"","meta":{"_gspb_post_css":"","iawp_total_views":56},"product_brand":[],"product_cat":[68],"product_tag":[],"class_list":{"0":"post-2517","1":"product","2":"type-product","3":"status-publish","4":"has-post-thumbnail","6":"product_cat-official-flags","8":"first","9":"instock","10":"sale","11":"shipping-taxable","12":"purchasable","13":"product-type-simple"},"_links":{"self":[{"href":"https:\/\/cosmoflag.com\/da\/wp-json\/wp\/v2\/product\/2517","targetHints":{"allow":["GET"]}}],"collection":[{"href":"https:\/\/cosmoflag.com\/da\/wp-json\/wp\/v2\/product"}],"about":[{"href":"https:\/\/cosmoflag.com\/da\/wp-json\/wp\/v2\/types\/product"}],"replies":[{"embeddable":true,"href":"https:\/\/cosmoflag.com\/da\/wp-json\/wp\/v2\/comments?post=2517"}],"wp:featuredmedia":[{"embeddable":true,"href":"https:\/\/cosmoflag.com\/da\/wp-json\/wp\/v2\/media\/1560"}],"wp:attachment":[{"href":"https:\/\/cosmoflag.com\/da\/wp-json\/wp\/v2\/media?parent=2517"}],"wp:term":[{"taxonomy":"product_brand","embeddable":true,"href":"https:\/\/cosmoflag.com\/da\/wp-json\/wp\/v2\/product_brand?post=2517"},{"taxonomy":"product_cat","embeddable":true,"href":"https:\/\/cosmoflag.com\/da\/wp-json\/wp\/v2\/product_cat?post=2517"},{"taxonomy":"product_tag","embeddable":true,"href":"https:\/\/cosmoflag.com\/da\/wp-json\/wp\/v2\/product_tag?post=2517"}],"curies":[{"name":"wp","href":"https:\/\/api.w.org\/{rel}","templated":true}]}}