{"id":2516,"date":"2024-12-19T21:47:00","date_gmt":"2024-12-19T19:47:00","guid":{"rendered":"https:\/\/cosmoflag.com\/?post_type=product&#038;p=2516"},"modified":"2025-08-12T21:20:27","modified_gmt":"2025-08-12T19:20:27","slug":"fijis-flag","status":"publish","type":"product","link":"https:\/\/cosmoflag.com\/da\/produkt-2\/fijis-flag\/","title":{"rendered":"Fijis flag"},"content":{"rendered":"<h3><strong>Fijis flagfunktioner<\/strong><\/h3>\n<p>Vores Fiji-flag er fremstillet af f\u00f8rsteklasses polyester, der sikrer fremragende holdbarhed til langvarig brug b\u00e5de indend\u00f8rs og udend\u00f8rs. Det har metaltyller for nem montering og sikkert hold, selv under udfordrende vejrforhold. Dette flag m\u00e5ler 90 x 150 cm og giver fremragende synlighed p\u00e5 st\u00e6nger, v\u00e6gge eller under nationale festligheder.<\/p>\n<h3><strong>Et symbol p\u00e5 sammenhold og identitet<\/strong><\/h3>\n<p>Fijis flag, som blev officielt vedtaget i 1970, har et lysebl\u00e5t felt, som symboliserer Stillehavet, der omgiver \u00f8erne. Union Jack i \u00f8verste venstre hj\u00f8rne repr\u00e6senterer Fijis historiske b\u00e5nd til Storbritannien, mens skjoldet til h\u00f8jre indeholder billeder af en l\u00f8ve, der holder en kakaob\u00e6lg, sukkerr\u00f8r, en kokospalme og en fredsdue. Tilsammen afspejler disse elementer Fijis landbrugsrigdom, dets forbindelse til Storbritannien og dets str\u00e6ben efter fred og enhed.<\/p>\n<h3><strong>Alsidig brug<\/strong><\/h3>\n<p>Fijis flag er perfekt til nationale festligheder, kulturelle begivenheder, uddannelsesform\u00e5l eller personlige samlinger og er en meningsfuld repr\u00e6sentation af landets identitet og stolthed. Dets falmebestandige farver og robuste design sikrer, at det forbliver levende og effektfuldt over tid.<\/p>","protected":false},"excerpt":{"rendered":"<p>150 x 90 cm flag med 2 robuste metalgennemf\u00f8ringer til sikker oph\u00e6ngning.<\/p>","protected":false},"featured_media":1567,"comment_status":"open","ping_status":"closed","template":"","meta":{"_gspb_post_css":"","iawp_total_views":2},"product_brand":[],"product_cat":[67,58],"product_tag":[],"class_list":{"0":"post-2516","1":"product","2":"type-product","3":"status-publish","4":"has-post-thumbnail","6":"product_cat-oceania-flag","7":"product_cat-country-flags","9":"first","10":"instock","11":"sale","12":"shipping-taxable","13":"purchasable","14":"product-type-simple"},"_links":{"self":[{"href":"https:\/\/cosmoflag.com\/da\/wp-json\/wp\/v2\/product\/2516","targetHints":{"allow":["GET"]}}],"collection":[{"href":"https:\/\/cosmoflag.com\/da\/wp-json\/wp\/v2\/product"}],"about":[{"href":"https:\/\/cosmoflag.com\/da\/wp-json\/wp\/v2\/types\/product"}],"replies":[{"embeddable":true,"href":"https:\/\/cosmoflag.com\/da\/wp-json\/wp\/v2\/comments?post=2516"}],"wp:featuredmedia":[{"embeddable":true,"href":"https:\/\/cosmoflag.com\/da\/wp-json\/wp\/v2\/media\/1567"}],"wp:attachment":[{"href":"https:\/\/cosmoflag.com\/da\/wp-json\/wp\/v2\/media?parent=2516"}],"wp:term":[{"taxonomy":"product_brand","embeddable":true,"href":"https:\/\/cosmoflag.com\/da\/wp-json\/wp\/v2\/product_brand?post=2516"},{"taxonomy":"product_cat","embeddable":true,"href":"https:\/\/cosmoflag.com\/da\/wp-json\/wp\/v2\/product_cat?post=2516"},{"taxonomy":"product_tag","embeddable":true,"href":"https:\/\/cosmoflag.com\/da\/wp-json\/wp\/v2\/product_tag?post=2516"}],"curies":[{"name":"wp","href":"https:\/\/api.w.org\/{rel}","templated":true}]}}