{"id":2507,"date":"2024-12-19T17:20:00","date_gmt":"2024-12-19T15:20:00","guid":{"rendered":"https:\/\/cosmoflag.com\/?post_type=product&#038;p=2507"},"modified":"2025-08-12T21:20:30","modified_gmt":"2025-08-12T19:20:30","slug":"singapores-flag","status":"publish","type":"product","link":"https:\/\/cosmoflag.com\/da\/produkt-2\/singapores-flag\/","title":{"rendered":"Singapores flag"},"content":{"rendered":"<h3><strong>Singapore Flag Funktioner<\/strong><\/h3>\n<p>Vores Singapore-flag er fremstillet af f\u00f8rsteklasses polyester, der sikrer holdbarhed til b\u00e5de indend\u00f8rs og udend\u00f8rs brug. Det har metaltyller for nem montering og sikkert hold, selv under ugunstige vejrforhold. Dette flag m\u00e5ler 90 x 150 cm og sikrer fremragende synlighed p\u00e5 st\u00e6nger, v\u00e6gge eller under nationale festligheder.<\/p>\n<h3><strong>Et symbol p\u00e5 fremskridt og harmoni<\/strong><\/h3>\n<p>Singapores flag, der blev officielt vedtaget i 1959, har to vandrette b\u00e5nd: R\u00f8d symboliserer universelt broderskab og lighed, mens hvid repr\u00e6senterer renhed og dyd. I \u00f8verste venstre hj\u00f8rne symboliserer en halvm\u00e5ne en ung nation p\u00e5 vej op, ledsaget af fem stjerner arrangeret i en cirkel, der repr\u00e6senterer demokrati, fred, fremskridt, retf\u00e6rdighed og lighed. Tilsammen afspejler disse elementer Singapores ambitioner og v\u00e6rdier.<\/p>\n<h3><strong>Alsidig brug<\/strong><\/h3>\n<p>Singapore-flaget er perfekt til nationale festligheder, kulturelle begivenheder, uddannelsesform\u00e5l eller som en del af en personlig samling og er en meningsfuld repr\u00e6sentation af landets identitet og resultater. Dets falmebestandige farver og robuste design sikrer, at det forbliver levende og virkningsfuldt over tid.<\/p>","protected":false},"excerpt":{"rendered":"<p>150 x 90 cm flag med 2 robuste metalgennemf\u00f8ringer til sikker oph\u00e6ngning.<\/p>","protected":false},"featured_media":1671,"comment_status":"open","ping_status":"closed","template":"","meta":{"_gspb_post_css":"","iawp_total_views":3},"product_brand":[],"product_cat":[64,58],"product_tag":[],"class_list":{"0":"post-2507","1":"product","2":"type-product","3":"status-publish","4":"has-post-thumbnail","6":"product_cat-asia-flags","7":"product_cat-country-flags","9":"first","10":"instock","11":"sale","12":"shipping-taxable","13":"purchasable","14":"product-type-simple"},"_links":{"self":[{"href":"https:\/\/cosmoflag.com\/da\/wp-json\/wp\/v2\/product\/2507","targetHints":{"allow":["GET"]}}],"collection":[{"href":"https:\/\/cosmoflag.com\/da\/wp-json\/wp\/v2\/product"}],"about":[{"href":"https:\/\/cosmoflag.com\/da\/wp-json\/wp\/v2\/types\/product"}],"replies":[{"embeddable":true,"href":"https:\/\/cosmoflag.com\/da\/wp-json\/wp\/v2\/comments?post=2507"}],"wp:featuredmedia":[{"embeddable":true,"href":"https:\/\/cosmoflag.com\/da\/wp-json\/wp\/v2\/media\/1671"}],"wp:attachment":[{"href":"https:\/\/cosmoflag.com\/da\/wp-json\/wp\/v2\/media?parent=2507"}],"wp:term":[{"taxonomy":"product_brand","embeddable":true,"href":"https:\/\/cosmoflag.com\/da\/wp-json\/wp\/v2\/product_brand?post=2507"},{"taxonomy":"product_cat","embeddable":true,"href":"https:\/\/cosmoflag.com\/da\/wp-json\/wp\/v2\/product_cat?post=2507"},{"taxonomy":"product_tag","embeddable":true,"href":"https:\/\/cosmoflag.com\/da\/wp-json\/wp\/v2\/product_tag?post=2507"}],"curies":[{"name":"wp","href":"https:\/\/api.w.org\/{rel}","templated":true}]}}