{"id":2503,"date":"2024-12-19T15:35:00","date_gmt":"2024-12-19T13:35:00","guid":{"rendered":"https:\/\/cosmoflag.com\/?post_type=product&#038;p=2503"},"modified":"2025-11-27T20:53:32","modified_gmt":"2025-11-27T18:53:32","slug":"tempelriddernes-flag","status":"publish","type":"product","link":"https:\/\/cosmoflag.com\/da\/produkt-2\/tempelriddernes-flag\/","title":{"rendered":"Tempelriddernes flag"},"content":{"rendered":"<h3><strong>Tempelridderflagets funktioner<\/strong><\/h3>\n<p>Vores tempelridderflag er fremstillet af f\u00f8rsteklasses polyester, der sikrer fremragende holdbarhed til b\u00e5de indend\u00f8rs og udend\u00f8rs brug. Det har metaltyller for nem montering og sikkert hold, selv under udfordrende vejrforhold. Dette flag m\u00e5ler 90 x 150 cm og sikrer fremragende synlighed, uanset om det vises p\u00e5 st\u00e6nger, v\u00e6gge eller under historiske rekonstruktioner.<\/p>\n<h3><strong>Et symbol p\u00e5 tro og tapperhed<\/strong><\/h3>\n<p>Tempelriddernes flag, der har en sort og hvid baggrund med det ikoniske r\u00f8de kors, repr\u00e6senterer Tempelridderne, en kristen milit\u00e6rorden fra middelalderen. Det hvide symboliserer renhed, og det sorte repr\u00e6senterer ydmyghed, mens det r\u00f8de kors st\u00e5r for martyrium og opofrelse. Dette flag er et st\u00e6rkt symbol p\u00e5 deres urokkelige tro og dedikation under korstogene.<\/p>\n<h3><strong>Alsidig brug<\/strong><\/h3>\n<p>Tempelridderflaget er perfekt til historiske begivenheder, middelalderlige rekonstruktioner, uddannelsesm\u00e6ssige form\u00e5l eller som en del af en personlig samling og fungerer som en meningsfuld repr\u00e6sentation af historie og tapperhed. Dets robuste design og falmebestandige farver sikrer, at det forbliver levende og virkningsfuldt over tid.<\/p>","protected":false},"excerpt":{"rendered":"<p>150 x 90 cm flag med 2 robuste metalgennemf\u00f8ringer til sikker oph\u00e6ngning.<\/p>","protected":false},"featured_media":1703,"comment_status":"open","ping_status":"closed","template":"","meta":{"_gspb_post_css":"","iawp_total_views":22},"product_brand":[],"product_cat":[69],"product_tag":[],"class_list":{"0":"post-2503","1":"product","2":"type-product","3":"status-publish","4":"has-post-thumbnail","6":"product_cat-historical-flags","8":"first","9":"instock","10":"sale","11":"shipping-taxable","12":"purchasable","13":"product-type-simple"},"_links":{"self":[{"href":"https:\/\/cosmoflag.com\/da\/wp-json\/wp\/v2\/product\/2503","targetHints":{"allow":["GET"]}}],"collection":[{"href":"https:\/\/cosmoflag.com\/da\/wp-json\/wp\/v2\/product"}],"about":[{"href":"https:\/\/cosmoflag.com\/da\/wp-json\/wp\/v2\/types\/product"}],"replies":[{"embeddable":true,"href":"https:\/\/cosmoflag.com\/da\/wp-json\/wp\/v2\/comments?post=2503"}],"wp:featuredmedia":[{"embeddable":true,"href":"https:\/\/cosmoflag.com\/da\/wp-json\/wp\/v2\/media\/1703"}],"wp:attachment":[{"href":"https:\/\/cosmoflag.com\/da\/wp-json\/wp\/v2\/media?parent=2503"}],"wp:term":[{"taxonomy":"product_brand","embeddable":true,"href":"https:\/\/cosmoflag.com\/da\/wp-json\/wp\/v2\/product_brand?post=2503"},{"taxonomy":"product_cat","embeddable":true,"href":"https:\/\/cosmoflag.com\/da\/wp-json\/wp\/v2\/product_cat?post=2503"},{"taxonomy":"product_tag","embeddable":true,"href":"https:\/\/cosmoflag.com\/da\/wp-json\/wp\/v2\/product_tag?post=2503"}],"curies":[{"name":"wp","href":"https:\/\/api.w.org\/{rel}","templated":true}]}}