{"id":2502,"date":"2024-12-19T15:32:00","date_gmt":"2024-12-19T13:32:00","guid":{"rendered":"https:\/\/cosmoflag.com\/?post_type=product&#038;p=2502"},"modified":"2025-08-12T21:20:31","modified_gmt":"2025-08-12T19:20:31","slug":"tennessees-flag","status":"publish","type":"product","link":"https:\/\/cosmoflag.com\/da\/produkt-2\/tennessees-flag\/","title":{"rendered":"Tennessees flag"},"content":{"rendered":"<h3><strong>Tennessee-flagets funktioner<\/strong><\/h3>\n<p>Vores Tennessee-flag er fremstillet af f\u00f8rsteklasses polyester, der sikrer fremragende holdbarhed til b\u00e5de indend\u00f8rs og udend\u00f8rs brug. Det har metaltyller for nem montering og sikkert hold, selv under udfordrende vejrforhold. Dette flag m\u00e5ler 90 x 150 cm og giver fremragende synlighed til st\u00e6nger, v\u00e6gge eller under offentlige fester.<\/p>\n<h3><strong>Et symbol p\u00e5 arv og sammenhold<\/strong><\/h3>\n<p>Tennessees statsflag, som blev officielt vedtaget i 1905, har et markant r\u00f8dt felt med en bl\u00e5 bj\u00e6lke i flyveenden. I midten omslutter en bl\u00e5 cirkel tre hvide stjerner, der repr\u00e6senterer statens tre forskellige geografiske regioner - East, Middle og West Tennessee - forenet som \u00e9n. Flaget er designet af oberst LeRoy Reeves og repr\u00e6senterer Tennessees rige historie, kultur og sammenhold.<\/p>\n<h3><strong>Alsidig brug<\/strong><\/h3>\n<p>Tennessee-flaget er perfekt til statslige fejringer, kulturelle begivenheder, uddannelsesm\u00e6ssige form\u00e5l eller som en del af en personlig samling og er en meningsfuld repr\u00e6sentation af statens identitet og stolthed. Dets falmebestandige farver og robuste design sikrer, at det forbliver levende og virkningsfuldt over tid.<\/p>","protected":false},"excerpt":{"rendered":"<p>150 x 90 cm flag med 2 robuste metalgennemf\u00f8ringer til sikker oph\u00e6ngning.<\/p>","protected":false},"featured_media":1709,"comment_status":"open","ping_status":"closed","template":"","meta":{"_gspb_post_css":"","iawp_total_views":5},"product_brand":[],"product_cat":[72,70],"product_tag":[],"class_list":{"0":"post-2502","1":"product","2":"type-product","3":"status-publish","4":"has-post-thumbnail","6":"product_cat-american-state-flags","7":"product_cat-regional-flags","9":"first","10":"instock","11":"sale","12":"shipping-taxable","13":"purchasable","14":"product-type-simple"},"_links":{"self":[{"href":"https:\/\/cosmoflag.com\/da\/wp-json\/wp\/v2\/product\/2502","targetHints":{"allow":["GET"]}}],"collection":[{"href":"https:\/\/cosmoflag.com\/da\/wp-json\/wp\/v2\/product"}],"about":[{"href":"https:\/\/cosmoflag.com\/da\/wp-json\/wp\/v2\/types\/product"}],"replies":[{"embeddable":true,"href":"https:\/\/cosmoflag.com\/da\/wp-json\/wp\/v2\/comments?post=2502"}],"wp:featuredmedia":[{"embeddable":true,"href":"https:\/\/cosmoflag.com\/da\/wp-json\/wp\/v2\/media\/1709"}],"wp:attachment":[{"href":"https:\/\/cosmoflag.com\/da\/wp-json\/wp\/v2\/media?parent=2502"}],"wp:term":[{"taxonomy":"product_brand","embeddable":true,"href":"https:\/\/cosmoflag.com\/da\/wp-json\/wp\/v2\/product_brand?post=2502"},{"taxonomy":"product_cat","embeddable":true,"href":"https:\/\/cosmoflag.com\/da\/wp-json\/wp\/v2\/product_cat?post=2502"},{"taxonomy":"product_tag","embeddable":true,"href":"https:\/\/cosmoflag.com\/da\/wp-json\/wp\/v2\/product_tag?post=2502"}],"curies":[{"name":"wp","href":"https:\/\/api.w.org\/{rel}","templated":true}]}}