{"id":2501,"date":"2024-12-19T15:30:00","date_gmt":"2024-12-19T13:30:00","guid":{"rendered":"https:\/\/cosmoflag.com\/?post_type=product&#038;p=2501"},"modified":"2025-08-12T21:20:32","modified_gmt":"2025-08-12T19:20:32","slug":"thailandsk-flag","status":"publish","type":"product","link":"https:\/\/cosmoflag.com\/da\/produkt-2\/thailandsk-flag\/","title":{"rendered":"Thailands flag"},"content":{"rendered":"<h3><strong>Thailand Flag Funktioner<\/strong><\/h3>\n<p>Vores Thailand-flag er fremstillet af f\u00f8rsteklasses polyester, der sikrer holdbarhed til b\u00e5de indend\u00f8rs og udend\u00f8rs brug. Det har metaltyller for nem montering og sikkert hold, selv under ugunstige vejrforhold. Dette flag m\u00e5ler 90 x 150 cm og sikrer fremragende synlighed, n\u00e5r det skal h\u00e6nges op p\u00e5 st\u00e6nger, v\u00e6gge eller ved nationale festligheder.<\/p>\n<h3><strong>Et symbol p\u00e5 stolthed og sammenhold<\/strong><\/h3>\n<p>Thailands flag, ogs\u00e5 kendt som \"Tricolor-flaget\" eller \"Thong Trairong\", blev officielt vedtaget i 1917. Det har fem vandrette striber: r\u00f8d for nationen, hvid for religionen og bl\u00e5 for monarkiet. Den bl\u00e5 midterstribe er st\u00f8rre end de andre og symboliserer det thailandske folks enhed under deres elskede konge. Tilsammen repr\u00e6senterer farverne landets grundpiller - nation, religion og monarki.<\/p>\n<h3><strong>Alsidig brug<\/strong><\/h3>\n<p>Thailands flag er perfekt til nationale fejringer, kulturelle begivenheder, uddannelsesm\u00e6ssige form\u00e5l eller personlige samlinger og er en meningsfuld repr\u00e6sentation af landets identitet og v\u00e6rdier. Dets falmebestandige farver og robuste design sikrer, at det forbliver levende og effektfuldt over tid.<\/p>\n<p>&nbsp;<\/p>","protected":false},"excerpt":{"rendered":"<p>150 x 90 cm flag med 2 robuste metalgennemf\u00f8ringer til sikker oph\u00e6ngning.<\/p>","protected":false},"featured_media":1720,"comment_status":"open","ping_status":"closed","template":"","meta":{"_gspb_post_css":"","iawp_total_views":8},"product_brand":[],"product_cat":[64,58],"product_tag":[],"class_list":{"0":"post-2501","1":"product","2":"type-product","3":"status-publish","4":"has-post-thumbnail","6":"product_cat-asia-flags","7":"product_cat-country-flags","9":"first","10":"instock","11":"sale","12":"shipping-taxable","13":"purchasable","14":"product-type-simple"},"_links":{"self":[{"href":"https:\/\/cosmoflag.com\/da\/wp-json\/wp\/v2\/product\/2501","targetHints":{"allow":["GET"]}}],"collection":[{"href":"https:\/\/cosmoflag.com\/da\/wp-json\/wp\/v2\/product"}],"about":[{"href":"https:\/\/cosmoflag.com\/da\/wp-json\/wp\/v2\/types\/product"}],"replies":[{"embeddable":true,"href":"https:\/\/cosmoflag.com\/da\/wp-json\/wp\/v2\/comments?post=2501"}],"wp:featuredmedia":[{"embeddable":true,"href":"https:\/\/cosmoflag.com\/da\/wp-json\/wp\/v2\/media\/1720"}],"wp:attachment":[{"href":"https:\/\/cosmoflag.com\/da\/wp-json\/wp\/v2\/media?parent=2501"}],"wp:term":[{"taxonomy":"product_brand","embeddable":true,"href":"https:\/\/cosmoflag.com\/da\/wp-json\/wp\/v2\/product_brand?post=2501"},{"taxonomy":"product_cat","embeddable":true,"href":"https:\/\/cosmoflag.com\/da\/wp-json\/wp\/v2\/product_cat?post=2501"},{"taxonomy":"product_tag","embeddable":true,"href":"https:\/\/cosmoflag.com\/da\/wp-json\/wp\/v2\/product_tag?post=2501"}],"curies":[{"name":"wp","href":"https:\/\/api.w.org\/{rel}","templated":true}]}}