{"id":2499,"date":"2024-12-19T14:48:00","date_gmt":"2024-12-19T12:48:00","guid":{"rendered":"https:\/\/cosmoflag.com\/?post_type=product&#038;p=2499"},"modified":"2025-08-12T21:20:35","modified_gmt":"2025-08-12T19:20:35","slug":"turkmenistans-flag","status":"publish","type":"product","link":"https:\/\/cosmoflag.com\/da\/produkt-2\/turkmenistans-flag\/","title":{"rendered":"Turkmenistans flag"},"content":{"rendered":"<h3><strong>Turkmenistans flagfunktioner<\/strong><\/h3>\n<p>Vores Turkmenistan-flag er fremstillet af f\u00f8rsteklasses polyester, der sikrer fremragende holdbarhed til langvarig brug indend\u00f8rs og udend\u00f8rs. Det har metaltyller for nem montering og et sikkert greb, selv under udfordrende vejrforhold. Dette flag m\u00e5ler 90 x 150 cm og sikrer fremragende synlighed, n\u00e5r det skal vises p\u00e5 st\u00e6nger, v\u00e6gge eller under nationale begivenheder.<\/p>\n<h3><strong>Et unikt symbol p\u00e5 kultur og identitet<\/strong><\/h3>\n<p>Turkmenistans flag, som blev officielt vedtaget i 1992, er et af de mest indviklede nationalflag i verden. Det gr\u00f8nne felt repr\u00e6senterer islam og nationens arv, mens den lodrette r\u00f8de stribe n\u00e6r flagstangen indeholder fem traditionelle t\u00e6ppem\u00f8nstre, der symboliserer de fem vigtigste stammer i Turkmenistan. Halvm\u00e5nen og de fem hvide stjerner repr\u00e6senterer h\u00e5b og sammenholdet mellem regionerne. Tilsammen afspejler disse elementer Turkmenistans rige historie og kulturelle stolthed.<\/p>\n<h3><strong>Alsidig brug<\/strong><\/h3>\n<p>Turkmenistans flag er perfekt til nationale festligheder, kulturelle begivenheder, uddannelsesform\u00e5l eller som en del af en personlig samling og er en meningsfuld repr\u00e6sentation af landets identitet. Dets robuste design og fade-resistente farver sikrer, at det forbliver levende og virkningsfuldt over tid.<\/p>","protected":false},"excerpt":{"rendered":"<p>150 x 90 cm flag med 2 robuste metalgennemf\u00f8ringer til sikker oph\u00e6ngning.<\/p>","protected":false},"featured_media":1742,"comment_status":"open","ping_status":"closed","template":"","meta":{"_gspb_post_css":"","iawp_total_views":3},"product_brand":[],"product_cat":[64,58],"product_tag":[],"class_list":{"0":"post-2499","1":"product","2":"type-product","3":"status-publish","4":"has-post-thumbnail","6":"product_cat-asia-flags","7":"product_cat-country-flags","9":"first","10":"instock","11":"sale","12":"shipping-taxable","13":"purchasable","14":"product-type-simple"},"_links":{"self":[{"href":"https:\/\/cosmoflag.com\/da\/wp-json\/wp\/v2\/product\/2499","targetHints":{"allow":["GET"]}}],"collection":[{"href":"https:\/\/cosmoflag.com\/da\/wp-json\/wp\/v2\/product"}],"about":[{"href":"https:\/\/cosmoflag.com\/da\/wp-json\/wp\/v2\/types\/product"}],"replies":[{"embeddable":true,"href":"https:\/\/cosmoflag.com\/da\/wp-json\/wp\/v2\/comments?post=2499"}],"wp:featuredmedia":[{"embeddable":true,"href":"https:\/\/cosmoflag.com\/da\/wp-json\/wp\/v2\/media\/1742"}],"wp:attachment":[{"href":"https:\/\/cosmoflag.com\/da\/wp-json\/wp\/v2\/media?parent=2499"}],"wp:term":[{"taxonomy":"product_brand","embeddable":true,"href":"https:\/\/cosmoflag.com\/da\/wp-json\/wp\/v2\/product_brand?post=2499"},{"taxonomy":"product_cat","embeddable":true,"href":"https:\/\/cosmoflag.com\/da\/wp-json\/wp\/v2\/product_cat?post=2499"},{"taxonomy":"product_tag","embeddable":true,"href":"https:\/\/cosmoflag.com\/da\/wp-json\/wp\/v2\/product_tag?post=2499"}],"curies":[{"name":"wp","href":"https:\/\/api.w.org\/{rel}","templated":true}]}}