{"id":2497,"date":"2024-12-19T14:41:00","date_gmt":"2024-12-19T12:41:00","guid":{"rendered":"https:\/\/cosmoflag.com\/?post_type=product&#038;p=2497"},"modified":"2025-08-12T21:20:36","modified_gmt":"2025-08-12T19:20:36","slug":"yemens-flag","status":"publish","type":"product","link":"https:\/\/cosmoflag.com\/da\/produkt-2\/yemens-flag\/","title":{"rendered":"Yemens flag"},"content":{"rendered":"<h3><strong>Yemen Flag Funktioner<\/strong><\/h3>\n<p>Vores Yemen-flag er fremstillet af polyester i h\u00f8j kvalitet, hvilket sikrer holdbarhed til langvarig brug indend\u00f8rs og udend\u00f8rs. Det har metaltyller for nem montering og sikkert hold, selv under ugunstige vejrforhold. Med en st\u00f8rrelse p\u00e5 90 x 150 cm sikrer dette flag fremragende synlighed, uanset om det vises p\u00e5 st\u00e6nger, v\u00e6gge eller under nationale begivenheder.<\/p>\n<h3><strong>Et symbol p\u00e5 sammenhold og uafh\u00e6ngighed<\/strong><\/h3>\n<p>Yemens flag, som blev officielt vedtaget i 1990 efter genforeningen af Nord- og Sydyemen, har tre vandrette striber i r\u00f8d, hvid og sort. R\u00f8d symboliserer blodet fra dem, der ofrede sig for uafh\u00e6ngigheden, hvid repr\u00e6senterer h\u00e5b og en lys fremtid, mens sort betegner landets historiske kampe. Dette enkle, men meningsfulde design udtrykker Yemens stolthed og ambitioner.<\/p>\n<h3><strong>Alsidig brug<\/strong><\/h3>\n<p>Yemens flag er perfekt til nationale festligheder, kulturelle begivenheder, uddannelsesm\u00e6ssige form\u00e5l eller som en del af en personlig samling og er en meningsfuld repr\u00e6sentation af landets identitet og arv. Dets robuste design og falmebestandige farver sikrer, at det bevarer sin livskraft og betydning over tid.<\/p>","protected":false},"excerpt":{"rendered":"<p>150 x 90 cm flag med 2 robuste metalgennemf\u00f8ringer til sikker oph\u00e6ngning.<\/p>","protected":false},"featured_media":1782,"comment_status":"open","ping_status":"closed","template":"","meta":{"_gspb_post_css":"","iawp_total_views":0},"product_brand":[],"product_cat":[66,58],"product_tag":[],"class_list":{"0":"post-2497","1":"product","2":"type-product","3":"status-publish","4":"has-post-thumbnail","6":"product_cat-middle-east-flags","7":"product_cat-country-flags","9":"first","10":"instock","11":"sale","12":"shipping-taxable","13":"purchasable","14":"product-type-simple"},"_links":{"self":[{"href":"https:\/\/cosmoflag.com\/da\/wp-json\/wp\/v2\/product\/2497","targetHints":{"allow":["GET"]}}],"collection":[{"href":"https:\/\/cosmoflag.com\/da\/wp-json\/wp\/v2\/product"}],"about":[{"href":"https:\/\/cosmoflag.com\/da\/wp-json\/wp\/v2\/types\/product"}],"replies":[{"embeddable":true,"href":"https:\/\/cosmoflag.com\/da\/wp-json\/wp\/v2\/comments?post=2497"}],"wp:featuredmedia":[{"embeddable":true,"href":"https:\/\/cosmoflag.com\/da\/wp-json\/wp\/v2\/media\/1782"}],"wp:attachment":[{"href":"https:\/\/cosmoflag.com\/da\/wp-json\/wp\/v2\/media?parent=2497"}],"wp:term":[{"taxonomy":"product_brand","embeddable":true,"href":"https:\/\/cosmoflag.com\/da\/wp-json\/wp\/v2\/product_brand?post=2497"},{"taxonomy":"product_cat","embeddable":true,"href":"https:\/\/cosmoflag.com\/da\/wp-json\/wp\/v2\/product_cat?post=2497"},{"taxonomy":"product_tag","embeddable":true,"href":"https:\/\/cosmoflag.com\/da\/wp-json\/wp\/v2\/product_tag?post=2497"}],"curies":[{"name":"wp","href":"https:\/\/api.w.org\/{rel}","templated":true}]}}