{"id":2496,"date":"2024-12-19T14:39:00","date_gmt":"2024-12-19T12:39:00","guid":{"rendered":"https:\/\/cosmoflag.com\/?post_type=product&#038;p=2496"},"modified":"2025-08-12T21:20:37","modified_gmt":"2025-08-12T19:20:37","slug":"zimbabwes-flag","status":"publish","type":"product","link":"https:\/\/cosmoflag.com\/da\/produkt-2\/zimbabwes-flag\/","title":{"rendered":"Zimbabwes flag"},"content":{"rendered":"<h3><strong>Zimbabwe Flag Funktioner<\/strong><\/h3>\n<p>Vores Zimbabwe-flag er lavet af f\u00f8rsteklasses polyester, der sikrer holdbarhed til langvarig brug indend\u00f8rs og udend\u00f8rs. Det har metaltyller for nem montering og et sikkert greb, selv under ugunstige vejrforhold. Dette flag m\u00e5ler 90 x 150 cm og sikrer fremragende synlighed p\u00e5 st\u00e6nger, v\u00e6gge eller under offentlige fejringer.<\/p>\n<h3><strong>Et symbol p\u00e5 frihed og sammenhold<\/strong><\/h3>\n<p>Zimbabwes flag, som blev officielt vedtaget i 1980, har syv vandrette striber i gr\u00f8n, guld, r\u00f8d og sort. Gr\u00f8n repr\u00e6senterer landets landbrugsrigdom, guld symboliserer mineralressourcer, r\u00f8d afspejler ofrene fra dem, der k\u00e6mpede for frihed, og sort betegner arven og folket i Zimbabwe. Den hvide trekant indeholder en r\u00f8d femtakket stjerne med en Great Zimbabwe-fugl, som repr\u00e6senterer fred, frihed og landets rige kulturhistorie.<\/p>\n<h3><strong>Alsidig brug<\/strong><\/h3>\n<p>Zimbabwe-flaget er perfekt til nationale festligheder, kulturelle begivenheder, uddannelsesform\u00e5l eller som en del af en personlig samling og er en meningsfuld repr\u00e6sentation af landets stolthed og identitet. Dets robuste design og falmebestandige farver sikrer, at det forbliver levende og virkningsfuldt over tid.<\/p>","protected":false},"excerpt":{"rendered":"<p>150 x 90 cm flag med 2 robuste metalgennemf\u00f8ringer til sikker oph\u00e6ngning.<\/p>","protected":false},"featured_media":1788,"comment_status":"open","ping_status":"closed","template":"","meta":{"_gspb_post_css":"","iawp_total_views":3},"product_brand":[],"product_cat":[60,58],"product_tag":[],"class_list":{"0":"post-2496","1":"product","2":"type-product","3":"status-publish","4":"has-post-thumbnail","6":"product_cat-africa-flags","7":"product_cat-country-flags","9":"first","10":"instock","11":"sale","12":"shipping-taxable","13":"purchasable","14":"product-type-simple"},"_links":{"self":[{"href":"https:\/\/cosmoflag.com\/da\/wp-json\/wp\/v2\/product\/2496","targetHints":{"allow":["GET"]}}],"collection":[{"href":"https:\/\/cosmoflag.com\/da\/wp-json\/wp\/v2\/product"}],"about":[{"href":"https:\/\/cosmoflag.com\/da\/wp-json\/wp\/v2\/types\/product"}],"replies":[{"embeddable":true,"href":"https:\/\/cosmoflag.com\/da\/wp-json\/wp\/v2\/comments?post=2496"}],"wp:featuredmedia":[{"embeddable":true,"href":"https:\/\/cosmoflag.com\/da\/wp-json\/wp\/v2\/media\/1788"}],"wp:attachment":[{"href":"https:\/\/cosmoflag.com\/da\/wp-json\/wp\/v2\/media?parent=2496"}],"wp:term":[{"taxonomy":"product_brand","embeddable":true,"href":"https:\/\/cosmoflag.com\/da\/wp-json\/wp\/v2\/product_brand?post=2496"},{"taxonomy":"product_cat","embeddable":true,"href":"https:\/\/cosmoflag.com\/da\/wp-json\/wp\/v2\/product_cat?post=2496"},{"taxonomy":"product_tag","embeddable":true,"href":"https:\/\/cosmoflag.com\/da\/wp-json\/wp\/v2\/product_tag?post=2496"}],"curies":[{"name":"wp","href":"https:\/\/api.w.org\/{rel}","templated":true}]}}