{"id":2495,"date":"2024-12-19T14:34:00","date_gmt":"2024-12-19T12:34:00","guid":{"rendered":"https:\/\/cosmoflag.com\/?post_type=product&#038;p=2495"},"modified":"2025-08-12T21:20:37","modified_gmt":"2025-08-12T19:20:37","slug":"cookoernes-flag","status":"publish","type":"product","link":"https:\/\/cosmoflag.com\/da\/produkt-2\/cookoernes-flag\/","title":{"rendered":"Cook\u00f8ernes flag"},"content":{"rendered":"<h3><strong>Cook\u00f8ernes flagfunktioner<\/strong><\/h3>\n<p>Vores Cook Islands-flag er fremstillet af polyester i h\u00f8j kvalitet, hvilket sikrer holdbarhed til b\u00e5de indend\u00f8rs og udend\u00f8rs brug. Det har metaltyller for nem montering og sikkert hold, selv under ugunstige vejrforhold. Med en st\u00f8rrelse p\u00e5 90 x 150 cm er flaget meget synligt og kan h\u00e6nges op p\u00e5 st\u00e6nger, v\u00e6gge eller under kulturelle festligheder.<\/p>\n<h3><strong>Et symbol p\u00e5 arv og sammenhold<\/strong><\/h3>\n<p>Cook\u00f8ernes flag, som blev officielt vedtaget i 1979, kombinerer elementer af nationens kulturelle identitet og historiske b\u00e5nd. Det har et bl\u00e5t felt, der symboliserer havet, med 15 hvide stjerner arrangeret i en cirkel, som repr\u00e6senterer de 15 \u00f8er, der udg\u00f8r Cook\u00f8erne. Union Jack i \u00f8verste venstre hj\u00f8rne afspejler nationens historiske forbindelse til Storbritannien og symboliserer dens status som et selvstyrende territorium inden for Commonwealth.<\/p>\n<h3><strong>Alsidig brug<\/strong><\/h3>\n<p>Cook\u00f8ernes flag er perfekt til nationale fejringer, kulturelle begivenheder, uddannelsesm\u00e6ssige form\u00e5l eller personlige samlinger og er en meningsfuld repr\u00e6sentation af nationens historie og stolthed. Dets falmebestandige farver og robuste design sikrer, at det forbliver levende og virkningsfuldt over tid.<\/p>","protected":false},"excerpt":{"rendered":"<p>150 x 90 cm flag med 2 robuste metalgennemf\u00f8ringer til sikker oph\u00e6ngning.<\/p>","protected":false},"featured_media":1867,"comment_status":"open","ping_status":"closed","template":"","meta":{"_gspb_post_css":"","iawp_total_views":1},"product_brand":[],"product_cat":[67,58],"product_tag":[],"class_list":{"0":"post-2495","1":"product","2":"type-product","3":"status-publish","4":"has-post-thumbnail","6":"product_cat-oceania-flag","7":"product_cat-country-flags","9":"first","10":"instock","11":"sale","12":"shipping-taxable","13":"purchasable","14":"product-type-simple"},"_links":{"self":[{"href":"https:\/\/cosmoflag.com\/da\/wp-json\/wp\/v2\/product\/2495","targetHints":{"allow":["GET"]}}],"collection":[{"href":"https:\/\/cosmoflag.com\/da\/wp-json\/wp\/v2\/product"}],"about":[{"href":"https:\/\/cosmoflag.com\/da\/wp-json\/wp\/v2\/types\/product"}],"replies":[{"embeddable":true,"href":"https:\/\/cosmoflag.com\/da\/wp-json\/wp\/v2\/comments?post=2495"}],"wp:featuredmedia":[{"embeddable":true,"href":"https:\/\/cosmoflag.com\/da\/wp-json\/wp\/v2\/media\/1867"}],"wp:attachment":[{"href":"https:\/\/cosmoflag.com\/da\/wp-json\/wp\/v2\/media?parent=2495"}],"wp:term":[{"taxonomy":"product_brand","embeddable":true,"href":"https:\/\/cosmoflag.com\/da\/wp-json\/wp\/v2\/product_brand?post=2495"},{"taxonomy":"product_cat","embeddable":true,"href":"https:\/\/cosmoflag.com\/da\/wp-json\/wp\/v2\/product_cat?post=2495"},{"taxonomy":"product_tag","embeddable":true,"href":"https:\/\/cosmoflag.com\/da\/wp-json\/wp\/v2\/product_tag?post=2495"}],"curies":[{"name":"wp","href":"https:\/\/api.w.org\/{rel}","templated":true}]}}