{"id":2494,"date":"2024-12-19T14:31:00","date_gmt":"2024-12-19T12:31:00","guid":{"rendered":"https:\/\/cosmoflag.com\/?post_type=product&#038;p=2494"},"modified":"2025-08-12T21:20:37","modified_gmt":"2025-08-12T19:20:37","slug":"dykkerflag","status":"publish","type":"product","link":"https:\/\/cosmoflag.com\/da\/produkt-2\/dykkerflag\/","title":{"rendered":"Dykkerflag"},"content":{"rendered":"<h3><strong>Funktioner for dykkerflag<\/strong><\/h3>\n<p>Vores dykkerflag er fremstillet af f\u00f8rsteklasses polyester, der sikrer fremragende holdbarhed til brug i b\u00e5de indend\u00f8rs og udend\u00f8rs omgivelser. Det har metalgennemf\u00f8ringer for nem montering og sikker fastg\u00f8relse til st\u00e6nger eller b\u00e5de. Flaget m\u00e5ler 90 x 150 cm\/35 x 59 tommer og giver fremragende synlighed, selv p\u00e5 afstand, hvilket g\u00f8r det til et vigtigt sikkerhedsv\u00e6rkt\u00f8j til dykkeraktiviteter.<\/p>\n<h3><strong>Et universelt symbol p\u00e5 sikkerhed<\/strong><\/h3>\n<p>Det r\u00f8de dykkerflag med en diagonal hvid stribe er et globalt anerkendt symbol for dykker- og snorkelaktiviteter. Det signalerer tilstedev\u00e6relsen af dykkere under overfladen og advarer b\u00e5de og fart\u00f8jer i n\u00e6rheden om at holde en sikker afstand. Flaget er et vigtigt sikkerhedskrav for dykkere og sikrer en sikker og respektfuld omgang med havmilj\u00f8et.<\/p>\n<h3><strong>Alsidig brug<\/strong><\/h3>\n<p>Dykkerflaget er perfekt til dykkerb\u00e5de, private fart\u00f8jer eller uddannelsesm\u00e6ssige dykkerprogrammer og er et must-have for alle, der deltager i undervandsaktiviteter. Dets robuste design og falmebestandige farver sikrer p\u00e5lidelig ydeevne og varig synlighed under udfordrende havforhold.<\/p>","protected":false},"excerpt":{"rendered":"<p>150 x 90 cm flag med 2 robuste metalgennemf\u00f8ringer til sikker oph\u00e6ngning.<\/p>","protected":false},"featured_media":1869,"comment_status":"open","ping_status":"closed","template":"","meta":{"_gspb_post_css":"","iawp_total_views":12},"product_brand":[],"product_cat":[68],"product_tag":[],"class_list":{"0":"post-2494","1":"product","2":"type-product","3":"status-publish","4":"has-post-thumbnail","6":"product_cat-official-flags","8":"first","9":"instock","10":"sale","11":"shipping-taxable","12":"purchasable","13":"product-type-simple"},"_links":{"self":[{"href":"https:\/\/cosmoflag.com\/da\/wp-json\/wp\/v2\/product\/2494","targetHints":{"allow":["GET"]}}],"collection":[{"href":"https:\/\/cosmoflag.com\/da\/wp-json\/wp\/v2\/product"}],"about":[{"href":"https:\/\/cosmoflag.com\/da\/wp-json\/wp\/v2\/types\/product"}],"replies":[{"embeddable":true,"href":"https:\/\/cosmoflag.com\/da\/wp-json\/wp\/v2\/comments?post=2494"}],"wp:featuredmedia":[{"embeddable":true,"href":"https:\/\/cosmoflag.com\/da\/wp-json\/wp\/v2\/media\/1869"}],"wp:attachment":[{"href":"https:\/\/cosmoflag.com\/da\/wp-json\/wp\/v2\/media?parent=2494"}],"wp:term":[{"taxonomy":"product_brand","embeddable":true,"href":"https:\/\/cosmoflag.com\/da\/wp-json\/wp\/v2\/product_brand?post=2494"},{"taxonomy":"product_cat","embeddable":true,"href":"https:\/\/cosmoflag.com\/da\/wp-json\/wp\/v2\/product_cat?post=2494"},{"taxonomy":"product_tag","embeddable":true,"href":"https:\/\/cosmoflag.com\/da\/wp-json\/wp\/v2\/product_tag?post=2494"}],"curies":[{"name":"wp","href":"https:\/\/api.w.org\/{rel}","templated":true}]}}