{"id":2493,"date":"2024-12-19T14:24:00","date_gmt":"2024-12-19T12:24:00","guid":{"rendered":"https:\/\/cosmoflag.com\/?post_type=product&#038;p=2493"},"modified":"2025-08-12T21:20:38","modified_gmt":"2025-08-12T19:20:38","slug":"floridas-statsflag","status":"publish","type":"product","link":"https:\/\/cosmoflag.com\/da\/produkt-2\/floridas-statsflag\/","title":{"rendered":"Floridas statsflag"},"content":{"rendered":"<h3><strong>Florida State Flag Funktioner<\/strong><\/h3>\n<p>Vores Florida-statsflag er fremstillet af f\u00f8rsteklasses polyester, der giver fremragende holdbarhed til indend\u00f8rs og udend\u00f8rs fremvisning. Det har metaltyller for nem montering og sikkert hold, selv under ugunstige vejrforhold. Med en st\u00f8rrelse p\u00e5 90 x 150 cm sikrer dette flag fremragende synlighed p\u00e5 st\u00e6nger, v\u00e6gge eller offentlige fester.<\/p>\n<h3><strong>Et symbol p\u00e5 Floridas arv<\/strong><\/h3>\n<p>Floridas statsflag har et hvidt felt med et r\u00f8dt kors af St. Andrew og statens segl i midten. Seglet viser en seminolekvinde, en dampb\u00e5d og et frodigt naturlandskab, som symboliserer Floridas rige historie, mangfoldige kultur og rigelige naturressourcer. Dette flag blev officielt vedtaget i 1900 og er et udtryk for solskinsstatens unikke identitet og modstandskraft.<\/p>\n<h3><strong>Alsidig brug<\/strong><\/h3>\n<p>Floridas statsflag er perfekt til statsfester, kulturelle begivenheder, uddannelsesform\u00e5l eller personlige samlinger og er en meningsfuld tilf\u00f8jelse til ethvert milj\u00f8. Dets falmebestandige farver og robuste design sikrer, at det bevarer sin symbolske betydning og visuelle effekt over tid.<\/p>","protected":false},"excerpt":{"rendered":"<p>150 x 90 cm flag med 2 robuste metalgennemf\u00f8ringer til sikker oph\u00e6ngning.<\/p>","protected":false},"featured_media":1918,"comment_status":"open","ping_status":"closed","template":"","meta":{"_gspb_post_css":"","iawp_total_views":0},"product_brand":[],"product_cat":[72,70],"product_tag":[],"class_list":{"0":"post-2493","1":"product","2":"type-product","3":"status-publish","4":"has-post-thumbnail","6":"product_cat-american-state-flags","7":"product_cat-regional-flags","9":"first","10":"instock","11":"sale","12":"shipping-taxable","13":"purchasable","14":"product-type-simple"},"_links":{"self":[{"href":"https:\/\/cosmoflag.com\/da\/wp-json\/wp\/v2\/product\/2493","targetHints":{"allow":["GET"]}}],"collection":[{"href":"https:\/\/cosmoflag.com\/da\/wp-json\/wp\/v2\/product"}],"about":[{"href":"https:\/\/cosmoflag.com\/da\/wp-json\/wp\/v2\/types\/product"}],"replies":[{"embeddable":true,"href":"https:\/\/cosmoflag.com\/da\/wp-json\/wp\/v2\/comments?post=2493"}],"wp:featuredmedia":[{"embeddable":true,"href":"https:\/\/cosmoflag.com\/da\/wp-json\/wp\/v2\/media\/1918"}],"wp:attachment":[{"href":"https:\/\/cosmoflag.com\/da\/wp-json\/wp\/v2\/media?parent=2493"}],"wp:term":[{"taxonomy":"product_brand","embeddable":true,"href":"https:\/\/cosmoflag.com\/da\/wp-json\/wp\/v2\/product_brand?post=2493"},{"taxonomy":"product_cat","embeddable":true,"href":"https:\/\/cosmoflag.com\/da\/wp-json\/wp\/v2\/product_cat?post=2493"},{"taxonomy":"product_tag","embeddable":true,"href":"https:\/\/cosmoflag.com\/da\/wp-json\/wp\/v2\/product_tag?post=2493"}],"curies":[{"name":"wp","href":"https:\/\/api.w.org\/{rel}","templated":true}]}}