{"id":2491,"date":"2024-12-19T14:12:00","date_gmt":"2024-12-19T12:12:00","guid":{"rendered":"https:\/\/cosmoflag.com\/?post_type=product&#038;p=2491"},"modified":"2025-08-12T21:20:38","modified_gmt":"2025-08-12T19:20:38","slug":"franconia-flag","status":"publish","type":"product","link":"https:\/\/cosmoflag.com\/da\/produkt-2\/franconia-flag\/","title":{"rendered":"Franconia Flag"},"content":{"rendered":"<h3><strong>Franconia Flag Features<\/strong><\/h3>\n<p>Vores Franconia-flag er fremstillet af f\u00f8rsteklasses polyester, der sikrer holdbarhed og modstandsdygtighed til b\u00e5de indend\u00f8rs og udend\u00f8rs brug. Udstyret med metaltyller til nem montering garanterer det sikker udstilling selv under ugunstige vejrforhold. Flaget m\u00e5ler 90 x 150 cm og sikrer fremragende synlighed, hvilket g\u00f8r det velegnet til st\u00e6nger, v\u00e6gge eller offentlige arrangementer.<\/p>\n<h3><strong>Et symbol p\u00e5 den frankiske arv<\/strong><\/h3>\n<p>Frankens flag har to vandrette striber - r\u00f8d og hvid - med den ikoniske fr\u00e4nkische Rake (tre hvide pigge p\u00e5 en r\u00f8d baggrund) p\u00e5 en fremtr\u00e6dende plads. Den frankiske rive er et historisk emblem for regionen, der symboliserer dens identitet, enhed og dybe kulturarv. Dette flag er en stolt repr\u00e6sentation af Franken, en region i det sydlige Tyskland, der er rig p\u00e5 traditioner og historie.<\/p>\n<h3><strong>Alsidig brug<\/strong><\/h3>\n<p>Franken-flaget er perfekt til regionale fester, kulturelle begivenheder, uddannelsesudstillinger eller som en del af en personlig samling, og det er en meningsfuld repr\u00e6sentation af frankisk identitet og stolthed. Dets falmebestandige farver og robuste design sikrer, at det forbliver levende og virkningsfuldt over tid.<\/p>","protected":false},"excerpt":{"rendered":"<p>150 x 90 cm flag med 2 robuste metalgennemf\u00f8ringer til sikker oph\u00e6ngning.<\/p>","protected":false},"featured_media":1932,"comment_status":"open","ping_status":"closed","template":"","meta":{"_gspb_post_css":"","iawp_total_views":3},"product_brand":[],"product_cat":[77,70],"product_tag":[],"class_list":{"0":"post-2491","1":"product","2":"type-product","3":"status-publish","4":"has-post-thumbnail","6":"product_cat-german-state-flags","7":"product_cat-regional-flags","9":"first","10":"instock","11":"sale","12":"shipping-taxable","13":"purchasable","14":"product-type-simple"},"_links":{"self":[{"href":"https:\/\/cosmoflag.com\/da\/wp-json\/wp\/v2\/product\/2491","targetHints":{"allow":["GET"]}}],"collection":[{"href":"https:\/\/cosmoflag.com\/da\/wp-json\/wp\/v2\/product"}],"about":[{"href":"https:\/\/cosmoflag.com\/da\/wp-json\/wp\/v2\/types\/product"}],"replies":[{"embeddable":true,"href":"https:\/\/cosmoflag.com\/da\/wp-json\/wp\/v2\/comments?post=2491"}],"wp:featuredmedia":[{"embeddable":true,"href":"https:\/\/cosmoflag.com\/da\/wp-json\/wp\/v2\/media\/1932"}],"wp:attachment":[{"href":"https:\/\/cosmoflag.com\/da\/wp-json\/wp\/v2\/media?parent=2491"}],"wp:term":[{"taxonomy":"product_brand","embeddable":true,"href":"https:\/\/cosmoflag.com\/da\/wp-json\/wp\/v2\/product_brand?post=2491"},{"taxonomy":"product_cat","embeddable":true,"href":"https:\/\/cosmoflag.com\/da\/wp-json\/wp\/v2\/product_cat?post=2491"},{"taxonomy":"product_tag","embeddable":true,"href":"https:\/\/cosmoflag.com\/da\/wp-json\/wp\/v2\/product_tag?post=2491"}],"curies":[{"name":"wp","href":"https:\/\/api.w.org\/{rel}","templated":true}]}}