{"id":2489,"date":"2024-12-19T14:09:00","date_gmt":"2024-12-19T12:09:00","guid":{"rendered":"https:\/\/cosmoflag.com\/?post_type=product&#038;p=2489"},"modified":"2025-08-12T21:20:38","modified_gmt":"2025-08-12T19:20:38","slug":"gabons-flag","status":"publish","type":"product","link":"https:\/\/cosmoflag.com\/da\/produkt-2\/gabons-flag\/","title":{"rendered":"Gabons flag"},"content":{"rendered":"<h3><strong>Gabons flagfunktioner<\/strong><\/h3>\n<p>Vores Gabon-flag er fremstillet af polyester i h\u00f8j kvalitet, hvilket sikrer holdbarhed til b\u00e5de indend\u00f8rs og udend\u00f8rs brug. Det har metaltyller for nem montering og sikkert hold, selv under udfordrende vejrforhold. Med en st\u00f8rrelse p\u00e5 90 x 150 cm er flaget meget synligt, uanset om det h\u00e6nges op p\u00e5 st\u00e6nger, v\u00e6gge eller ved nationale begivenheder.<\/p>\n<h3><strong>Et symbol p\u00e5 enhed og natur<\/strong><\/h3>\n<p>Gabons flag, som blev officielt vedtaget i 1960, har tre vandrette striber i gr\u00f8n, gul og bl\u00e5. Den gr\u00f8nne farve symboliserer Gabons frodige skove og naturressourcer, den gule repr\u00e6senterer solen og \u00e6kvator, mens den bl\u00e5 symboliserer Atlanterhavet. Tilsammen fremh\u00e6ver disse farver Gabons forbindelse til sit milj\u00f8 og dets fredelige ambitioner.<\/p>\n<h3><strong>Alsidig brug<\/strong><\/h3>\n<p>Det gabonesiske flag er perfekt til nationale festligheder, kulturelle begivenheder, uddannelsesudstillinger eller personlige samlinger og er en meningsfuld repr\u00e6sentation af landets identitet og arv. Dets robuste design og falmebestandige farver sikrer, at det forbliver visuelt effektfuldt over tid.<\/p>","protected":false},"excerpt":{"rendered":"<p>150 x 90 cm flag med 2 robuste metalgennemf\u00f8ringer til sikker oph\u00e6ngning.<\/p>","protected":false},"featured_media":1934,"comment_status":"open","ping_status":"closed","template":"","meta":{"_gspb_post_css":"","iawp_total_views":9},"product_brand":[],"product_cat":[60,58],"product_tag":[],"class_list":{"0":"post-2489","1":"product","2":"type-product","3":"status-publish","4":"has-post-thumbnail","6":"product_cat-africa-flags","7":"product_cat-country-flags","9":"first","10":"instock","11":"sale","12":"shipping-taxable","13":"purchasable","14":"product-type-simple"},"_links":{"self":[{"href":"https:\/\/cosmoflag.com\/da\/wp-json\/wp\/v2\/product\/2489","targetHints":{"allow":["GET"]}}],"collection":[{"href":"https:\/\/cosmoflag.com\/da\/wp-json\/wp\/v2\/product"}],"about":[{"href":"https:\/\/cosmoflag.com\/da\/wp-json\/wp\/v2\/types\/product"}],"replies":[{"embeddable":true,"href":"https:\/\/cosmoflag.com\/da\/wp-json\/wp\/v2\/comments?post=2489"}],"wp:featuredmedia":[{"embeddable":true,"href":"https:\/\/cosmoflag.com\/da\/wp-json\/wp\/v2\/media\/1934"}],"wp:attachment":[{"href":"https:\/\/cosmoflag.com\/da\/wp-json\/wp\/v2\/media?parent=2489"}],"wp:term":[{"taxonomy":"product_brand","embeddable":true,"href":"https:\/\/cosmoflag.com\/da\/wp-json\/wp\/v2\/product_brand?post=2489"},{"taxonomy":"product_cat","embeddable":true,"href":"https:\/\/cosmoflag.com\/da\/wp-json\/wp\/v2\/product_cat?post=2489"},{"taxonomy":"product_tag","embeddable":true,"href":"https:\/\/cosmoflag.com\/da\/wp-json\/wp\/v2\/product_tag?post=2489"}],"curies":[{"name":"wp","href":"https:\/\/api.w.org\/{rel}","templated":true}]}}